{"id":1622,"date":"2025-06-28T11:47:57","date_gmt":"2025-06-28T09:47:57","guid":{"rendered":"https:\/\/uj.adatbank.ro\/lexikon\/termek\/adorjani-peter\/"},"modified":"2025-06-28T11:47:57","modified_gmt":"2025-06-28T09:47:57","slug":"adorjani-peter","status":"publish","type":"product","link":"https:\/\/uj.adatbank.ro\/lexikon\/termek\/adorjani-peter\/","title":{"rendered":"ADORJ\u00c1NI P\u00e9ter"},"content":{"rendered":"<p>Geges, 1918. okt. 20., \u2020\u00a0Sokol\u00f3wka, 1944. aug. 24.: \u0151rvezet\u0151. \u2013 Anyja: Szab\u00f3 R\u00f3za. \u2013 Baleseti fejl\u0151v\u00e9s okozta hal\u00e1l\u00e1t. <br \/><strong>Irod.:<\/strong> Berekm\u00e9ri 2015<\/br><\/p>\n","protected":false},"excerpt":{"rendered":"<p>Geges, 1918. okt. 20., \u2020\u00a0Sokol\u00f3wka, 1944. aug. 24.: \u0151rvezet\u0151. \u2013 Anyja: Szab\u00f3 R\u00f3za. \u2013 Baleseti fejl\u0151v\u00e9s okozta hal\u00e1l\u00e1t. Irod.: Berekm\u00e9ri 2015<\/p>\n","protected":false},"featured_media":0,"comment_status":"open","ping_status":"closed","template":"","meta":[],"product_brand":[],"product_cat":[137],"product_tag":[],"class_list":{"0":"post-1622","1":"product","2":"type-product","3":"status-publish","5":"product_cat-maros-megyei-eletrajzi-lexikon","7":"first","8":"instock","9":"shipping-taxable","10":"product-type-simple"},"_links":{"self":[{"href":"https:\/\/uj.adatbank.ro\/lexikon\/wp-json\/wp\/v2\/product\/1622","targetHints":{"allow":["GET"]}}],"collection":[{"href":"https:\/\/uj.adatbank.ro\/lexikon\/wp-json\/wp\/v2\/product"}],"about":[{"href":"https:\/\/uj.adatbank.ro\/lexikon\/wp-json\/wp\/v2\/types\/product"}],"replies":[{"embeddable":true,"href":"https:\/\/uj.adatbank.ro\/lexikon\/wp-json\/wp\/v2\/comments?post=1622"}],"wp:attachment":[{"href":"https:\/\/uj.adatbank.ro\/lexikon\/wp-json\/wp\/v2\/media?parent=1622"}],"wp:term":[{"taxonomy":"product_brand","embeddable":true,"href":"https:\/\/uj.adatbank.ro\/lexikon\/wp-json\/wp\/v2\/product_brand?post=1622"},{"taxonomy":"product_cat","embeddable":true,"href":"https:\/\/uj.adatbank.ro\/lexikon\/wp-json\/wp\/v2\/product_cat?post=1622"},{"taxonomy":"product_tag","embeddable":true,"href":"https:\/\/uj.adatbank.ro\/lexikon\/wp-json\/wp\/v2\/product_tag?post=1622"}],"curies":[{"name":"wp","href":"https:\/\/api.w.org\/{rel}","templated":true}]}}