{"id":1623,"date":"2025-06-28T11:47:59","date_gmt":"2025-06-28T09:47:59","guid":{"rendered":"https:\/\/uj.adatbank.ro\/lexikon\/termek\/adorjani-zoltan\/"},"modified":"2025-06-28T11:47:59","modified_gmt":"2025-06-28T09:47:59","slug":"adorjani-zoltan","status":"publish","type":"product","link":"https:\/\/uj.adatbank.ro\/lexikon\/termek\/adorjani-zoltan\/","title":{"rendered":"ADORJ\u00c1NI Zolt\u00e1n"},"content":{"rendered":"<p>? \u2020\u00a0? : tan\u00edt\u00f3. \u2013 Lukafalv\u00e1n tan\u00edtott (1931\u201347) Az egyh\u00e1zk\u00f6zs\u00e9g jegyz\u0151je (1931\u201348). N\u00e9pk\u00f6lt\u00e9szeti gy\u0171jt\u0151munk\u00e1t folytatott a Ny\u00e1r\u00e1dment\u00e9n. Kakassy M\u00e1rtonnal ketten foglalkoztak a \u00bbMurokorsz\u00e1g\u00a0\u00ab folkl\u00f3rj\u00e1val. Gy\u0171jtem\u00e9ny\u00e9ben vannak olyan rigmusok amelyek a n\u00e9pk\u00f6lt\u00e9szet \u00e9s a di\u00e1k k\u00f6lt\u00e9szet kevered\u00e9s\u00e9nek eml\u00e9kei. Gy\u0171jt\u00e9s\u00e9nek egyr\u00e9sze megjelent \u00c9nekes n\u00e9pi gyermekj\u00e1t\u00e9kok a Ny\u00e1r\u00e1dment\u00e9r\u0151l (M\u0171vel\u0151d\u00e9s, 1972. m\u00e1j.). N\u00e9pk\u00f6lt\u00e9si gy\u0171jt\u00e9s\u00e9t k\u00f6zz\u00e9tette Nagy \u00d6d\u00f6n: Adatok t\u00e9li n\u00e9phagyom\u00e1nyaink ismertet\u00e9s\u00e9hez (Kv., 1939). <br \/><strong>Irod.:<\/strong> Benk\u0151 Samu; Internet Lukailencfalva<\/br><\/p>\n","protected":false},"excerpt":{"rendered":"<p>? \u2020\u00a0? : tan\u00edt\u00f3. \u2013 Lukafalv\u00e1n tan\u00edtott (1931\u201347) Az egyh\u00e1zk\u00f6zs\u00e9g jegyz\u0151je (1931\u201348). N\u00e9pk\u00f6lt\u00e9szeti gy\u0171jt\u0151munk\u00e1t folytatott a Ny\u00e1r\u00e1dment\u00e9n. Kakassy M\u00e1rtonnal ketten foglalkoztak a \u00bbMurokorsz\u00e1g\u00a0\u00ab folkl\u00f3rj\u00e1val. Gy\u0171jtem\u00e9ny\u00e9ben vannak olyan rigmusok amelyek a n\u00e9pk\u00f6lt\u00e9szet \u00e9s a di\u00e1k k\u00f6lt\u00e9szet kevered\u00e9s\u00e9nek eml\u00e9kei. Gy\u0171jt\u00e9s\u00e9nek egyr\u00e9sze megjelent \u00c9nekes n\u00e9pi gyermekj\u00e1t\u00e9kok a Ny\u00e1r\u00e1dment\u00e9r\u0151l (M\u0171vel\u0151d\u00e9s, 1972. m\u00e1j.). N\u00e9pk\u00f6lt\u00e9si gy\u0171jt\u00e9s\u00e9t k\u00f6zz\u00e9tette Nagy \u00d6d\u00f6n: Adatok t\u00e9li [&hellip;]<\/p>\n","protected":false},"featured_media":0,"comment_status":"open","ping_status":"closed","template":"","meta":[],"product_brand":[],"product_cat":[137],"product_tag":[],"class_list":{"0":"post-1623","1":"product","2":"type-product","3":"status-publish","5":"product_cat-maros-megyei-eletrajzi-lexikon","7":"first","8":"instock","9":"shipping-taxable","10":"product-type-simple"},"_links":{"self":[{"href":"https:\/\/uj.adatbank.ro\/lexikon\/wp-json\/wp\/v2\/product\/1623","targetHints":{"allow":["GET"]}}],"collection":[{"href":"https:\/\/uj.adatbank.ro\/lexikon\/wp-json\/wp\/v2\/product"}],"about":[{"href":"https:\/\/uj.adatbank.ro\/lexikon\/wp-json\/wp\/v2\/types\/product"}],"replies":[{"embeddable":true,"href":"https:\/\/uj.adatbank.ro\/lexikon\/wp-json\/wp\/v2\/comments?post=1623"}],"wp:attachment":[{"href":"https:\/\/uj.adatbank.ro\/lexikon\/wp-json\/wp\/v2\/media?parent=1623"}],"wp:term":[{"taxonomy":"product_brand","embeddable":true,"href":"https:\/\/uj.adatbank.ro\/lexikon\/wp-json\/wp\/v2\/product_brand?post=1623"},{"taxonomy":"product_cat","embeddable":true,"href":"https:\/\/uj.adatbank.ro\/lexikon\/wp-json\/wp\/v2\/product_cat?post=1623"},{"taxonomy":"product_tag","embeddable":true,"href":"https:\/\/uj.adatbank.ro\/lexikon\/wp-json\/wp\/v2\/product_tag?post=1623"}],"curies":[{"name":"wp","href":"https:\/\/api.w.org\/{rel}","templated":true}]}}