{"id":1624,"date":"2025-06-28T11:48:00","date_gmt":"2025-06-28T09:48:00","guid":{"rendered":"https:\/\/uj.adatbank.ro\/lexikon\/termek\/adorjani-zoltan-2\/"},"modified":"2025-06-28T11:48:00","modified_gmt":"2025-06-28T09:48:00","slug":"adorjani-zoltan-2","status":"publish","type":"product","link":"https:\/\/uj.adatbank.ro\/lexikon\/termek\/adorjani-zoltan-2\/","title":{"rendered":"ADORJ\u00c1NI Zolt\u00e1n"},"content":{"rendered":"<p>Ilencfalva, 1936. okt. 3., \u2020 Mez\u0151panit, 2003. febr. 5.: matematikatan\u00e1r. \u2013 Elemi iskol\u00e1t a sz\u00fcl\u0151faluj\u00e1ban, a k\u00f6z\u00e9piskol\u00e1t a mv.-i Ranghe\u0163 L\u00edc.-ban (ma Bolyai L\u00edc.) v\u00e9gezte (1954). Kv.-i F\u0151iskol\u00e1n matematika karon v\u00e9gzett (1963). Sz\u00e9kesen matematik\u00e1t tan\u00edtott (1954\u201361); majd Mez\u0151panitban (1963\u2013), az iskola igazgat\u00f3ja volt (1980\u20132000). <br \/><strong>Irod.:<\/strong> [Nekrol\u00f3g] (N\u00fa., 2003. febr. 7.); Nemes S\u00e1ndor: A sz\u00e9kesi iskola 1948\u20131976 k\u00f6z\u00f6tt = Eml\u00e9kk. Szab\u00f3 Mikl\u00f3s; Sk\u00f3la<\/br><\/p>\n","protected":false},"excerpt":{"rendered":"<p>Ilencfalva, 1936. okt. 3., \u2020 Mez\u0151panit, 2003. febr. 5.: matematikatan\u00e1r. \u2013 Elemi iskol\u00e1t a sz\u00fcl\u0151faluj\u00e1ban, a k\u00f6z\u00e9piskol\u00e1t a mv.-i Ranghe\u0163 L\u00edc.-ban (ma Bolyai L\u00edc.) v\u00e9gezte (1954). Kv.-i F\u0151iskol\u00e1n matematika karon v\u00e9gzett (1963). Sz\u00e9kesen matematik\u00e1t tan\u00edtott (1954\u201361); majd Mez\u0151panitban (1963\u2013), az iskola igazgat\u00f3ja volt (1980\u20132000). Irod.: [Nekrol\u00f3g] (N\u00fa., 2003. febr. 7.); Nemes S\u00e1ndor: A sz\u00e9kesi iskola [&hellip;]<\/p>\n","protected":false},"featured_media":0,"comment_status":"open","ping_status":"closed","template":"","meta":[],"product_brand":[],"product_cat":[137],"product_tag":[],"class_list":{"0":"post-1624","1":"product","2":"type-product","3":"status-publish","5":"product_cat-maros-megyei-eletrajzi-lexikon","7":"first","8":"instock","9":"shipping-taxable","10":"product-type-simple"},"_links":{"self":[{"href":"https:\/\/uj.adatbank.ro\/lexikon\/wp-json\/wp\/v2\/product\/1624","targetHints":{"allow":["GET"]}}],"collection":[{"href":"https:\/\/uj.adatbank.ro\/lexikon\/wp-json\/wp\/v2\/product"}],"about":[{"href":"https:\/\/uj.adatbank.ro\/lexikon\/wp-json\/wp\/v2\/types\/product"}],"replies":[{"embeddable":true,"href":"https:\/\/uj.adatbank.ro\/lexikon\/wp-json\/wp\/v2\/comments?post=1624"}],"wp:attachment":[{"href":"https:\/\/uj.adatbank.ro\/lexikon\/wp-json\/wp\/v2\/media?parent=1624"}],"wp:term":[{"taxonomy":"product_brand","embeddable":true,"href":"https:\/\/uj.adatbank.ro\/lexikon\/wp-json\/wp\/v2\/product_brand?post=1624"},{"taxonomy":"product_cat","embeddable":true,"href":"https:\/\/uj.adatbank.ro\/lexikon\/wp-json\/wp\/v2\/product_cat?post=1624"},{"taxonomy":"product_tag","embeddable":true,"href":"https:\/\/uj.adatbank.ro\/lexikon\/wp-json\/wp\/v2\/product_tag?post=1624"}],"curies":[{"name":"wp","href":"https:\/\/api.w.org\/{rel}","templated":true}]}}