{"id":1625,"date":"2025-06-28T11:48:01","date_gmt":"2025-06-28T09:48:01","guid":{"rendered":"https:\/\/uj.adatbank.ro\/lexikon\/termek\/adorjani-zoltan-k-kisadorjani\/"},"modified":"2025-06-28T11:48:01","modified_gmt":"2025-06-28T09:48:01","slug":"adorjani-zoltan-k-kisadorjani","status":"publish","type":"product","link":"https:\/\/uj.adatbank.ro\/lexikon\/termek\/adorjani-zoltan-k-kisadorjani\/","title":{"rendered":"ADORJ\u00c1NI Zolt\u00e1n, K., kisadorj\u00e1ni"},"content":{"rendered":"<p>H\u00e9jjasfalva, 1880. okt. 10., \u2020 \u00c1kosfalva, 1933. j\u00fal. 28.: tan\u00edt\u00f3, \u00edr\u00f3, k\u00f6lt\u0151, n\u00e9pm\u0171vel\u0151, szerk. \u2013 K\u00f6z\u00e9piskol\u00e1it Segesv\u00e1ron, a tan\u00edt\u00f3k\u00e9pz\u0151t Sz\u00e9kelykereszt\u00faron, Nagyenyeden v\u00e9gezte. \u2013 Disznaj\u00f3n (1900\u20131901), Somosdon (1902\u201317) \u00e9s \u00c1kosfalv\u00e1n ref. k\u00e1ntortan\u00edt\u00f3 (1917\u201333), igazgat\u00f3 (1923\u201324). 16 \u00e9vi pedag\u00f3giai tev\u00e9kenys\u00e9ggel ker\u00fclt \u00c1kosfalv\u00e1ra, ahol hal\u00e1l\u00e1ig tan\u00edtott. \u00c1kosfalv\u00e1n tejsz\u00f6vetkezetet, fogyaszt\u00e1si \u2013 \u00e9s \u00e9rt\u00e9kes\u00edt\u00e9si sz\u00f6vetkezetet l\u00e9tes\u00edtett (1931. okt. 20.), amelynek k\u00f6nyvel\u0151je is volt. T\u00f6k\u00e9letesen besz\u00e9lte a rom\u00e1n \u00e9s a n\u00e9met nyelvet, sokat tett a falu kultur\u00e1lis felemel\u00e9s\u00e9\u00e9rt. \u00c1kosfalv\u00e1n szerk.-tette a Tan\u00fcgyi Szeml\u00e9t (1923\u201324), az erd\u00e9lyi ref. tan\u00edt\u00f3k lapj\u00e1t. Cikkei, novell\u00e1i, versei a Sz\u00e9kely Vil\u00e1g, Sz\u00e9kelyf\u00f6ld, Erd\u00e9lyi Bar\u00e1zda c. erd\u00e9lyi lapokban jelentek meg. \u2013 <strong>F. m.:<\/strong> Az els\u0151 l\u00e9p\u00e9s (versek; Mv., 1909); Temet\u00e9si \u00e9nekek (Mv., 1914; 1923). <br \/><strong>Irod.:<\/strong> \u00c1kosfalva; Buzog\u00e1ny \u00c1rp\u00e1d P.: \u00c9vfordul\u00f3ink (\u00d6r\u00f6ks\u00e9g\u00fcnk, 3. sz., 2008); MIL; Popt\u0103ma\u015f\u2013M\u00f3zes; RMIL; R\u00daL; Sz\u00e9kelyf\u00f6ld \u00ed. k.; \u00daMIL<\/br><\/p>\n","protected":false},"excerpt":{"rendered":"<p>H\u00e9jjasfalva, 1880. okt. 10., \u2020 \u00c1kosfalva, 1933. j\u00fal. 28.: tan\u00edt\u00f3, \u00edr\u00f3, k\u00f6lt\u0151, n\u00e9pm\u0171vel\u0151, szerk. \u2013 K\u00f6z\u00e9piskol\u00e1it Segesv\u00e1ron, a tan\u00edt\u00f3k\u00e9pz\u0151t Sz\u00e9kelykereszt\u00faron, Nagyenyeden v\u00e9gezte. \u2013 Disznaj\u00f3n (1900\u20131901), Somosdon (1902\u201317) \u00e9s \u00c1kosfalv\u00e1n ref. k\u00e1ntortan\u00edt\u00f3 (1917\u201333), igazgat\u00f3 (1923\u201324). 16 \u00e9vi pedag\u00f3giai tev\u00e9kenys\u00e9ggel ker\u00fclt \u00c1kosfalv\u00e1ra, ahol hal\u00e1l\u00e1ig tan\u00edtott. \u00c1kosfalv\u00e1n tejsz\u00f6vetkezetet, fogyaszt\u00e1si \u2013 \u00e9s \u00e9rt\u00e9kes\u00edt\u00e9si sz\u00f6vetkezetet l\u00e9tes\u00edtett (1931. okt. 20.), amelynek [&hellip;]<\/p>\n","protected":false},"featured_media":0,"comment_status":"open","ping_status":"closed","template":"","meta":[],"product_brand":[],"product_cat":[137],"product_tag":[],"class_list":{"0":"post-1625","1":"product","2":"type-product","3":"status-publish","5":"product_cat-maros-megyei-eletrajzi-lexikon","7":"first","8":"instock","9":"shipping-taxable","10":"product-type-simple"},"_links":{"self":[{"href":"https:\/\/uj.adatbank.ro\/lexikon\/wp-json\/wp\/v2\/product\/1625","targetHints":{"allow":["GET"]}}],"collection":[{"href":"https:\/\/uj.adatbank.ro\/lexikon\/wp-json\/wp\/v2\/product"}],"about":[{"href":"https:\/\/uj.adatbank.ro\/lexikon\/wp-json\/wp\/v2\/types\/product"}],"replies":[{"embeddable":true,"href":"https:\/\/uj.adatbank.ro\/lexikon\/wp-json\/wp\/v2\/comments?post=1625"}],"wp:attachment":[{"href":"https:\/\/uj.adatbank.ro\/lexikon\/wp-json\/wp\/v2\/media?parent=1625"}],"wp:term":[{"taxonomy":"product_brand","embeddable":true,"href":"https:\/\/uj.adatbank.ro\/lexikon\/wp-json\/wp\/v2\/product_brand?post=1625"},{"taxonomy":"product_cat","embeddable":true,"href":"https:\/\/uj.adatbank.ro\/lexikon\/wp-json\/wp\/v2\/product_cat?post=1625"},{"taxonomy":"product_tag","embeddable":true,"href":"https:\/\/uj.adatbank.ro\/lexikon\/wp-json\/wp\/v2\/product_tag?post=1625"}],"curies":[{"name":"wp","href":"https:\/\/api.w.org\/{rel}","templated":true}]}}