{"id":1627,"date":"2025-06-28T11:48:05","date_gmt":"2025-06-28T09:48:05","guid":{"rendered":"https:\/\/uj.adatbank.ro\/lexikon\/termek\/adrian-lorinc\/"},"modified":"2025-06-28T11:48:05","modified_gmt":"2025-06-28T09:48:05","slug":"adrian-lorinc","status":"publish","type":"product","link":"https:\/\/uj.adatbank.ro\/lexikon\/termek\/adrian-lorinc\/","title":{"rendered":"ADRI\u00c1N L\u0151rinc"},"content":{"rendered":"<p>? \u2020\u00a0? : r. k. pap, orvos. \u2013 Dobokai esperes, J\u00e1nos kir\u00e1ly f\u0151orvosa. Eln\u00f6k\u00f6lt a vall\u00e1si visz\u00e1lyban tartott segesv\u00e1ri gy\u0171l\u00e9sen (1538) \u00e9s m\u00e9rs\u00e9kletet mutatott. Az 1543-i erd\u00e9lyi ogy.-en, ahol Martinuzzi az ev.-ok el\u00e9get\u00e9s\u00e9r\u0151l sz\u00f3l\u00f3 t\u00f6rv\u00e9ny \u00e9letbel\u00e9ptet\u00e9s\u00e9t s\u00fcrgette, t\u00e1rsaival ellen\u00e1llt. <br \/><strong>Irod.:<\/strong> Ker\u00e9kgy\u00e1rt\u00f3<\/br><\/p>\n","protected":false},"excerpt":{"rendered":"<p>? \u2020\u00a0? : r. k. pap, orvos. \u2013 Dobokai esperes, J\u00e1nos kir\u00e1ly f\u0151orvosa. Eln\u00f6k\u00f6lt a vall\u00e1si visz\u00e1lyban tartott segesv\u00e1ri gy\u0171l\u00e9sen (1538) \u00e9s m\u00e9rs\u00e9kletet mutatott. Az 1543-i erd\u00e9lyi ogy.-en, ahol Martinuzzi az ev.-ok el\u00e9get\u00e9s\u00e9r\u0151l sz\u00f3l\u00f3 t\u00f6rv\u00e9ny \u00e9letbel\u00e9ptet\u00e9s\u00e9t s\u00fcrgette, t\u00e1rsaival ellen\u00e1llt. Irod.: Ker\u00e9kgy\u00e1rt\u00f3<\/p>\n","protected":false},"featured_media":0,"comment_status":"open","ping_status":"closed","template":"","meta":[],"product_brand":[],"product_cat":[137],"product_tag":[],"class_list":{"0":"post-1627","1":"product","2":"type-product","3":"status-publish","5":"product_cat-maros-megyei-eletrajzi-lexikon","7":"first","8":"instock","9":"shipping-taxable","10":"product-type-simple"},"_links":{"self":[{"href":"https:\/\/uj.adatbank.ro\/lexikon\/wp-json\/wp\/v2\/product\/1627","targetHints":{"allow":["GET"]}}],"collection":[{"href":"https:\/\/uj.adatbank.ro\/lexikon\/wp-json\/wp\/v2\/product"}],"about":[{"href":"https:\/\/uj.adatbank.ro\/lexikon\/wp-json\/wp\/v2\/types\/product"}],"replies":[{"embeddable":true,"href":"https:\/\/uj.adatbank.ro\/lexikon\/wp-json\/wp\/v2\/comments?post=1627"}],"wp:attachment":[{"href":"https:\/\/uj.adatbank.ro\/lexikon\/wp-json\/wp\/v2\/media?parent=1627"}],"wp:term":[{"taxonomy":"product_brand","embeddable":true,"href":"https:\/\/uj.adatbank.ro\/lexikon\/wp-json\/wp\/v2\/product_brand?post=1627"},{"taxonomy":"product_cat","embeddable":true,"href":"https:\/\/uj.adatbank.ro\/lexikon\/wp-json\/wp\/v2\/product_cat?post=1627"},{"taxonomy":"product_tag","embeddable":true,"href":"https:\/\/uj.adatbank.ro\/lexikon\/wp-json\/wp\/v2\/product_tag?post=1627"}],"curies":[{"name":"wp","href":"https:\/\/api.w.org\/{rel}","templated":true}]}}