{"id":16273,"date":"2025-07-15T16:10:58","date_gmt":"2025-07-15T14:10:58","guid":{"rendered":"https:\/\/uj.adatbank.ro\/lexikon\/termek\/nagy-janos-19\/"},"modified":"2025-07-15T16:10:58","modified_gmt":"2025-07-15T14:10:58","slug":"nagy-janos-19","status":"publish","type":"product","link":"https:\/\/uj.adatbank.ro\/lexikon\/termek\/nagy-janos-19\/","title":{"rendered":"NAGY J\u00e1nos"},"content":{"rendered":"<p>1895., \u2020 ? 1924.: unit. lelk\u00e9sz. \u2013 Ny\u00e1r\u00e1dszentl\u00e1szl\u00f3n szolg\u00e1lt. Az I. vh. idej\u00e9n sikeresen mentette meg a templom harangj\u00e1t, ami m\u00e9g a templom katolikus kor\u00e1b\u00f3l sz\u00e1rmazik (1498). <br \/><strong>Irod.:<\/strong> Veress Elza-Em\u0151ke: \u00d6tsz\u00e1z \u00e9ves a ny\u00e1r\u00e1dszentl\u00e1szl\u00f3i nagyharang (N\u00fa., 1998. j\u00fal. 23.)<\/br><\/p>\n","protected":false},"excerpt":{"rendered":"<p>1895., \u2020 ? 1924.: unit. lelk\u00e9sz. \u2013 Ny\u00e1r\u00e1dszentl\u00e1szl\u00f3n szolg\u00e1lt. Az I. vh. idej\u00e9n sikeresen mentette meg a templom harangj\u00e1t, ami m\u00e9g a templom katolikus kor\u00e1b\u00f3l sz\u00e1rmazik (1498). Irod.: Veress Elza-Em\u0151ke: \u00d6tsz\u00e1z \u00e9ves a ny\u00e1r\u00e1dszentl\u00e1szl\u00f3i nagyharang (N\u00fa., 1998. j\u00fal. 23.)<\/p>\n","protected":false},"featured_media":0,"comment_status":"open","ping_status":"closed","template":"","meta":[],"product_brand":[],"product_cat":[137],"product_tag":[],"class_list":{"0":"post-16273","1":"product","2":"type-product","3":"status-publish","5":"product_cat-maros-megyei-eletrajzi-lexikon","7":"first","8":"instock","9":"shipping-taxable","10":"product-type-simple"},"_links":{"self":[{"href":"https:\/\/uj.adatbank.ro\/lexikon\/wp-json\/wp\/v2\/product\/16273","targetHints":{"allow":["GET"]}}],"collection":[{"href":"https:\/\/uj.adatbank.ro\/lexikon\/wp-json\/wp\/v2\/product"}],"about":[{"href":"https:\/\/uj.adatbank.ro\/lexikon\/wp-json\/wp\/v2\/types\/product"}],"replies":[{"embeddable":true,"href":"https:\/\/uj.adatbank.ro\/lexikon\/wp-json\/wp\/v2\/comments?post=16273"}],"wp:attachment":[{"href":"https:\/\/uj.adatbank.ro\/lexikon\/wp-json\/wp\/v2\/media?parent=16273"}],"wp:term":[{"taxonomy":"product_brand","embeddable":true,"href":"https:\/\/uj.adatbank.ro\/lexikon\/wp-json\/wp\/v2\/product_brand?post=16273"},{"taxonomy":"product_cat","embeddable":true,"href":"https:\/\/uj.adatbank.ro\/lexikon\/wp-json\/wp\/v2\/product_cat?post=16273"},{"taxonomy":"product_tag","embeddable":true,"href":"https:\/\/uj.adatbank.ro\/lexikon\/wp-json\/wp\/v2\/product_tag?post=16273"}],"curies":[{"name":"wp","href":"https:\/\/api.w.org\/{rel}","templated":true}]}}