{"id":16274,"date":"2025-07-15T16:11:00","date_gmt":"2025-07-15T14:11:00","guid":{"rendered":"https:\/\/uj.adatbank.ro\/lexikon\/termek\/nagy-janos-20\/"},"modified":"2025-07-15T16:11:00","modified_gmt":"2025-07-15T14:11:00","slug":"nagy-janos-20","status":"publish","type":"product","link":"https:\/\/uj.adatbank.ro\/lexikon\/termek\/nagy-janos-20\/","title":{"rendered":"NAGY J\u00e1nos"},"content":{"rendered":"<p>Maross\u00e1rpatak, 1895., \u2020 ?: keresked\u0151, gazd\u00e1lkod\u00f3. \u2013 Iskol\u00e1i elv\u00e9gz\u00e9se ut\u00e1n gazd\u00e1lkod\u00e1st tanult, majd keresked\u0151 lett Maross\u00e1rpatakon a Hangya \u00fczletvezet\u0151je (1920\u2013). Az els\u0151 vh.-ban a 62. k. gy. ezredben az olasz \u00e9s az orosz fronton harcolt, a bronz v. \u00e9. \u00e9s a K\u00e1roly Csapatkereszt kit\u00fcntetettje volt. A Hangy\u00e1nak megalap\u00edt\u00e1sa \u00f3ta tagja, a Hitelsz\u00f6vetkezet \u00e9s a Tejsz\u00f6vetkezet tagja volt. <br \/><strong>Irod.:<\/strong> Sz\u00e9kelyf\u00f6ld \u00ed.k.<\/br><\/p>\n","protected":false},"excerpt":{"rendered":"<p>Maross\u00e1rpatak, 1895., \u2020 ?: keresked\u0151, gazd\u00e1lkod\u00f3. \u2013 Iskol\u00e1i elv\u00e9gz\u00e9se ut\u00e1n gazd\u00e1lkod\u00e1st tanult, majd keresked\u0151 lett Maross\u00e1rpatakon a Hangya \u00fczletvezet\u0151je (1920\u2013). Az els\u0151 vh.-ban a 62. k. gy. ezredben az olasz \u00e9s az orosz fronton harcolt, a bronz v. \u00e9. \u00e9s a K\u00e1roly Csapatkereszt kit\u00fcntetettje volt. A Hangy\u00e1nak megalap\u00edt\u00e1sa \u00f3ta tagja, a Hitelsz\u00f6vetkezet \u00e9s a Tejsz\u00f6vetkezet [&hellip;]<\/p>\n","protected":false},"featured_media":0,"comment_status":"open","ping_status":"closed","template":"","meta":[],"product_brand":[],"product_cat":[137],"product_tag":[],"class_list":{"0":"post-16274","1":"product","2":"type-product","3":"status-publish","5":"product_cat-maros-megyei-eletrajzi-lexikon","7":"first","8":"instock","9":"shipping-taxable","10":"product-type-simple"},"_links":{"self":[{"href":"https:\/\/uj.adatbank.ro\/lexikon\/wp-json\/wp\/v2\/product\/16274","targetHints":{"allow":["GET"]}}],"collection":[{"href":"https:\/\/uj.adatbank.ro\/lexikon\/wp-json\/wp\/v2\/product"}],"about":[{"href":"https:\/\/uj.adatbank.ro\/lexikon\/wp-json\/wp\/v2\/types\/product"}],"replies":[{"embeddable":true,"href":"https:\/\/uj.adatbank.ro\/lexikon\/wp-json\/wp\/v2\/comments?post=16274"}],"wp:attachment":[{"href":"https:\/\/uj.adatbank.ro\/lexikon\/wp-json\/wp\/v2\/media?parent=16274"}],"wp:term":[{"taxonomy":"product_brand","embeddable":true,"href":"https:\/\/uj.adatbank.ro\/lexikon\/wp-json\/wp\/v2\/product_brand?post=16274"},{"taxonomy":"product_cat","embeddable":true,"href":"https:\/\/uj.adatbank.ro\/lexikon\/wp-json\/wp\/v2\/product_cat?post=16274"},{"taxonomy":"product_tag","embeddable":true,"href":"https:\/\/uj.adatbank.ro\/lexikon\/wp-json\/wp\/v2\/product_tag?post=16274"}],"curies":[{"name":"wp","href":"https:\/\/api.w.org\/{rel}","templated":true}]}}