{"id":16276,"date":"2025-07-15T16:11:03","date_gmt":"2025-07-15T14:11:03","guid":{"rendered":"https:\/\/uj.adatbank.ro\/lexikon\/termek\/nagy-janos-22\/"},"modified":"2025-07-15T16:11:03","modified_gmt":"2025-07-15T14:11:03","slug":"nagy-janos-22","status":"publish","type":"product","link":"https:\/\/uj.adatbank.ro\/lexikon\/termek\/nagy-janos-22\/","title":{"rendered":"NAGY J\u00e1nos"},"content":{"rendered":"<p>Maroscsap\u00f3, 1920. nov. 17., \u2020 Sz\u00e9kelyudvarhely, 1996: vasutas. \u2013 A maroscsap\u00f3i \u00e1llom\u00e1s f\u0151n\u00f6ke volt. Letart\u00f3ztatt\u00e1k (1957), \u00e9s azzal a v\u00e1ddal, hogy a Szabad Eur\u00f3pa R\u00e1di\u00f3 ad\u00e1sait hallgatta \u00e9s komment\u00e1lta, a kv.-i Katonai B\u00edr\u00f3s\u00e1g 5 \u00e9vre \u00edt\u00e9lte. A szamos \u00fajv\u00e1ri b\u00f6rt\u00f6nben \u00e9s a Duna-delt\u00e1ban volt. Periprav\u00e1r\u00f3l szabadult (1962) \u00e9s csal\u00e1dja ut\u00e1n Sz\u00e9kelyudvarhelyre k\u00f6lt\u00f6z\u00f6tt. Az IFET fatelepen dolgozott. <br \/><strong>Irod.:<\/strong> 1956 Erd\u00e9lyben<\/br><\/p>\n","protected":false},"excerpt":{"rendered":"<p>Maroscsap\u00f3, 1920. nov. 17., \u2020 Sz\u00e9kelyudvarhely, 1996: vasutas. \u2013 A maroscsap\u00f3i \u00e1llom\u00e1s f\u0151n\u00f6ke volt. Letart\u00f3ztatt\u00e1k (1957), \u00e9s azzal a v\u00e1ddal, hogy a Szabad Eur\u00f3pa R\u00e1di\u00f3 ad\u00e1sait hallgatta \u00e9s komment\u00e1lta, a kv.-i Katonai B\u00edr\u00f3s\u00e1g 5 \u00e9vre \u00edt\u00e9lte. A szamos \u00fajv\u00e1ri b\u00f6rt\u00f6nben \u00e9s a Duna-delt\u00e1ban volt. Periprav\u00e1r\u00f3l szabadult (1962) \u00e9s csal\u00e1dja ut\u00e1n Sz\u00e9kelyudvarhelyre k\u00f6lt\u00f6z\u00f6tt. Az IFET fatelepen [&hellip;]<\/p>\n","protected":false},"featured_media":0,"comment_status":"open","ping_status":"closed","template":"","meta":[],"product_brand":[],"product_cat":[137],"product_tag":[],"class_list":{"0":"post-16276","1":"product","2":"type-product","3":"status-publish","5":"product_cat-maros-megyei-eletrajzi-lexikon","7":"first","8":"instock","9":"shipping-taxable","10":"product-type-simple"},"_links":{"self":[{"href":"https:\/\/uj.adatbank.ro\/lexikon\/wp-json\/wp\/v2\/product\/16276","targetHints":{"allow":["GET"]}}],"collection":[{"href":"https:\/\/uj.adatbank.ro\/lexikon\/wp-json\/wp\/v2\/product"}],"about":[{"href":"https:\/\/uj.adatbank.ro\/lexikon\/wp-json\/wp\/v2\/types\/product"}],"replies":[{"embeddable":true,"href":"https:\/\/uj.adatbank.ro\/lexikon\/wp-json\/wp\/v2\/comments?post=16276"}],"wp:attachment":[{"href":"https:\/\/uj.adatbank.ro\/lexikon\/wp-json\/wp\/v2\/media?parent=16276"}],"wp:term":[{"taxonomy":"product_brand","embeddable":true,"href":"https:\/\/uj.adatbank.ro\/lexikon\/wp-json\/wp\/v2\/product_brand?post=16276"},{"taxonomy":"product_cat","embeddable":true,"href":"https:\/\/uj.adatbank.ro\/lexikon\/wp-json\/wp\/v2\/product_cat?post=16276"},{"taxonomy":"product_tag","embeddable":true,"href":"https:\/\/uj.adatbank.ro\/lexikon\/wp-json\/wp\/v2\/product_tag?post=16276"}],"curies":[{"name":"wp","href":"https:\/\/api.w.org\/{rel}","templated":true}]}}