{"id":1628,"date":"2025-06-28T11:48:08","date_gmt":"2025-06-28T09:48:08","guid":{"rendered":"https:\/\/uj.adatbank.ro\/lexikon\/termek\/adrian-miklos\/"},"modified":"2025-06-28T11:48:08","modified_gmt":"2025-06-28T09:48:08","slug":"adrian-miklos","status":"publish","type":"product","link":"https:\/\/uj.adatbank.ro\/lexikon\/termek\/adrian-miklos\/","title":{"rendered":"ADRI\u00c1N Mikl\u00f3s"},"content":{"rendered":"<p>1912, \u2020 Mv.,1979. j\u00fal. 15.: \u00fajs\u00e1g\u00edr\u00f3. \u2013 Az El\u0151re munkat\u00e1rsa volt 25 \u00e9ven kereszt\u00fcl. Riportokkat, tud\u00f3s\u00edt\u00e1sokat k\u00f6z\u00f6lt a megye \u00e9let\u00e9r\u0151l. <br \/><strong>Irod.:<\/strong> A. M. [Nekrol\u00f3g] (V. Z., 1979. j\u00fal. 17.)<\/br><\/p>\n","protected":false},"excerpt":{"rendered":"<p>1912, \u2020 Mv.,1979. j\u00fal. 15.: \u00fajs\u00e1g\u00edr\u00f3. \u2013 Az El\u0151re munkat\u00e1rsa volt 25 \u00e9ven kereszt\u00fcl. Riportokkat, tud\u00f3s\u00edt\u00e1sokat k\u00f6z\u00f6lt a megye \u00e9let\u00e9r\u0151l. Irod.: A. M. [Nekrol\u00f3g] (V. Z., 1979. j\u00fal. 17.)<\/p>\n","protected":false},"featured_media":0,"comment_status":"open","ping_status":"closed","template":"","meta":[],"product_brand":[],"product_cat":[137],"product_tag":[],"class_list":{"0":"post-1628","1":"product","2":"type-product","3":"status-publish","5":"product_cat-maros-megyei-eletrajzi-lexikon","7":"first","8":"instock","9":"shipping-taxable","10":"product-type-simple"},"_links":{"self":[{"href":"https:\/\/uj.adatbank.ro\/lexikon\/wp-json\/wp\/v2\/product\/1628","targetHints":{"allow":["GET"]}}],"collection":[{"href":"https:\/\/uj.adatbank.ro\/lexikon\/wp-json\/wp\/v2\/product"}],"about":[{"href":"https:\/\/uj.adatbank.ro\/lexikon\/wp-json\/wp\/v2\/types\/product"}],"replies":[{"embeddable":true,"href":"https:\/\/uj.adatbank.ro\/lexikon\/wp-json\/wp\/v2\/comments?post=1628"}],"wp:attachment":[{"href":"https:\/\/uj.adatbank.ro\/lexikon\/wp-json\/wp\/v2\/media?parent=1628"}],"wp:term":[{"taxonomy":"product_brand","embeddable":true,"href":"https:\/\/uj.adatbank.ro\/lexikon\/wp-json\/wp\/v2\/product_brand?post=1628"},{"taxonomy":"product_cat","embeddable":true,"href":"https:\/\/uj.adatbank.ro\/lexikon\/wp-json\/wp\/v2\/product_cat?post=1628"},{"taxonomy":"product_tag","embeddable":true,"href":"https:\/\/uj.adatbank.ro\/lexikon\/wp-json\/wp\/v2\/product_tag?post=1628"}],"curies":[{"name":"wp","href":"https:\/\/api.w.org\/{rel}","templated":true}]}}