{"id":16284,"date":"2025-07-15T16:11:21","date_gmt":"2025-07-15T14:11:21","guid":{"rendered":"https:\/\/uj.adatbank.ro\/lexikon\/termek\/nagy-jeno-2\/"},"modified":"2025-07-15T16:11:21","modified_gmt":"2025-07-15T14:11:21","slug":"nagy-jeno-2","status":"publish","type":"product","link":"https:\/\/uj.adatbank.ro\/lexikon\/termek\/nagy-jeno-2\/","title":{"rendered":"NAGY Jen\u0151"},"content":{"rendered":"<p>Hagym\u00e1sbodon, 1912. j\u00fal. 8., \u2020 Debrecen, 1974. okt. 31.: pedag\u00f3gus, \u00edr\u00f3. \u2013 A mv.-i Ref. Koll. elv\u00e9gz\u00e9se ut\u00e1n (1928) a kv.-i egy.-en t\u00f6rt\u00e9nelem-magyar szakon szerzett oklevelet (1933). Tan\u00e1ri \u00e1ll\u00e1st nem kapott, ez\u00e9rt Mv.-en egy tejipari \u00fczemben munk\u00e1s (1933\u2013), miut\u00e1n Mosonmagyar\u00f3v\u00e1ron elv\u00e9gezte a gazd. akad.-t is \u00fczemvezet\u0151 lett a mv.-i tejfeldolgoz\u00f3 v\u00e1llalatn\u00e1l. A tejiparral foglalkoz\u00f3 cikkeit a Sz\u00f6vetkezeti \u00c9rtes\u00edt\u0151 valamint a bp.-i Magyar Sz\u00f6vetkez\u00e9s k\u00f6z\u00f6lte. Gazd. isk. tan\u00e1ri oklevelet szerzett (1940). Gazdas\u00e1gi iskolai tan\u00e1r Mv.-en (1942\u2013), majd Munk\u00e1cson; frontszolg\u00e1latra h\u00edvt\u00e1k be (1944\u2013), tart. hadnagyi rangban szolg\u00e1lt, szovjet hadifogs\u00e1gb\u00f3l haza t\u00e9rve (1947) Szeksz\u00e1rdon (1947\u2013), ut\u00f3bb Baj\u00e1n tan\u00edtott. Hajd\u00fab\u00f6sz\u00f6rm\u00e9nyben (1950\u2013), Debrecenben tan\u00edt\u00f3k\u00e9pz\u0151 int. tan\u00e1r (1964\u2013). Kidolgozta az anyanyelvi t\u00e1rgyak m\u00f3dszertan\u00e1t. T\u00f6bb tank\u00f6nyvet \u00edrt. Sz\u00e9pirodalmi p\u00e1ly\u00e1ja a Gagyi L\u00e1szl\u00f3val k\u00f6z\u00f6sen \u00edrt \u00e9s megjelentetett Szeg\u00e9ny kicsi bojt\u00e1r c. balladaj\u00e1t\u00e9kkal kezd\u0151d\u00f6tt. Az Erd\u00e9lyi Helikon k\u00f6z\u00f6lte Hagymakoszor\u00fa (1942\/5), Veres liliom (1942\/7), Angyalok (1944\/2) \u00e9s Nyitott ablak (1944\/4) c. novell\u00e1it \u00e9s kisreg\u00e9ny\u00e9eit. Ok\u00adtat\u00e1sm\u00f3dszertani tanulm\u00e1nyokat is \u00edrt (1945 ut\u00e1n). \u2013 <strong>F. m.:<\/strong> Szeg\u00e9ny kicsi bojt\u00e1r. (Gagyi L\u00e1szl\u00f3val; balla\u00addaj\u00e1t\u00e9k; Mv., 1937); S\u00e1rk\u00e1nyfogak k\u00f6z\u00f6tt (reg. B\u00e1thory Zsigmondr\u00f3l; Bp., 1943). <br \/><strong>Irod.:<\/strong> Berekm\u00e9ri; F\u00fcl\u00f6p\u2013Ferencz; RMIL; \u00daM\u00c9L<\/br><\/p>\n","protected":false},"excerpt":{"rendered":"<p>Hagym\u00e1sbodon, 1912. j\u00fal. 8., \u2020 Debrecen, 1974. okt. 31.: pedag\u00f3gus, \u00edr\u00f3. \u2013 A mv.-i Ref. Koll. elv\u00e9gz\u00e9se ut\u00e1n (1928) a kv.-i egy.-en t\u00f6rt\u00e9nelem-magyar szakon szerzett oklevelet (1933). Tan\u00e1ri \u00e1ll\u00e1st nem kapott, ez\u00e9rt Mv.-en egy tejipari \u00fczemben munk\u00e1s (1933\u2013), miut\u00e1n Mosonmagyar\u00f3v\u00e1ron elv\u00e9gezte a gazd. akad.-t is \u00fczemvezet\u0151 lett a mv.-i tejfeldolgoz\u00f3 v\u00e1llalatn\u00e1l. A tejiparral foglalkoz\u00f3 cikkeit [&hellip;]<\/p>\n","protected":false},"featured_media":0,"comment_status":"open","ping_status":"closed","template":"","meta":[],"product_brand":[],"product_cat":[137],"product_tag":[],"class_list":{"0":"post-16284","1":"product","2":"type-product","3":"status-publish","5":"product_cat-maros-megyei-eletrajzi-lexikon","7":"first","8":"instock","9":"shipping-taxable","10":"product-type-simple"},"_links":{"self":[{"href":"https:\/\/uj.adatbank.ro\/lexikon\/wp-json\/wp\/v2\/product\/16284","targetHints":{"allow":["GET"]}}],"collection":[{"href":"https:\/\/uj.adatbank.ro\/lexikon\/wp-json\/wp\/v2\/product"}],"about":[{"href":"https:\/\/uj.adatbank.ro\/lexikon\/wp-json\/wp\/v2\/types\/product"}],"replies":[{"embeddable":true,"href":"https:\/\/uj.adatbank.ro\/lexikon\/wp-json\/wp\/v2\/comments?post=16284"}],"wp:attachment":[{"href":"https:\/\/uj.adatbank.ro\/lexikon\/wp-json\/wp\/v2\/media?parent=16284"}],"wp:term":[{"taxonomy":"product_brand","embeddable":true,"href":"https:\/\/uj.adatbank.ro\/lexikon\/wp-json\/wp\/v2\/product_brand?post=16284"},{"taxonomy":"product_cat","embeddable":true,"href":"https:\/\/uj.adatbank.ro\/lexikon\/wp-json\/wp\/v2\/product_cat?post=16284"},{"taxonomy":"product_tag","embeddable":true,"href":"https:\/\/uj.adatbank.ro\/lexikon\/wp-json\/wp\/v2\/product_tag?post=16284"}],"curies":[{"name":"wp","href":"https:\/\/api.w.org\/{rel}","templated":true}]}}