{"id":16285,"date":"2025-07-15T16:11:22","date_gmt":"2025-07-15T14:11:22","guid":{"rendered":"https:\/\/uj.adatbank.ro\/lexikon\/termek\/nagy-jeno-3\/"},"modified":"2025-07-15T16:11:22","modified_gmt":"2025-07-15T14:11:22","slug":"nagy-jeno-3","status":"publish","type":"product","link":"https:\/\/uj.adatbank.ro\/lexikon\/termek\/nagy-jeno-3\/","title":{"rendered":"NAGY Jen\u0151"},"content":{"rendered":"<p>Mv., 1914. m\u00e1rc. 6., \u2020 Mv., 1973. dec. 27.: cip\u00e9sz. Letart\u00f3ztatt\u00e1k (1958. \u00e1pr. 10) \u00e9s a Beth\u00e1nia-mozgalomban val\u00f3 r\u00e9szv\u00e9tele miatt, a kv.-i Katonai B\u00edr\u00f3s\u00e1g 10 \u00e9vre, majd a Legfels\u0151 B\u00edr\u00f3s\u00e1g 13 \u00e9vre \u00edt\u00e9lte. Szamos\u00fajv\u00e1ron, majd a Duna-delta \u00e9s a Br\u0103ilai Nagysziget k\u00e9nyszermunkat\u00e1boraiban volt. Szabadul\u00e1sa (1964. j\u00fan. 27.) ut\u00e1n a mv.-i fotopap\u00edrgy\u00e1rban volt rakt\u00e1ros betegnyugd\u00edjaz\u00e1s\u00e1ig (1972. okt. 1.). <br \/><strong>Irod.:<\/strong> 1956 Erd\u00e9lyben<\/br><\/p>\n","protected":false},"excerpt":{"rendered":"<p>Mv., 1914. m\u00e1rc. 6., \u2020 Mv., 1973. dec. 27.: cip\u00e9sz. Letart\u00f3ztatt\u00e1k (1958. \u00e1pr. 10) \u00e9s a Beth\u00e1nia-mozgalomban val\u00f3 r\u00e9szv\u00e9tele miatt, a kv.-i Katonai B\u00edr\u00f3s\u00e1g 10 \u00e9vre, majd a Legfels\u0151 B\u00edr\u00f3s\u00e1g 13 \u00e9vre \u00edt\u00e9lte. Szamos\u00fajv\u00e1ron, majd a Duna-delta \u00e9s a Br\u0103ilai Nagysziget k\u00e9nyszermunkat\u00e1boraiban volt. Szabadul\u00e1sa (1964. j\u00fan. 27.) ut\u00e1n a mv.-i fotopap\u00edrgy\u00e1rban volt rakt\u00e1ros betegnyugd\u00edjaz\u00e1s\u00e1ig (1972. [&hellip;]<\/p>\n","protected":false},"featured_media":0,"comment_status":"open","ping_status":"closed","template":"","meta":[],"product_brand":[],"product_cat":[137],"product_tag":[],"class_list":{"0":"post-16285","1":"product","2":"type-product","3":"status-publish","5":"product_cat-maros-megyei-eletrajzi-lexikon","7":"first","8":"instock","9":"shipping-taxable","10":"product-type-simple"},"_links":{"self":[{"href":"https:\/\/uj.adatbank.ro\/lexikon\/wp-json\/wp\/v2\/product\/16285","targetHints":{"allow":["GET"]}}],"collection":[{"href":"https:\/\/uj.adatbank.ro\/lexikon\/wp-json\/wp\/v2\/product"}],"about":[{"href":"https:\/\/uj.adatbank.ro\/lexikon\/wp-json\/wp\/v2\/types\/product"}],"replies":[{"embeddable":true,"href":"https:\/\/uj.adatbank.ro\/lexikon\/wp-json\/wp\/v2\/comments?post=16285"}],"wp:attachment":[{"href":"https:\/\/uj.adatbank.ro\/lexikon\/wp-json\/wp\/v2\/media?parent=16285"}],"wp:term":[{"taxonomy":"product_brand","embeddable":true,"href":"https:\/\/uj.adatbank.ro\/lexikon\/wp-json\/wp\/v2\/product_brand?post=16285"},{"taxonomy":"product_cat","embeddable":true,"href":"https:\/\/uj.adatbank.ro\/lexikon\/wp-json\/wp\/v2\/product_cat?post=16285"},{"taxonomy":"product_tag","embeddable":true,"href":"https:\/\/uj.adatbank.ro\/lexikon\/wp-json\/wp\/v2\/product_tag?post=16285"}],"curies":[{"name":"wp","href":"https:\/\/api.w.org\/{rel}","templated":true}]}}