{"id":16288,"date":"2025-07-15T16:11:28","date_gmt":"2025-07-15T14:11:28","guid":{"rendered":"https:\/\/uj.adatbank.ro\/lexikon\/termek\/nagy-jeno-6\/"},"modified":"2025-07-15T16:11:28","modified_gmt":"2025-07-15T14:11:28","slug":"nagy-jeno-6","status":"publish","type":"product","link":"https:\/\/uj.adatbank.ro\/lexikon\/termek\/nagy-jeno-6\/","title":{"rendered":"NAGY Jen\u0151"},"content":{"rendered":"<p>? \u2020 ?: cip\u00e9sz Mv.-en, letart\u00f3ztat\u00e1k mint evangelist\u00e1t azaz laikus igeh\u00edrdet\u0151t (1958. \u00e1pr. 10.), azzal v\u00e1dolt\u00e1k, hogy a CE-sz\u00f6vets\u00e9g tagja. 10 \u00e9v b\u00f6rt\u00f6nb\u00fcntet\u00e9sre it\u00e9lt\u00e9k (1958. aug. 5.). <br \/><strong>Irod.:<\/strong> Bottoni 2006<\/br><\/p>\n","protected":false},"excerpt":{"rendered":"<p>? \u2020 ?: cip\u00e9sz Mv.-en, letart\u00f3ztat\u00e1k mint evangelist\u00e1t azaz laikus igeh\u00edrdet\u0151t (1958. \u00e1pr. 10.), azzal v\u00e1dolt\u00e1k, hogy a CE-sz\u00f6vets\u00e9g tagja. 10 \u00e9v b\u00f6rt\u00f6nb\u00fcntet\u00e9sre it\u00e9lt\u00e9k (1958. aug. 5.). Irod.: Bottoni 2006<\/p>\n","protected":false},"featured_media":0,"comment_status":"open","ping_status":"closed","template":"","meta":[],"product_brand":[],"product_cat":[137],"product_tag":[],"class_list":{"0":"post-16288","1":"product","2":"type-product","3":"status-publish","5":"product_cat-maros-megyei-eletrajzi-lexikon","7":"first","8":"instock","9":"shipping-taxable","10":"product-type-simple"},"_links":{"self":[{"href":"https:\/\/uj.adatbank.ro\/lexikon\/wp-json\/wp\/v2\/product\/16288","targetHints":{"allow":["GET"]}}],"collection":[{"href":"https:\/\/uj.adatbank.ro\/lexikon\/wp-json\/wp\/v2\/product"}],"about":[{"href":"https:\/\/uj.adatbank.ro\/lexikon\/wp-json\/wp\/v2\/types\/product"}],"replies":[{"embeddable":true,"href":"https:\/\/uj.adatbank.ro\/lexikon\/wp-json\/wp\/v2\/comments?post=16288"}],"wp:attachment":[{"href":"https:\/\/uj.adatbank.ro\/lexikon\/wp-json\/wp\/v2\/media?parent=16288"}],"wp:term":[{"taxonomy":"product_brand","embeddable":true,"href":"https:\/\/uj.adatbank.ro\/lexikon\/wp-json\/wp\/v2\/product_brand?post=16288"},{"taxonomy":"product_cat","embeddable":true,"href":"https:\/\/uj.adatbank.ro\/lexikon\/wp-json\/wp\/v2\/product_cat?post=16288"},{"taxonomy":"product_tag","embeddable":true,"href":"https:\/\/uj.adatbank.ro\/lexikon\/wp-json\/wp\/v2\/product_tag?post=16288"}],"curies":[{"name":"wp","href":"https:\/\/api.w.org\/{rel}","templated":true}]}}