{"id":1629,"date":"2025-06-28T11:48:09","date_gmt":"2025-06-28T09:48:09","guid":{"rendered":"https:\/\/uj.adatbank.ro\/lexikon\/termek\/adrianyi-adolf\/"},"modified":"2025-06-28T11:48:09","modified_gmt":"2025-06-28T09:48:09","slug":"adrianyi-adolf","status":"publish","type":"product","link":"https:\/\/uj.adatbank.ro\/lexikon\/termek\/adrianyi-adolf\/","title":{"rendered":"ADRI\u00c1NYI Adolf"},"content":{"rendered":"<p>K\u00e9sm\u00e1rk, ? \u2020\u00a0?: ev. lelk\u00e9sz. \u2013 A. J\u00e1nos \u00e9s Nov\u00e1ky M\u00e1ria (\u2020 Mv.,1890. dec. 24.) fia. \u2013 K\u00e9sm\u00e1rki sz\u00fclet\u00e9s\u0171, szepess\u00e9gi volt. Igl\u00f3n volt seg\u00e9dlelk\u00e9sz \u00e9s hitoktat\u00f3. Mv.-re megv\u00e1lasztott\u00e1k lelk\u00e9sznek (1890). Egy bels\u0151leg meghasonlott egyh\u00e1zk\u00f6zs\u00e9get vett \u00e1t, megv\u00e1laszt\u00e1sa is nagy bels\u0151 k\u00fczdelem eredm\u00e9nye volt, \u00e9s \u0151 sem tudta ezeket az ellent\u00e9teket kiegyenl\u00edteni. A teljesen elhanyagolt iratt\u00e1rat rendbe tette. Az egyh\u00e1zi t\u00f6rv\u00e9nyek \u00e1ltal el\u0151\u00edrt Historia Domust (az egyh\u00e1zi napl\u00f3t), amit el\u0151dei elmulasztottak, visszamen\u0151leg az egyh\u00e1z alap\u00edt\u00e1s\u00e1t\u00f3l kezdve vezette, majd Kotsch Mih\u00e1ly \u00e9s Beyer F\u00fcl\u00f6p folytatta. Lelk\u00e9szi \u00e9s tan\u00edt\u00f3i m\u0171k\u00f6d\u00e9s\u00e9n k\u00edv\u00fcl a ref. polg\u00e1ri le\u00e1nyiskol\u00e1ban a n\u00e9met nyelvet tan\u00edtotta. A N\u0151egylet az \u0151 idej\u00e9n fedette be b\u00e1doggal az iskola\u00e9p\u00fcletet. A Szeben megyei Szakad\u00e1tra v\u00e1lasztott\u00e1k meg lelk\u00e9sznek (1899) \u00e9s elt\u00e1vozott Mv.-r\u0151l. <br \/><strong>Irod.:<\/strong> Beyer; Gy\u00e1szjelent\u0151; Id\u0151t\u00e1r 2 , 5\/1<\/br><\/p>\n","protected":false},"excerpt":{"rendered":"<p>K\u00e9sm\u00e1rk, ? \u2020\u00a0?: ev. lelk\u00e9sz. \u2013 A. J\u00e1nos \u00e9s Nov\u00e1ky M\u00e1ria (\u2020 Mv.,1890. dec. 24.) fia. \u2013 K\u00e9sm\u00e1rki sz\u00fclet\u00e9s\u0171, szepess\u00e9gi volt. Igl\u00f3n volt seg\u00e9dlelk\u00e9sz \u00e9s hitoktat\u00f3. Mv.-re megv\u00e1lasztott\u00e1k lelk\u00e9sznek (1890). Egy bels\u0151leg meghasonlott egyh\u00e1zk\u00f6zs\u00e9get vett \u00e1t, megv\u00e1laszt\u00e1sa is nagy bels\u0151 k\u00fczdelem eredm\u00e9nye volt, \u00e9s \u0151 sem tudta ezeket az ellent\u00e9teket kiegyenl\u00edteni. A teljesen elhanyagolt iratt\u00e1rat [&hellip;]<\/p>\n","protected":false},"featured_media":0,"comment_status":"open","ping_status":"closed","template":"","meta":[],"product_brand":[],"product_cat":[137],"product_tag":[],"class_list":{"0":"post-1629","1":"product","2":"type-product","3":"status-publish","5":"product_cat-maros-megyei-eletrajzi-lexikon","7":"first","8":"instock","9":"shipping-taxable","10":"product-type-simple"},"_links":{"self":[{"href":"https:\/\/uj.adatbank.ro\/lexikon\/wp-json\/wp\/v2\/product\/1629","targetHints":{"allow":["GET"]}}],"collection":[{"href":"https:\/\/uj.adatbank.ro\/lexikon\/wp-json\/wp\/v2\/product"}],"about":[{"href":"https:\/\/uj.adatbank.ro\/lexikon\/wp-json\/wp\/v2\/types\/product"}],"replies":[{"embeddable":true,"href":"https:\/\/uj.adatbank.ro\/lexikon\/wp-json\/wp\/v2\/comments?post=1629"}],"wp:attachment":[{"href":"https:\/\/uj.adatbank.ro\/lexikon\/wp-json\/wp\/v2\/media?parent=1629"}],"wp:term":[{"taxonomy":"product_brand","embeddable":true,"href":"https:\/\/uj.adatbank.ro\/lexikon\/wp-json\/wp\/v2\/product_brand?post=1629"},{"taxonomy":"product_cat","embeddable":true,"href":"https:\/\/uj.adatbank.ro\/lexikon\/wp-json\/wp\/v2\/product_cat?post=1629"},{"taxonomy":"product_tag","embeddable":true,"href":"https:\/\/uj.adatbank.ro\/lexikon\/wp-json\/wp\/v2\/product_tag?post=1629"}],"curies":[{"name":"wp","href":"https:\/\/api.w.org\/{rel}","templated":true}]}}