{"id":16290,"date":"2025-07-15T16:11:33","date_gmt":"2025-07-15T14:11:33","guid":{"rendered":"https:\/\/uj.adatbank.ro\/lexikon\/termek\/nagy-jeno-kovendi-kovendi-nagy-jeno\/"},"modified":"2025-07-15T16:11:33","modified_gmt":"2025-07-15T14:11:33","slug":"nagy-jeno-kovendi-kovendi-nagy-jeno","status":"publish","type":"product","link":"https:\/\/uj.adatbank.ro\/lexikon\/termek\/nagy-jeno-kovendi-kovendi-nagy-jeno\/","title":{"rendered":"NAGY Jen\u0151, k\u00f6vendi, K\u00f6vendi Nagy Jen\u0151"},"content":{"rendered":"<p>Ny\u00e1r\u00e1dszereda, v Sz\u00e1szr\u00e9gen 1897. j\u00fan. 28., \u2020 T\u00f6r\u00f6kb\u00e1lint, 1980. nov. 8: csend\u0151r ezredes. \u2013 Nagy Elem\u00e9r vajdaszentiv\u00e1nyi, f\u0151szolgab\u00edr\u00f3 \u00e9s Lantzky M\u00e1ria fia. \u2013 Kismartonban j\u00e1rta a cs. kir. katonai f\u0151re\u00e1liskol\u00e1t (1912\u201315), B\u00e9cs\u00fajhelyen a Theresianumban cs. kir. katonai akad.-\u00e1t (1915\u201316) \u00e9s ugyan itt csend\u0151r tiszti tanfolyamot v\u00e9gzett (1920). Hadnagy (1916\u2013), f\u0151hadnagy (1921. m\u00e1rc. 1), sz\u00e1zados (1926. m\u00e1j. 1.), \u0151rnagy (1937. nov. 1.), alezredes (1941. m\u00e1j. 1.), ezredes (1943. m\u00e1j. 1.). A VI. Csend\u0151rker\u00fclet parancsnokhelyettese (1943\u201344), a nagyv\u00e1radi csend\u0151rz\u00e1szl\u00f3alj, ut\u00e1na az V. csend\u0151rker\u00fclet parancsnoka, majd a m. kir. csend\u0151rs\u00e9g \u00e9s rend\u0151rs\u00e9g f\u0151fel\u00fcgyel\u0151je, t\u00e1bori biztons\u00e1g parancsnoka, k\u00f6zigazgat\u00e1si vezet\u0151je (1944. dec. 15.\u2013). Intern\u00e1lt\u00e1k (1945\u201348), seg\u00e9dmunk\u00e1s, l\u00f3\u00e1pol\u00f3, \u00e9jjeli\u0151r (1948\u201358). <br \/><strong>Irod.:<\/strong> Szab\u00f3\u2013Simon\u2013Sz\u00f6gi, Szak\u00e1ly S\u00e1ndor<\/br><\/p>\n","protected":false},"excerpt":{"rendered":"<p>Ny\u00e1r\u00e1dszereda, v Sz\u00e1szr\u00e9gen 1897. j\u00fan. 28., \u2020 T\u00f6r\u00f6kb\u00e1lint, 1980. nov. 8: csend\u0151r ezredes. \u2013 Nagy Elem\u00e9r vajdaszentiv\u00e1nyi, f\u0151szolgab\u00edr\u00f3 \u00e9s Lantzky M\u00e1ria fia. \u2013 Kismartonban j\u00e1rta a cs. kir. katonai f\u0151re\u00e1liskol\u00e1t (1912\u201315), B\u00e9cs\u00fajhelyen a Theresianumban cs. kir. katonai akad.-\u00e1t (1915\u201316) \u00e9s ugyan itt csend\u0151r tiszti tanfolyamot v\u00e9gzett (1920). Hadnagy (1916\u2013), f\u0151hadnagy (1921. m\u00e1rc. 1), sz\u00e1zados (1926. [&hellip;]<\/p>\n","protected":false},"featured_media":0,"comment_status":"open","ping_status":"closed","template":"","meta":[],"product_brand":[],"product_cat":[137],"product_tag":[],"class_list":{"0":"post-16290","1":"product","2":"type-product","3":"status-publish","5":"product_cat-maros-megyei-eletrajzi-lexikon","7":"first","8":"instock","9":"shipping-taxable","10":"product-type-simple"},"_links":{"self":[{"href":"https:\/\/uj.adatbank.ro\/lexikon\/wp-json\/wp\/v2\/product\/16290","targetHints":{"allow":["GET"]}}],"collection":[{"href":"https:\/\/uj.adatbank.ro\/lexikon\/wp-json\/wp\/v2\/product"}],"about":[{"href":"https:\/\/uj.adatbank.ro\/lexikon\/wp-json\/wp\/v2\/types\/product"}],"replies":[{"embeddable":true,"href":"https:\/\/uj.adatbank.ro\/lexikon\/wp-json\/wp\/v2\/comments?post=16290"}],"wp:attachment":[{"href":"https:\/\/uj.adatbank.ro\/lexikon\/wp-json\/wp\/v2\/media?parent=16290"}],"wp:term":[{"taxonomy":"product_brand","embeddable":true,"href":"https:\/\/uj.adatbank.ro\/lexikon\/wp-json\/wp\/v2\/product_brand?post=16290"},{"taxonomy":"product_cat","embeddable":true,"href":"https:\/\/uj.adatbank.ro\/lexikon\/wp-json\/wp\/v2\/product_cat?post=16290"},{"taxonomy":"product_tag","embeddable":true,"href":"https:\/\/uj.adatbank.ro\/lexikon\/wp-json\/wp\/v2\/product_tag?post=16290"}],"curies":[{"name":"wp","href":"https:\/\/api.w.org\/{rel}","templated":true}]}}