{"id":16291,"date":"2025-07-15T16:11:34","date_gmt":"2025-07-15T14:11:34","guid":{"rendered":"https:\/\/uj.adatbank.ro\/lexikon\/termek\/nagy-jeno-sandor\/"},"modified":"2025-07-15T16:11:34","modified_gmt":"2025-07-15T14:11:34","slug":"nagy-jeno-sandor","status":"publish","type":"product","link":"https:\/\/uj.adatbank.ro\/lexikon\/termek\/nagy-jeno-sandor\/","title":{"rendered":"NAGY Jen\u0151 S\u00e1ndor"},"content":{"rendered":"<p>1909 ?., \u2020 Mv., 1991. aug. 2.: gy\u00f3gyszer\u00e9sz. <br \/><strong>Irod.:<\/strong>[Nekrol\u00f3g] (N\u00fa., 1991. aug. 3.)<\/br><\/p>\n","protected":false},"excerpt":{"rendered":"<p>1909 ?., \u2020 Mv., 1991. aug. 2.: gy\u00f3gyszer\u00e9sz. Irod.:[Nekrol\u00f3g] (N\u00fa., 1991. aug. 3.)<\/p>\n","protected":false},"featured_media":0,"comment_status":"open","ping_status":"closed","template":"","meta":[],"product_brand":[],"product_cat":[137],"product_tag":[],"class_list":{"0":"post-16291","1":"product","2":"type-product","3":"status-publish","5":"product_cat-maros-megyei-eletrajzi-lexikon","7":"first","8":"instock","9":"shipping-taxable","10":"product-type-simple"},"_links":{"self":[{"href":"https:\/\/uj.adatbank.ro\/lexikon\/wp-json\/wp\/v2\/product\/16291","targetHints":{"allow":["GET"]}}],"collection":[{"href":"https:\/\/uj.adatbank.ro\/lexikon\/wp-json\/wp\/v2\/product"}],"about":[{"href":"https:\/\/uj.adatbank.ro\/lexikon\/wp-json\/wp\/v2\/types\/product"}],"replies":[{"embeddable":true,"href":"https:\/\/uj.adatbank.ro\/lexikon\/wp-json\/wp\/v2\/comments?post=16291"}],"wp:attachment":[{"href":"https:\/\/uj.adatbank.ro\/lexikon\/wp-json\/wp\/v2\/media?parent=16291"}],"wp:term":[{"taxonomy":"product_brand","embeddable":true,"href":"https:\/\/uj.adatbank.ro\/lexikon\/wp-json\/wp\/v2\/product_brand?post=16291"},{"taxonomy":"product_cat","embeddable":true,"href":"https:\/\/uj.adatbank.ro\/lexikon\/wp-json\/wp\/v2\/product_cat?post=16291"},{"taxonomy":"product_tag","embeddable":true,"href":"https:\/\/uj.adatbank.ro\/lexikon\/wp-json\/wp\/v2\/product_tag?post=16291"}],"curies":[{"name":"wp","href":"https:\/\/api.w.org\/{rel}","templated":true}]}}