{"id":16292,"date":"2025-07-15T16:11:36","date_gmt":"2025-07-15T14:11:36","guid":{"rendered":"https:\/\/uj.adatbank.ro\/lexikon\/termek\/nagy-jolan-%c2%a7\/"},"modified":"2025-07-15T16:11:36","modified_gmt":"2025-07-15T14:11:36","slug":"nagy-jolan-%c2%a7","status":"publish","type":"product","link":"https:\/\/uj.adatbank.ro\/lexikon\/termek\/nagy-jolan-%c2%a7\/","title":{"rendered":"NAGY Jol\u00e1n, \u00a7"},"content":{"rendered":"<p>Mv., 1929. okt. 1., \u2020 Mv., 1971. szept. 3.: sz\u00edn\u00e9szn\u0151. \u2013 Nagyenyed, D\u00e9s, sz\u00e9kelyf\u00f6ldi telep\u00fcl\u00e9seken j\u00e1tszott Sarkadi Guszt\u00e1v t\u00e1rsulat\u00e1val (1933\u201334). A mv.-i Sz\u00e9kely Sz\u00ednh\u00e1z tagja (1946\u2013), fell\u00e9pett a nyit\u00f3el\u0151ad\u00e1son a Mosoly orsz\u00e1g\u00e1ban (1946). El\u0151bb operettekben l\u00e9pett fel, majd klasszikus \u00e9s modern dr\u00e1m\u00e1kban j\u00e1tszott epiz\u00f3d \u2013 \u00e9s karakterszerepeket. \u2013 <strong>F. sz.:<\/strong> Tomi, fiatal l\u00e1ny (Leh\u00e1r Ferenc: A mosoly orsz\u00e1ga); Liftboy (Leh\u00e1r Ferenc: Luxemburg gr\u00f3fja); Auriol (J. Deval: Francia szobal\u00e1ny); Kudelka T\u00f3ni (Farkas Imre: Igl\u00f3i di\u00e1kok); Ivette (Paul Laurent: Szerelmes di\u00e1kok); Pita, Zsup\u00e1n szolg\u00e1ja (Johann Strauss: A cig\u00e1nyb\u00e1r\u00f3); Manci, irodakisasszony (Eisemann M.: Egy cs\u00f3k \u00e9s m\u00e1s semmi); Jolly (K\u00e1lm\u00e1n Imre: Bajad\u00e9r); Titk\u00e1rn\u0151 (Losonczy Dezs\u0151: Egyetlen \u00e9jszak\u00e1ra); Piroska (***Marci, mint Robinson); Zsuzsi (F\u00e9nyes Szabolcs: V\u00e9n di\u00f3fa); Szobal\u00e1ny (Vaszary G\u00e1bor: Mondj igazat); Els\u0151 di\u00e1kl\u00e1ny (L. Rachmanov: Viharos alkonyat); \u00c9di (Schubert-Bert\u00e9: H\u00e1rom a kisl\u00e1ny); Annuska (F\u00e9nyes Szabolcs: Az utols\u00f3 Verb\u00e9ly l\u00e1ny); Bessy (Carlo de Fries: Ilyenek a f\u00e9rfiak); Hilda (Vaszary G\u00e1bor: Bubus); Marianna (Moliere: A f\u00f6sv\u00e9ny); Edna szobal\u00e1ny (J.B. Priestley: V\u00e1ratlan vend\u00e9g); Rozi, csel\u00e9d (John Knittel: Via Mala); Abigail (E. Scribe: Egy poh\u00e1r v\u00edz); Manci (M\u00f3ricz Zsigmond: S\u00e1ri b\u00edr\u00f3); Csel\u00e9d (L\u00e1szl\u00f3 Mikl\u00f3s: Illatszert\u00e1r); Zina A. Skvarkin: Ifj\u00fas\u00e1g); 2. le\u00e1ny (Szigligeti Ede: A csik\u00f3s); I. Summ\u00e1sl\u00e1ny (M\u00f3ricz Zsigmond: Uri muri); Le\u00e1ny (A. Grigulis: Agyag \u00e9s porcel\u00e1n); I. Asszony (M. Gorkij: Kispolg\u00e1rok); Hrjumin gr\u00f3fn\u0151 (A. Gribojedov: Az \u00e9sz bajjal j\u00e1r); I. M\u00fazeum l\u00e1togat\u00f3 (Tur testv\u00e9rek: Villa a mell\u00e9k utc\u00e1ban); Varja (K. Szimonov: Leg\u00e9ny a talp\u00e1n); Patocska (J. Burjakovszkij: \u00dczenet az \u00e9l\u0151knek); Zsenya (A. Boroszina \u00e9s A. Davidzon: Harmad\u00e9vesek); 2. h\u00f6lgy (Gogoly: A revizor), 1. le\u00e1ny (Ivan Franco: Az ellopott boldogs\u00e1g); Jefimcsik (Borisz Gorbatov: Ap\u00e1k ifj\u00fas\u00e1ga); szerpelt a \u201eJ\u00f3 mulat\u00e1st\u201dszileszteri kabar\u00e9ban (1953); t\u00e1ncosn\u0151 (Huszka Jen\u0151: G\u00fcl-Baba); Raka (Braniszlav Nusucs: A kegyelmes asszony), Olja (A. Abruzov: M\u00e1sodik szerelem). Gianetta (Heltai: A n\u00e9ma levente); Bianca (Shakespeare:A makrancos h\u00f6lgy); Susan (Thomas: Nyolc n\u0151), Zsuzsika (S\u00fct\u0151 A.: Fecskesz\u00e1rny\u00fa szem\u00f6ld\u00f6k; Duszja (Trenyov : Gimnazist\u00e1k); Dorottya (Szekerny\u00e9s L.: Tr\u00f3n alatt a kir\u00e1ly). <br \/><strong>Irod.:<\/strong> Enyedi; A H\u00e9t \u00e9vk. (1982); Horv\u00e1th Bea; Katona Szab\u00f3 Istv\u00e1n: Az \u00daj \u00c9let lexikona, 111. (\u00daj \u00c9let, 4., 1975); Kov\u00e1cs Levente; K\u00f6t\u0151; [Nekrol\u00f3g] (\u00daj \u00c9let, 19. sz., 1971)<\/br><\/p>\n","protected":false},"excerpt":{"rendered":"<p>Mv., 1929. okt. 1., \u2020 Mv., 1971. szept. 3.: sz\u00edn\u00e9szn\u0151. \u2013 Nagyenyed, D\u00e9s, sz\u00e9kelyf\u00f6ldi telep\u00fcl\u00e9seken j\u00e1tszott Sarkadi Guszt\u00e1v t\u00e1rsulat\u00e1val (1933\u201334). A mv.-i Sz\u00e9kely Sz\u00ednh\u00e1z tagja (1946\u2013), fell\u00e9pett a nyit\u00f3el\u0151ad\u00e1son a Mosoly orsz\u00e1g\u00e1ban (1946). El\u0151bb operettekben l\u00e9pett fel, majd klasszikus \u00e9s modern dr\u00e1m\u00e1kban j\u00e1tszott epiz\u00f3d \u2013 \u00e9s karakterszerepeket. \u2013 F. sz.: Tomi, fiatal l\u00e1ny (Leh\u00e1r Ferenc: [&hellip;]<\/p>\n","protected":false},"featured_media":0,"comment_status":"open","ping_status":"closed","template":"","meta":[],"product_brand":[],"product_cat":[137],"product_tag":[],"class_list":{"0":"post-16292","1":"product","2":"type-product","3":"status-publish","5":"product_cat-maros-megyei-eletrajzi-lexikon","7":"first","8":"instock","9":"shipping-taxable","10":"product-type-simple"},"_links":{"self":[{"href":"https:\/\/uj.adatbank.ro\/lexikon\/wp-json\/wp\/v2\/product\/16292","targetHints":{"allow":["GET"]}}],"collection":[{"href":"https:\/\/uj.adatbank.ro\/lexikon\/wp-json\/wp\/v2\/product"}],"about":[{"href":"https:\/\/uj.adatbank.ro\/lexikon\/wp-json\/wp\/v2\/types\/product"}],"replies":[{"embeddable":true,"href":"https:\/\/uj.adatbank.ro\/lexikon\/wp-json\/wp\/v2\/comments?post=16292"}],"wp:attachment":[{"href":"https:\/\/uj.adatbank.ro\/lexikon\/wp-json\/wp\/v2\/media?parent=16292"}],"wp:term":[{"taxonomy":"product_brand","embeddable":true,"href":"https:\/\/uj.adatbank.ro\/lexikon\/wp-json\/wp\/v2\/product_brand?post=16292"},{"taxonomy":"product_cat","embeddable":true,"href":"https:\/\/uj.adatbank.ro\/lexikon\/wp-json\/wp\/v2\/product_cat?post=16292"},{"taxonomy":"product_tag","embeddable":true,"href":"https:\/\/uj.adatbank.ro\/lexikon\/wp-json\/wp\/v2\/product_tag?post=16292"}],"curies":[{"name":"wp","href":"https:\/\/api.w.org\/{rel}","templated":true}]}}