{"id":16297,"date":"2025-07-15T16:11:46","date_gmt":"2025-07-15T14:11:46","guid":{"rendered":"https:\/\/uj.adatbank.ro\/lexikon\/termek\/nagy-jozsef-5\/"},"modified":"2025-07-15T16:11:46","modified_gmt":"2025-07-15T14:11:46","slug":"nagy-jozsef-5","status":"publish","type":"product","link":"https:\/\/uj.adatbank.ro\/lexikon\/termek\/nagy-jozsef-5\/","title":{"rendered":"NAGY J\u00f3zsef"},"content":{"rendered":"<p>? \u2020 ?: unit lelk\u00e9sz. \u2013 K\u00fck\u00fcll\u0151domb\u00f3n lelk\u00e9sz. Saj\u00e1t gy\u0171jt\u00e9s\u00e9b\u0151l \u00f3v\u00f3d\u00e1t \u00e9p\u00edtett (1844. nov 25.) \u00e9s nyitott meg, amelyet 90 gyermek l\u00e1togatott ennek egyharmad\u00e1t a vid\u00e9k rom\u00e1n gyermekei tett\u00e9k ki. <br \/><strong>Irod.:<\/strong> Szathm\u00e1ry K\u00e1roly P<\/br><\/p>\n","protected":false},"excerpt":{"rendered":"<p>? \u2020 ?: unit lelk\u00e9sz. \u2013 K\u00fck\u00fcll\u0151domb\u00f3n lelk\u00e9sz. Saj\u00e1t gy\u0171jt\u00e9s\u00e9b\u0151l \u00f3v\u00f3d\u00e1t \u00e9p\u00edtett (1844. nov 25.) \u00e9s nyitott meg, amelyet 90 gyermek l\u00e1togatott ennek egyharmad\u00e1t a vid\u00e9k rom\u00e1n gyermekei tett\u00e9k ki. Irod.: Szathm\u00e1ry K\u00e1roly P<\/p>\n","protected":false},"featured_media":0,"comment_status":"open","ping_status":"closed","template":"","meta":[],"product_brand":[],"product_cat":[137],"product_tag":[],"class_list":{"0":"post-16297","1":"product","2":"type-product","3":"status-publish","5":"product_cat-maros-megyei-eletrajzi-lexikon","7":"first","8":"instock","9":"shipping-taxable","10":"product-type-simple"},"_links":{"self":[{"href":"https:\/\/uj.adatbank.ro\/lexikon\/wp-json\/wp\/v2\/product\/16297","targetHints":{"allow":["GET"]}}],"collection":[{"href":"https:\/\/uj.adatbank.ro\/lexikon\/wp-json\/wp\/v2\/product"}],"about":[{"href":"https:\/\/uj.adatbank.ro\/lexikon\/wp-json\/wp\/v2\/types\/product"}],"replies":[{"embeddable":true,"href":"https:\/\/uj.adatbank.ro\/lexikon\/wp-json\/wp\/v2\/comments?post=16297"}],"wp:attachment":[{"href":"https:\/\/uj.adatbank.ro\/lexikon\/wp-json\/wp\/v2\/media?parent=16297"}],"wp:term":[{"taxonomy":"product_brand","embeddable":true,"href":"https:\/\/uj.adatbank.ro\/lexikon\/wp-json\/wp\/v2\/product_brand?post=16297"},{"taxonomy":"product_cat","embeddable":true,"href":"https:\/\/uj.adatbank.ro\/lexikon\/wp-json\/wp\/v2\/product_cat?post=16297"},{"taxonomy":"product_tag","embeddable":true,"href":"https:\/\/uj.adatbank.ro\/lexikon\/wp-json\/wp\/v2\/product_tag?post=16297"}],"curies":[{"name":"wp","href":"https:\/\/api.w.org\/{rel}","templated":true}]}}