{"id":1630,"date":"2025-06-28T11:48:11","date_gmt":"2025-06-28T09:48:11","guid":{"rendered":"https:\/\/uj.adatbank.ro\/lexikon\/termek\/ady-arpad-szilagyfokereszturi-adi-arpad\/"},"modified":"2025-06-28T11:48:11","modified_gmt":"2025-06-28T09:48:11","slug":"ady-arpad-szilagyfokereszturi-adi-arpad","status":"publish","type":"product","link":"https:\/\/uj.adatbank.ro\/lexikon\/termek\/ady-arpad-szilagyfokereszturi-adi-arpad\/","title":{"rendered":"ADY \u00c1rp\u00e1d, szil\u00e1gyf\u0151kereszt\u00fari, Adi \u00c1rp\u00e1d"},"content":{"rendered":"<p>1867., \u2020 Mv., 1920. m\u00e1rc. 18.: nyomdatulajdonos, szerkeszt\u0151, k\u00f6nyvkiad\u00f3.- Feles\u00e9ge: Ender Etelka. \u2013 A mv-i R. K. Le\u00e1nyiskola nyomd\u00e1j\u00e1t vette meg, \u00e9s abb\u00f3l lett az els\u0151 rot\u00e1ci\u00e1s nyomda, Kossuth-nyomda, majd Bolyai Nyomda Rt n\u00e9ven Mv.-en (1922). Gyorssajt\u00f3ja a mv.-i modern nyomdaipar kezdet\u00e9t jelentette. Nyomtatta \u00e9s r\u00e9szben felel\u0151s szerk.-je volt a Mv.-en megjelen\u0151 Der\u0171 (1903\u20131906), Kereskedelmi \u00e9s Ipari \u00c9rdekeink (1897), K\u00f6z\u00e9rdek (1896\u20131898), Sz\u00e9kely Ellenz\u00e9k (1898\u20131920), Sz\u00e9kely Tan\u00fcgy (1899\u20131918) \u00e9s Sz\u00e9kelys\u00e9g (1898\u20131906) c. lapoknak. K\u00f6nyvesboltja volt a f\u0151t\u00e9ren. A Vid\u00e9ki Nyomdatulajdonosok Egyes\u00fclet\u00e9nek eln\u00f6ke. A MSE alap\u00edt\u00f3tagja, p\u00e9nzt\u00e1rosa (\u20131905). Kossuth sz\u00fclet\u00e9s\u00e9nek 100. \u00e9vfordul\u00f3j\u00e1n megkoszor\u00fazta a Kossuth szobrot a Nyomd\u00e1szok J\u00f3t\u00e9konys\u00e1gi K\u00f6re nev\u00e9ben (1902. szept. 25). A Kossuth P\u00e1rt aleln\u00f6ke (1910. j\u00fal. 28). <br \/><strong>Irod.:<\/strong> Csekme; Er\u0151ss, Gy\u00e1szjelent\u0151; Hipper S\u00e1ndor: A mo.-i Munk\u00e1sok Rokkant \u00e9s Nyugd\u00edjegylet\u00e9nek huszon\u00f6t\u00e9ves t\u00f6rt\u00e9nete (Bp., 1918); Id\u0151t\u00e1r 2.; Id\u0151t\u00e1r 3.; Illy\u00e9s; Kusz\u00e1lik \u2013 Zal\u00e1nyi; Mv. t\u00f6rt. 2; Mv.-i \u00f6rm\u00e9nyek; \u00d6kr\u00f6s, P\u00e1l-Antal 2003; P\u00e1lmay; Popt\u0103ma\u015f\u2013M\u00f3zes; RMIL 3.; Sz\u00e9kely Napt\u00e1r (hirdet\u00e9sei; 1888)<\/br><\/p>\n","protected":false},"excerpt":{"rendered":"<p>1867., \u2020 Mv., 1920. m\u00e1rc. 18.: nyomdatulajdonos, szerkeszt\u0151, k\u00f6nyvkiad\u00f3.- Feles\u00e9ge: Ender Etelka. \u2013 A mv-i R. K. Le\u00e1nyiskola nyomd\u00e1j\u00e1t vette meg, \u00e9s abb\u00f3l lett az els\u0151 rot\u00e1ci\u00e1s nyomda, Kossuth-nyomda, majd Bolyai Nyomda Rt n\u00e9ven Mv.-en (1922). Gyorssajt\u00f3ja a mv.-i modern nyomdaipar kezdet\u00e9t jelentette. Nyomtatta \u00e9s r\u00e9szben felel\u0151s szerk.-je volt a Mv.-en megjelen\u0151 Der\u0171 (1903\u20131906), Kereskedelmi [&hellip;]<\/p>\n","protected":false},"featured_media":0,"comment_status":"open","ping_status":"closed","template":"","meta":[],"product_brand":[],"product_cat":[137],"product_tag":[],"class_list":{"0":"post-1630","1":"product","2":"type-product","3":"status-publish","5":"product_cat-maros-megyei-eletrajzi-lexikon","7":"first","8":"instock","9":"shipping-taxable","10":"product-type-simple"},"_links":{"self":[{"href":"https:\/\/uj.adatbank.ro\/lexikon\/wp-json\/wp\/v2\/product\/1630","targetHints":{"allow":["GET"]}}],"collection":[{"href":"https:\/\/uj.adatbank.ro\/lexikon\/wp-json\/wp\/v2\/product"}],"about":[{"href":"https:\/\/uj.adatbank.ro\/lexikon\/wp-json\/wp\/v2\/types\/product"}],"replies":[{"embeddable":true,"href":"https:\/\/uj.adatbank.ro\/lexikon\/wp-json\/wp\/v2\/comments?post=1630"}],"wp:attachment":[{"href":"https:\/\/uj.adatbank.ro\/lexikon\/wp-json\/wp\/v2\/media?parent=1630"}],"wp:term":[{"taxonomy":"product_brand","embeddable":true,"href":"https:\/\/uj.adatbank.ro\/lexikon\/wp-json\/wp\/v2\/product_brand?post=1630"},{"taxonomy":"product_cat","embeddable":true,"href":"https:\/\/uj.adatbank.ro\/lexikon\/wp-json\/wp\/v2\/product_cat?post=1630"},{"taxonomy":"product_tag","embeddable":true,"href":"https:\/\/uj.adatbank.ro\/lexikon\/wp-json\/wp\/v2\/product_tag?post=1630"}],"curies":[{"name":"wp","href":"https:\/\/api.w.org\/{rel}","templated":true}]}}