{"id":16303,"date":"2025-07-15T16:11:59","date_gmt":"2025-07-15T14:11:59","guid":{"rendered":"https:\/\/uj.adatbank.ro\/lexikon\/termek\/nagy-jozsef-11\/"},"modified":"2025-07-15T16:11:59","modified_gmt":"2025-07-15T14:11:59","slug":"nagy-jozsef-11","status":"publish","type":"product","link":"https:\/\/uj.adatbank.ro\/lexikon\/termek\/nagy-jozsef-11\/","title":{"rendered":"NAGY J\u00f3zsef"},"content":{"rendered":"<p>Kereszv\u00e1r, 1880., \u2020 ?: gazd\u00e1lkod\u00f3. \u2013 Iskol\u00e1i elv\u00e9gz\u00e9se ut\u00e1n apja mellett gazd\u00e1lkodott, majd a 24. gy. ezredben szolg\u00e1lta le katona\u00e9veit, mely ut\u00e1n a csend\u0151rs\u00e9ghez ker\u00fclt M\u00e1ramarosszigeten, Kass\u00e1n, Ny\u00edrb\u00e1torban, Ny\u00edregyh\u00e1z\u00e1n a Sz\u00e9kelyf\u00f6ld\u00f6n teljes\u00edtett szolg\u00e1latot (\u20131919), \u00f6rsparancsniki rangot \u00e9rt el. Vajdaszentiv\u00e1nyon gazd\u00e1lkodott.. <br \/><strong>Irod.:<\/strong> Sz\u00e9kelyf\u00f6ld \u00ed.k.<\/br><\/p>\n","protected":false},"excerpt":{"rendered":"<p>Kereszv\u00e1r, 1880., \u2020 ?: gazd\u00e1lkod\u00f3. \u2013 Iskol\u00e1i elv\u00e9gz\u00e9se ut\u00e1n apja mellett gazd\u00e1lkodott, majd a 24. gy. ezredben szolg\u00e1lta le katona\u00e9veit, mely ut\u00e1n a csend\u0151rs\u00e9ghez ker\u00fclt M\u00e1ramarosszigeten, Kass\u00e1n, Ny\u00edrb\u00e1torban, Ny\u00edregyh\u00e1z\u00e1n a Sz\u00e9kelyf\u00f6ld\u00f6n teljes\u00edtett szolg\u00e1latot (\u20131919), \u00f6rsparancsniki rangot \u00e9rt el. Vajdaszentiv\u00e1nyon gazd\u00e1lkodott.. Irod.: Sz\u00e9kelyf\u00f6ld \u00ed.k.<\/p>\n","protected":false},"featured_media":0,"comment_status":"open","ping_status":"closed","template":"","meta":[],"product_brand":[],"product_cat":[137],"product_tag":[],"class_list":{"0":"post-16303","1":"product","2":"type-product","3":"status-publish","5":"product_cat-maros-megyei-eletrajzi-lexikon","7":"first","8":"instock","9":"shipping-taxable","10":"product-type-simple"},"_links":{"self":[{"href":"https:\/\/uj.adatbank.ro\/lexikon\/wp-json\/wp\/v2\/product\/16303","targetHints":{"allow":["GET"]}}],"collection":[{"href":"https:\/\/uj.adatbank.ro\/lexikon\/wp-json\/wp\/v2\/product"}],"about":[{"href":"https:\/\/uj.adatbank.ro\/lexikon\/wp-json\/wp\/v2\/types\/product"}],"replies":[{"embeddable":true,"href":"https:\/\/uj.adatbank.ro\/lexikon\/wp-json\/wp\/v2\/comments?post=16303"}],"wp:attachment":[{"href":"https:\/\/uj.adatbank.ro\/lexikon\/wp-json\/wp\/v2\/media?parent=16303"}],"wp:term":[{"taxonomy":"product_brand","embeddable":true,"href":"https:\/\/uj.adatbank.ro\/lexikon\/wp-json\/wp\/v2\/product_brand?post=16303"},{"taxonomy":"product_cat","embeddable":true,"href":"https:\/\/uj.adatbank.ro\/lexikon\/wp-json\/wp\/v2\/product_cat?post=16303"},{"taxonomy":"product_tag","embeddable":true,"href":"https:\/\/uj.adatbank.ro\/lexikon\/wp-json\/wp\/v2\/product_tag?post=16303"}],"curies":[{"name":"wp","href":"https:\/\/api.w.org\/{rel}","templated":true}]}}