{"id":16305,"date":"2025-07-15T16:12:02","date_gmt":"2025-07-15T14:12:02","guid":{"rendered":"https:\/\/uj.adatbank.ro\/lexikon\/termek\/nagy-jozsef-13\/"},"modified":"2025-07-15T16:12:02","modified_gmt":"2025-07-15T14:12:02","slug":"nagy-jozsef-13","status":"publish","type":"product","link":"https:\/\/uj.adatbank.ro\/lexikon\/termek\/nagy-jozsef-13\/","title":{"rendered":"NAGY J\u00f3zsef"},"content":{"rendered":"<p>Nagyernye, 1909. m\u00e1j. 5., \u2020 ?: tisztvisel\u0151. \u2013 Elv\u00e9gzett a MOGYE-n h\u00e1rom \u00e9vet, ahonnan kizs\u00e1km\u00e1nyol\u00f3 sz\u00e1rmaz\u00e1sa miatt kellett t\u00e1voznia. A mv.-i TAPL-n\u00e9l dolgozott. Letart\u00f3ztatt\u00e1k (1961. szept. 30.) \u00e9s a t\u00e1rsadalmi rend elleni t\u00e9nyked\u00e9s v\u00e1dj\u00e1val \u00e1ll\u00edtott\u00e1k b\u00edr\u00f3s\u00e1g el\u00e9. <br \/><strong>Irod.:<\/strong> 1956 Erd\u00e9lyben; \u00c1ldozatok<\/br><\/p>\n","protected":false},"excerpt":{"rendered":"<p>Nagyernye, 1909. m\u00e1j. 5., \u2020 ?: tisztvisel\u0151. \u2013 Elv\u00e9gzett a MOGYE-n h\u00e1rom \u00e9vet, ahonnan kizs\u00e1km\u00e1nyol\u00f3 sz\u00e1rmaz\u00e1sa miatt kellett t\u00e1voznia. A mv.-i TAPL-n\u00e9l dolgozott. Letart\u00f3ztatt\u00e1k (1961. szept. 30.) \u00e9s a t\u00e1rsadalmi rend elleni t\u00e9nyked\u00e9s v\u00e1dj\u00e1val \u00e1ll\u00edtott\u00e1k b\u00edr\u00f3s\u00e1g el\u00e9. Irod.: 1956 Erd\u00e9lyben; \u00c1ldozatok<\/p>\n","protected":false},"featured_media":0,"comment_status":"open","ping_status":"closed","template":"","meta":[],"product_brand":[],"product_cat":[137],"product_tag":[],"class_list":{"0":"post-16305","1":"product","2":"type-product","3":"status-publish","5":"product_cat-maros-megyei-eletrajzi-lexikon","7":"first","8":"instock","9":"shipping-taxable","10":"product-type-simple"},"_links":{"self":[{"href":"https:\/\/uj.adatbank.ro\/lexikon\/wp-json\/wp\/v2\/product\/16305","targetHints":{"allow":["GET"]}}],"collection":[{"href":"https:\/\/uj.adatbank.ro\/lexikon\/wp-json\/wp\/v2\/product"}],"about":[{"href":"https:\/\/uj.adatbank.ro\/lexikon\/wp-json\/wp\/v2\/types\/product"}],"replies":[{"embeddable":true,"href":"https:\/\/uj.adatbank.ro\/lexikon\/wp-json\/wp\/v2\/comments?post=16305"}],"wp:attachment":[{"href":"https:\/\/uj.adatbank.ro\/lexikon\/wp-json\/wp\/v2\/media?parent=16305"}],"wp:term":[{"taxonomy":"product_brand","embeddable":true,"href":"https:\/\/uj.adatbank.ro\/lexikon\/wp-json\/wp\/v2\/product_brand?post=16305"},{"taxonomy":"product_cat","embeddable":true,"href":"https:\/\/uj.adatbank.ro\/lexikon\/wp-json\/wp\/v2\/product_cat?post=16305"},{"taxonomy":"product_tag","embeddable":true,"href":"https:\/\/uj.adatbank.ro\/lexikon\/wp-json\/wp\/v2\/product_tag?post=16305"}],"curies":[{"name":"wp","href":"https:\/\/api.w.org\/{rel}","templated":true}]}}