{"id":16307,"date":"2025-07-15T16:12:09","date_gmt":"2025-07-15T14:12:09","guid":{"rendered":"https:\/\/uj.adatbank.ro\/lexikon\/termek\/nagy-jozsef-15\/"},"modified":"2025-07-15T16:12:09","modified_gmt":"2025-07-15T14:12:09","slug":"nagy-jozsef-15","status":"publish","type":"product","link":"https:\/\/uj.adatbank.ro\/lexikon\/termek\/nagy-jozsef-15\/","title":{"rendered":"NAGY J\u00f3zsef"},"content":{"rendered":"<p>1934, \u2020 Mv., 2009. j\u00fal.15.: sporttan\u00e1r, \u2013 K\u00e9zilabd\u00e1z\u00f3, testnevel\u0151tan\u00e1r a marosszentgy\u00f6rgyi \u00c1lt. Iskol\u00e1ban. <br \/><strong>Irod.:<\/strong> [Nekrol\u00f3g] (N\u00fa., 2009 j\u00fal. 17.)<\/br><\/p>\n","protected":false},"excerpt":{"rendered":"<p>1934, \u2020 Mv., 2009. j\u00fal.15.: sporttan\u00e1r, \u2013 K\u00e9zilabd\u00e1z\u00f3, testnevel\u0151tan\u00e1r a marosszentgy\u00f6rgyi \u00c1lt. Iskol\u00e1ban. Irod.: [Nekrol\u00f3g] (N\u00fa., 2009 j\u00fal. 17.)<\/p>\n","protected":false},"featured_media":0,"comment_status":"open","ping_status":"closed","template":"","meta":[],"product_brand":[],"product_cat":[137],"product_tag":[],"class_list":{"0":"post-16307","1":"product","2":"type-product","3":"status-publish","5":"product_cat-maros-megyei-eletrajzi-lexikon","7":"first","8":"instock","9":"shipping-taxable","10":"product-type-simple"},"_links":{"self":[{"href":"https:\/\/uj.adatbank.ro\/lexikon\/wp-json\/wp\/v2\/product\/16307","targetHints":{"allow":["GET"]}}],"collection":[{"href":"https:\/\/uj.adatbank.ro\/lexikon\/wp-json\/wp\/v2\/product"}],"about":[{"href":"https:\/\/uj.adatbank.ro\/lexikon\/wp-json\/wp\/v2\/types\/product"}],"replies":[{"embeddable":true,"href":"https:\/\/uj.adatbank.ro\/lexikon\/wp-json\/wp\/v2\/comments?post=16307"}],"wp:attachment":[{"href":"https:\/\/uj.adatbank.ro\/lexikon\/wp-json\/wp\/v2\/media?parent=16307"}],"wp:term":[{"taxonomy":"product_brand","embeddable":true,"href":"https:\/\/uj.adatbank.ro\/lexikon\/wp-json\/wp\/v2\/product_brand?post=16307"},{"taxonomy":"product_cat","embeddable":true,"href":"https:\/\/uj.adatbank.ro\/lexikon\/wp-json\/wp\/v2\/product_cat?post=16307"},{"taxonomy":"product_tag","embeddable":true,"href":"https:\/\/uj.adatbank.ro\/lexikon\/wp-json\/wp\/v2\/product_tag?post=16307"}],"curies":[{"name":"wp","href":"https:\/\/api.w.org\/{rel}","templated":true}]}}