{"id":16308,"date":"2025-07-15T16:12:12","date_gmt":"2025-07-15T14:12:12","guid":{"rendered":"https:\/\/uj.adatbank.ro\/lexikon\/termek\/nagy-jozsef-16\/"},"modified":"2025-07-15T16:12:12","modified_gmt":"2025-07-15T14:12:12","slug":"nagy-jozsef-16","status":"publish","type":"product","link":"https:\/\/uj.adatbank.ro\/lexikon\/termek\/nagy-jozsef-16\/","title":{"rendered":"NAGY J\u00f3zsef"},"content":{"rendered":"<p>Mv., 1947.\u2020 Mv., 2018. m\u00e1rc. 21.:atl\u00e9ta, diszkoszvet\u0151. \u2013 A Bolyai Farkas L\u00edc.-ban \u00e9retts\u00e9gizett (1964). Kiv\u00e1l\u00f3 mv.-i atl\u00e9ta. A buk.-i Testnevel\u00e9si F\u0151iskol\u00e1ban v\u00e9gzett, a Steaua sportol\u00f3ja. Sokszoros, huszonh\u00e9tszeres orsz\u00e1gos bajnok, valamint Balk\u00e1n-bajnok \u00e9s diszkoszdob\u00f3 rekorder, t\u00f6bb ez\u00fcst \u00e9s bronz\u00e9rmet, t\u00edz Orsz\u00e1gos Bajnok OB; n\u00e9gy Balk\u00e1n Bajnok BB, k\u00e9t \u00e9vtizeden kereszt\u00fcl a hazai diszkoszvet\u0151 mez\u0151ny serd\u0171l\u0151, ifj\u00fa \u00e9s feln\u0151tt bajnoka. A rom\u00e1n atl\u00e9t\u00e1k v\u00e1logatottj\u00e1nak ranglistavezet\u0151je, 49 \u2013szeres v\u00e1logatott (1996), szerepelt a montreali Olimpiai J\u00e1t\u00e9kon (1976). Sportmester (1967). <br \/><strong>Irod.:<\/strong> EMKK 2000; N. J. atl\u00e9ta (N\u00fa., 2000. szept. 4.); Nekrol\u00f3g (N\u00fa., 2018. m\u00e1rc. 22.)<\/br><\/p>\n","protected":false},"excerpt":{"rendered":"<p>Mv., 1947.\u2020 Mv., 2018. m\u00e1rc. 21.:atl\u00e9ta, diszkoszvet\u0151. \u2013 A Bolyai Farkas L\u00edc.-ban \u00e9retts\u00e9gizett (1964). Kiv\u00e1l\u00f3 mv.-i atl\u00e9ta. A buk.-i Testnevel\u00e9si F\u0151iskol\u00e1ban v\u00e9gzett, a Steaua sportol\u00f3ja. Sokszoros, huszonh\u00e9tszeres orsz\u00e1gos bajnok, valamint Balk\u00e1n-bajnok \u00e9s diszkoszdob\u00f3 rekorder, t\u00f6bb ez\u00fcst \u00e9s bronz\u00e9rmet, t\u00edz Orsz\u00e1gos Bajnok OB; n\u00e9gy Balk\u00e1n Bajnok BB, k\u00e9t \u00e9vtizeden kereszt\u00fcl a hazai diszkoszvet\u0151 mez\u0151ny serd\u0171l\u0151, ifj\u00fa [&hellip;]<\/p>\n","protected":false},"featured_media":0,"comment_status":"open","ping_status":"closed","template":"","meta":[],"product_brand":[],"product_cat":[137],"product_tag":[],"class_list":{"0":"post-16308","1":"product","2":"type-product","3":"status-publish","5":"product_cat-maros-megyei-eletrajzi-lexikon","7":"first","8":"instock","9":"shipping-taxable","10":"product-type-simple"},"_links":{"self":[{"href":"https:\/\/uj.adatbank.ro\/lexikon\/wp-json\/wp\/v2\/product\/16308","targetHints":{"allow":["GET"]}}],"collection":[{"href":"https:\/\/uj.adatbank.ro\/lexikon\/wp-json\/wp\/v2\/product"}],"about":[{"href":"https:\/\/uj.adatbank.ro\/lexikon\/wp-json\/wp\/v2\/types\/product"}],"replies":[{"embeddable":true,"href":"https:\/\/uj.adatbank.ro\/lexikon\/wp-json\/wp\/v2\/comments?post=16308"}],"wp:attachment":[{"href":"https:\/\/uj.adatbank.ro\/lexikon\/wp-json\/wp\/v2\/media?parent=16308"}],"wp:term":[{"taxonomy":"product_brand","embeddable":true,"href":"https:\/\/uj.adatbank.ro\/lexikon\/wp-json\/wp\/v2\/product_brand?post=16308"},{"taxonomy":"product_cat","embeddable":true,"href":"https:\/\/uj.adatbank.ro\/lexikon\/wp-json\/wp\/v2\/product_cat?post=16308"},{"taxonomy":"product_tag","embeddable":true,"href":"https:\/\/uj.adatbank.ro\/lexikon\/wp-json\/wp\/v2\/product_tag?post=16308"}],"curies":[{"name":"wp","href":"https:\/\/api.w.org\/{rel}","templated":true}]}}