{"id":16309,"date":"2025-07-15T16:12:16","date_gmt":"2025-07-15T14:12:16","guid":{"rendered":"https:\/\/uj.adatbank.ro\/lexikon\/termek\/nagy-jozsef-%c2%a7\/"},"modified":"2025-07-15T16:12:16","modified_gmt":"2025-07-15T14:12:16","slug":"nagy-jozsef-%c2%a7","status":"publish","type":"product","link":"https:\/\/uj.adatbank.ro\/lexikon\/termek\/nagy-jozsef-%c2%a7\/","title":{"rendered":"NAGY J\u00f3zsef, \u00a7"},"content":{"rendered":"<p>Mez\u0151madaras, 1931. aug. 19., \u2020 Mv., 2008. dec. 21.: sz\u00edn\u00e9sz. \u2013 A Sz\u00ednm\u0171v\u00e9szeti F\u0151iskol\u00e1t Kv.-on v\u00e9gezte (1953). \u00c9vfolyamt\u00e1rsaival \u00e9s Harag Gy\u00f6rgy rendez\u0151vel alap\u00edt\u00f3i voltak a nagyb\u00e1nyai sz\u00ednh\u00e1znak, majd \u00e1tszerz\u0151d\u00f6tt Mv.-re \u00e9s \u00e9lete v\u00e9g\u00e9ig tagja volt (1954\u20132008). A Sz\u00e9kely Sz\u00ednh\u00e1z (majd Mv.-i \u00c1llami, k\u00e9s\u0151bb Nemzeti Sz\u00ednh\u00e1z) jeles el\u0151ad\u00e1saiban alak\u00edtott eml\u00e9kezetes szerepeket. Gyakran alak\u00edtott k\u00fcl\u00f6nb\u00f6z\u0151 epiz\u00f3dfigur\u00e1kat, karakterszerepeket. Rendezett is: R\u00e9gi n\u00f3ta, h\u00edres n\u00f3ta c. dalokb\u00f3l \u00e9s operettsl\u00e1gerekb\u0151l k\u00e9sz\u00fclt \u00f6ssze\u00e1ll\u00edt\u00e1st. Seg\u00e9drendez\u0151 volt a Hunyadi Andr\u00e1s rendezte S\u00e1ri b\u00edr\u00f3 sz\u00ednre vitel\u00e9ben. Presbitere volt a mv.-i VII. Szabads\u00e1g utcai Ref. Egyh\u00e1zk\u00f6zs\u00e9g \u2013 \u00e9s a gy\u00fclekezetnek. Hozs\u00e1nna k\u00f3rusnak lelkes tagja. Nyugd\u00edjask\u00e9nt egyike a Hunyadi L\u00e1szl\u00f3 Bar\u00e1ti K\u00f6re t\u00e1rsas\u00e1g \u00e1ltal kit\u0171ntetett sz\u00edn\u00e9szeknek (2004). A bp.-i M. J\u00e1t\u00e9ksz\u00edni T\u00e1rsas\u00e1g H\u0171s\u00e9g D\u00edjasa (2006). \u2013 <strong>F. sz.:<\/strong> Laji (S\u00fct\u0151: Fecskesz\u00e1rny\u00fa szem\u00f6ld\u00f6k); G\u00e1bor (Sarkadi I.: Szeptember); Gyuri (Szigligeti E.: Liliomfi); Jakov (Csehov: Platonov szerelmei); Vajdah\u00e1zi P\u00e1l (K\u00f3s: Budai Nagy Antal); Portup\u00e9ja (Bulgakov: A divatszalon titka); Lampert isp\u00e1n (Sz\u00e9kely J.: Vak B\u00e9la). Illy\u00e9s Gyula: F\u00e1klyal\u00e1ng); Szirmai Albert: M\u00e9zeskal\u00e1cs; S\u00fct\u0151 Andr\u00e1s: Fecskesz\u00e1rny\u00fa szem\u00f6ld\u00f6k, Pomp\u00e1s Gedeon; Alexandru Mirodan: \u00dajs\u00e1g\u00edr\u00f3k; Mu\u015fatescu: Titanic kering\u0151; G.B.Shaw: Az \u00f6rd\u00f6g cimbor\u00e1ja; D\u00fcrrenmatt: Fizikusok; Cs\u00edki Gergely: Bubor\u00e9kok; Csehov: Platanov szerelmei; Shakespeare: Machbeth; Szab\u00f3 Lajos: Ments\u00e9g; Steinbeck: Egerek \u00e9s emberek; Tam\u00e1si \u00c1ron: Csal\u00f3ka sziv\u00e1rv\u00e1ny; Hallott\u00e1tok, mi esett meg \u00fatban a f\u00f3rum fel\u00e9?!; L\u00e9gy j\u00f3 mindhal\u00e1lig, S\u00fct\u0151 A.:Az ugat\u00f3 mad\u00e1r, Heltai Jen\u0151: A n\u00e9ma levente, D\u00fcrrenmatt: Az \u00f6reg h\u00f6lgy l\u00e1togat\u00e1sa, S\u00edk S\u00e1ndor: Istv\u00e1n kir\u00e1ly; <strong>F. r.:<\/strong>: R\u00e9gi n\u00f3ta h\u00edres n\u00f3ta : Operett r\u00e9szletek, dalok (1972\u2013); S\u00e1ri bir\u00f3. <br \/><strong>Irod.:<\/strong> A H\u00e9t \u00c9vk. (1982); Kiss \u00c9va Evelyn: N. J. h\u0171s\u00e9gd\u00edjas (N\u00fa., 2007. jan. 9.); KKACs; Kov\u00e1cs Levente; Menyh\u00e1rt Borb\u00e1la: \u00c9rt\u00e9k a h\u0171s\u00e9g (N\u00fa., 2007. febr. 22.); MSZL; MSZL; [Nekrol\u00f3g] (N\u00fa., 2008. dec. 23.); Elhunyt N. J. sz\u00ednm\u0171v\u00e9sz (Kr\u00f3nika, 2008. dec. 23.)<\/br><\/p>\n","protected":false},"excerpt":{"rendered":"<p>Mez\u0151madaras, 1931. aug. 19., \u2020 Mv., 2008. dec. 21.: sz\u00edn\u00e9sz. \u2013 A Sz\u00ednm\u0171v\u00e9szeti F\u0151iskol\u00e1t Kv.-on v\u00e9gezte (1953). \u00c9vfolyamt\u00e1rsaival \u00e9s Harag Gy\u00f6rgy rendez\u0151vel alap\u00edt\u00f3i voltak a nagyb\u00e1nyai sz\u00ednh\u00e1znak, majd \u00e1tszerz\u0151d\u00f6tt Mv.-re \u00e9s \u00e9lete v\u00e9g\u00e9ig tagja volt (1954\u20132008). A Sz\u00e9kely Sz\u00ednh\u00e1z (majd Mv.-i \u00c1llami, k\u00e9s\u0151bb Nemzeti Sz\u00ednh\u00e1z) jeles el\u0151ad\u00e1saiban alak\u00edtott eml\u00e9kezetes szerepeket. Gyakran alak\u00edtott k\u00fcl\u00f6nb\u00f6z\u0151 epiz\u00f3dfigur\u00e1kat, karakterszerepeket. [&hellip;]<\/p>\n","protected":false},"featured_media":0,"comment_status":"open","ping_status":"closed","template":"","meta":[],"product_brand":[],"product_cat":[137],"product_tag":[],"class_list":{"0":"post-16309","1":"product","2":"type-product","3":"status-publish","5":"product_cat-maros-megyei-eletrajzi-lexikon","7":"first","8":"instock","9":"shipping-taxable","10":"product-type-simple"},"_links":{"self":[{"href":"https:\/\/uj.adatbank.ro\/lexikon\/wp-json\/wp\/v2\/product\/16309","targetHints":{"allow":["GET"]}}],"collection":[{"href":"https:\/\/uj.adatbank.ro\/lexikon\/wp-json\/wp\/v2\/product"}],"about":[{"href":"https:\/\/uj.adatbank.ro\/lexikon\/wp-json\/wp\/v2\/types\/product"}],"replies":[{"embeddable":true,"href":"https:\/\/uj.adatbank.ro\/lexikon\/wp-json\/wp\/v2\/comments?post=16309"}],"wp:attachment":[{"href":"https:\/\/uj.adatbank.ro\/lexikon\/wp-json\/wp\/v2\/media?parent=16309"}],"wp:term":[{"taxonomy":"product_brand","embeddable":true,"href":"https:\/\/uj.adatbank.ro\/lexikon\/wp-json\/wp\/v2\/product_brand?post=16309"},{"taxonomy":"product_cat","embeddable":true,"href":"https:\/\/uj.adatbank.ro\/lexikon\/wp-json\/wp\/v2\/product_cat?post=16309"},{"taxonomy":"product_tag","embeddable":true,"href":"https:\/\/uj.adatbank.ro\/lexikon\/wp-json\/wp\/v2\/product_tag?post=16309"}],"curies":[{"name":"wp","href":"https:\/\/api.w.org\/{rel}","templated":true}]}}