{"id":1631,"date":"2025-06-28T11:48:13","date_gmt":"2025-06-28T09:48:13","guid":{"rendered":"https:\/\/uj.adatbank.ro\/lexikon\/termek\/ady-bela\/"},"modified":"2025-06-28T11:48:13","modified_gmt":"2025-06-28T09:48:13","slug":"ady-bela","status":"publish","type":"product","link":"https:\/\/uj.adatbank.ro\/lexikon\/termek\/ady-bela\/","title":{"rendered":"ADY B\u00e9la"},"content":{"rendered":"<p>Szamosfalva, 1907. j\u00fal.12., \u2020 Magyarkir\u00e1lyfalva, ?: ref. lelk\u00e9sz. \u2013 A k\u00f6z\u00e9piskol\u00e1it Mv.-en a Ref. Koll.-ban, a teol\u00f3gi\u00e1t Kv-t v\u00e9gezte. A teol\u00f3gia elv\u00e9gz\u00e9se ut\u00e1n Mv.-en seg\u00e9dlelk\u00e9sz, majd Magyardell\u0151re h\u00edvt\u00e1k meg, ahol n\u00e9gy \u00e9s f\u00e9l \u00e9vet szolg\u00e1lt. Onnan H\u00e9derf\u00e1j\u00e1ra helyezt\u00e9k. Folytatta a belmisszi\u00f3i munk\u00e1t, vas\u00e1rnapi iskol\u00e1t vezetett, szervezte a n\u0151sz\u00f6vets\u00e9gi munk\u00e1t, vall\u00e1s\u00f3r\u00e1kat tartott, alkalmi \u00fcnnep\u00e9lyeket rendezett. Megv\u00e1lasztott\u00e1k egyh\u00e1zmegyei p\u00e9nzt\u00e1rosnak. A b\u00e9csi d\u00f6nt\u00e9s ut\u00e1n egyed\u00fcl v\u00e9gezte a tanul\u00f3k oktat\u00e1s\u00e1t is (1940\u201345). Megszervezte a bonyhai ref. algimn.-ot (1946), naponta \u00e1tgyalogolt \u00f3r\u00e1ikat tartani (1946\u201348). Tejsz\u00f6vetkezetet, fogyaszt\u00e1si sz\u00f6vetkezetet l\u00e9tes\u00edtett \u00e9s vezetett. A h\u00e1bor\u00fa alatt \u0151t is intern\u00e1lt\u00e1k Bal\u00e1zsfalv\u00e1ra, onnan Als\u00f3kar\u00e1csonyfalv\u00e1ra vitt\u00e9k (1944. aug. 31.\u20131944. okt.16.). Szabadul\u00e1sa ut\u00e1n H\u00e9derf\u00e1j\u00e1n szolg\u00e1lt tov\u00e1bb (1950), majd Magyarkir\u00e1lyfalv\u00e1ra ker\u00fclt. Az EMISz-hez csatlakozott (1956), ez\u00e9rt letart\u00f3ztatt\u00e1k (1959. jan. 10) \u00e9s 5 \u00e9vre \u00edt\u00e9lt\u00e9k. <br \/><strong>Irod.:<\/strong> \u00c1ldozatok; Bartos 2012; H\u00e9derf\u00e1ja \u00e9s egyh\u00e1za; P\u00e1l-Antal 2013<\/br><\/p>\n","protected":false},"excerpt":{"rendered":"<p>Szamosfalva, 1907. j\u00fal.12., \u2020 Magyarkir\u00e1lyfalva, ?: ref. lelk\u00e9sz. \u2013 A k\u00f6z\u00e9piskol\u00e1it Mv.-en a Ref. Koll.-ban, a teol\u00f3gi\u00e1t Kv-t v\u00e9gezte. A teol\u00f3gia elv\u00e9gz\u00e9se ut\u00e1n Mv.-en seg\u00e9dlelk\u00e9sz, majd Magyardell\u0151re h\u00edvt\u00e1k meg, ahol n\u00e9gy \u00e9s f\u00e9l \u00e9vet szolg\u00e1lt. Onnan H\u00e9derf\u00e1j\u00e1ra helyezt\u00e9k. Folytatta a belmisszi\u00f3i munk\u00e1t, vas\u00e1rnapi iskol\u00e1t vezetett, szervezte a n\u0151sz\u00f6vets\u00e9gi munk\u00e1t, vall\u00e1s\u00f3r\u00e1kat tartott, alkalmi \u00fcnnep\u00e9lyeket rendezett. Megv\u00e1lasztott\u00e1k [&hellip;]<\/p>\n","protected":false},"featured_media":0,"comment_status":"open","ping_status":"closed","template":"","meta":[],"product_brand":[],"product_cat":[137],"product_tag":[],"class_list":{"0":"post-1631","1":"product","2":"type-product","3":"status-publish","5":"product_cat-maros-megyei-eletrajzi-lexikon","7":"first","8":"instock","9":"shipping-taxable","10":"product-type-simple"},"_links":{"self":[{"href":"https:\/\/uj.adatbank.ro\/lexikon\/wp-json\/wp\/v2\/product\/1631","targetHints":{"allow":["GET"]}}],"collection":[{"href":"https:\/\/uj.adatbank.ro\/lexikon\/wp-json\/wp\/v2\/product"}],"about":[{"href":"https:\/\/uj.adatbank.ro\/lexikon\/wp-json\/wp\/v2\/types\/product"}],"replies":[{"embeddable":true,"href":"https:\/\/uj.adatbank.ro\/lexikon\/wp-json\/wp\/v2\/comments?post=1631"}],"wp:attachment":[{"href":"https:\/\/uj.adatbank.ro\/lexikon\/wp-json\/wp\/v2\/media?parent=1631"}],"wp:term":[{"taxonomy":"product_brand","embeddable":true,"href":"https:\/\/uj.adatbank.ro\/lexikon\/wp-json\/wp\/v2\/product_brand?post=1631"},{"taxonomy":"product_cat","embeddable":true,"href":"https:\/\/uj.adatbank.ro\/lexikon\/wp-json\/wp\/v2\/product_cat?post=1631"},{"taxonomy":"product_tag","embeddable":true,"href":"https:\/\/uj.adatbank.ro\/lexikon\/wp-json\/wp\/v2\/product_tag?post=1631"}],"curies":[{"name":"wp","href":"https:\/\/api.w.org\/{rel}","templated":true}]}}