{"id":16311,"date":"2025-07-15T16:12:22","date_gmt":"2025-07-15T14:12:22","guid":{"rendered":"https:\/\/uj.adatbank.ro\/lexikon\/termek\/nagy-jozsef-kaali\/"},"modified":"2025-07-15T16:12:22","modified_gmt":"2025-07-15T14:12:22","slug":"nagy-jozsef-kaali","status":"publish","type":"product","link":"https:\/\/uj.adatbank.ro\/lexikon\/termek\/nagy-jozsef-kaali\/","title":{"rendered":"NAGY J\u00f3zsef, ka\u00e1li"},"content":{"rendered":"<p>? \u2020 ?: unit. gondnok, alkir\u00e1lyb\u00edr\u00f3. \u2013 Nagy Zsigmond hal\u00e1la ut\u00e1n a meg\u00fcr\u00fclt unit\u00e1rius marosk\u00f6ri gondnoki tiszts\u00e9gbe v\u00e1lasztott\u00e1k (1787), Marossz\u00e9k ogy.-i k\u00f6vete (1791), jegyz\u0151 (1807); alkir\u00e1lyb\u00edr\u00f3 (1813). <br \/><strong>Irod.:<\/strong> K\u0151v\u00e1ry L\u00e1szl\u00f3 1899; Kr\u00f3n F\u00fcz. (1939.4\/9); P\u00e1lmay<\/br><\/p>\n","protected":false},"excerpt":{"rendered":"<p>? \u2020 ?: unit. gondnok, alkir\u00e1lyb\u00edr\u00f3. \u2013 Nagy Zsigmond hal\u00e1la ut\u00e1n a meg\u00fcr\u00fclt unit\u00e1rius marosk\u00f6ri gondnoki tiszts\u00e9gbe v\u00e1lasztott\u00e1k (1787), Marossz\u00e9k ogy.-i k\u00f6vete (1791), jegyz\u0151 (1807); alkir\u00e1lyb\u00edr\u00f3 (1813). Irod.: K\u0151v\u00e1ry L\u00e1szl\u00f3 1899; Kr\u00f3n F\u00fcz. (1939.4\/9); P\u00e1lmay<\/p>\n","protected":false},"featured_media":0,"comment_status":"open","ping_status":"closed","template":"","meta":[],"product_brand":[],"product_cat":[137],"product_tag":[],"class_list":{"0":"post-16311","1":"product","2":"type-product","3":"status-publish","5":"product_cat-maros-megyei-eletrajzi-lexikon","7":"first","8":"instock","9":"shipping-taxable","10":"product-type-simple"},"_links":{"self":[{"href":"https:\/\/uj.adatbank.ro\/lexikon\/wp-json\/wp\/v2\/product\/16311","targetHints":{"allow":["GET"]}}],"collection":[{"href":"https:\/\/uj.adatbank.ro\/lexikon\/wp-json\/wp\/v2\/product"}],"about":[{"href":"https:\/\/uj.adatbank.ro\/lexikon\/wp-json\/wp\/v2\/types\/product"}],"replies":[{"embeddable":true,"href":"https:\/\/uj.adatbank.ro\/lexikon\/wp-json\/wp\/v2\/comments?post=16311"}],"wp:attachment":[{"href":"https:\/\/uj.adatbank.ro\/lexikon\/wp-json\/wp\/v2\/media?parent=16311"}],"wp:term":[{"taxonomy":"product_brand","embeddable":true,"href":"https:\/\/uj.adatbank.ro\/lexikon\/wp-json\/wp\/v2\/product_brand?post=16311"},{"taxonomy":"product_cat","embeddable":true,"href":"https:\/\/uj.adatbank.ro\/lexikon\/wp-json\/wp\/v2\/product_cat?post=16311"},{"taxonomy":"product_tag","embeddable":true,"href":"https:\/\/uj.adatbank.ro\/lexikon\/wp-json\/wp\/v2\/product_tag?post=16311"}],"curies":[{"name":"wp","href":"https:\/\/api.w.org\/{rel}","templated":true}]}}