{"id":16312,"date":"2025-07-15T16:12:26","date_gmt":"2025-07-15T14:12:26","guid":{"rendered":"https:\/\/uj.adatbank.ro\/lexikon\/termek\/nagy-jozsef-kaali-2\/"},"modified":"2025-07-15T16:12:26","modified_gmt":"2025-07-15T14:12:26","slug":"nagy-jozsef-kaali-2","status":"publish","type":"product","link":"https:\/\/uj.adatbank.ro\/lexikon\/termek\/nagy-jozsef-kaali-2\/","title":{"rendered":"NAGY J\u00f3zsef, ka\u00e1li"},"content":{"rendered":"<p>? \u2020 ?: Feles\u00e9ge: Hegyesi R\u00f3za (1884-ben m\u00e1r \u00f6zv.). Le\u00e1nyuk: N. Irma (1867 \u2013 1884. okt. 14.). <br \/><strong>Irod.:<\/strong> Gy\u00e1szjelent\u0151<\/br><\/p>\n","protected":false},"excerpt":{"rendered":"<p>? \u2020 ?: Feles\u00e9ge: Hegyesi R\u00f3za (1884-ben m\u00e1r \u00f6zv.). Le\u00e1nyuk: N. Irma (1867 \u2013 1884. okt. 14.). Irod.: Gy\u00e1szjelent\u0151<\/p>\n","protected":false},"featured_media":0,"comment_status":"open","ping_status":"closed","template":"","meta":[],"product_brand":[],"product_cat":[137],"product_tag":[],"class_list":{"0":"post-16312","1":"product","2":"type-product","3":"status-publish","5":"product_cat-maros-megyei-eletrajzi-lexikon","7":"first","8":"instock","9":"shipping-taxable","10":"product-type-simple"},"_links":{"self":[{"href":"https:\/\/uj.adatbank.ro\/lexikon\/wp-json\/wp\/v2\/product\/16312","targetHints":{"allow":["GET"]}}],"collection":[{"href":"https:\/\/uj.adatbank.ro\/lexikon\/wp-json\/wp\/v2\/product"}],"about":[{"href":"https:\/\/uj.adatbank.ro\/lexikon\/wp-json\/wp\/v2\/types\/product"}],"replies":[{"embeddable":true,"href":"https:\/\/uj.adatbank.ro\/lexikon\/wp-json\/wp\/v2\/comments?post=16312"}],"wp:attachment":[{"href":"https:\/\/uj.adatbank.ro\/lexikon\/wp-json\/wp\/v2\/media?parent=16312"}],"wp:term":[{"taxonomy":"product_brand","embeddable":true,"href":"https:\/\/uj.adatbank.ro\/lexikon\/wp-json\/wp\/v2\/product_brand?post=16312"},{"taxonomy":"product_cat","embeddable":true,"href":"https:\/\/uj.adatbank.ro\/lexikon\/wp-json\/wp\/v2\/product_cat?post=16312"},{"taxonomy":"product_tag","embeddable":true,"href":"https:\/\/uj.adatbank.ro\/lexikon\/wp-json\/wp\/v2\/product_tag?post=16312"}],"curies":[{"name":"wp","href":"https:\/\/api.w.org\/{rel}","templated":true}]}}