{"id":16313,"date":"2025-07-15T16:12:28","date_gmt":"2025-07-15T14:12:28","guid":{"rendered":"https:\/\/uj.adatbank.ro\/lexikon\/termek\/nagy-jozsef-kali\/"},"modified":"2025-07-15T16:12:28","modified_gmt":"2025-07-15T14:12:28","slug":"nagy-jozsef-kali","status":"publish","type":"product","link":"https:\/\/uj.adatbank.ro\/lexikon\/termek\/nagy-jozsef-kali\/","title":{"rendered":"NAGY J\u00f3zsef, k\u00e1li"},"content":{"rendered":"<p>Szab\u00e9d, 1901., \u2020 ?: tan\u00edt\u00f3. \u2013 Tanulm\u00e1nyait Sz\u00e9kelykereszt\u00faron v\u00e9gezte, Iklandon kezdett tan\u00edtani, onnan Dics\u0151szentm\u00e1rtonba majd Szab\u00e9dra (1927\u2013) ker\u00fclt. A k\u00f6zs\u00e9gi k\u00e9pvisel\u0151 test\u00fclet tagja, a Hangya fel\u00fcgyel\u0151 bizotts\u00e1g\u00e1nak tagja, \u00fajj\u00e1szervezte a gazdak\u00f6rt, minden kultur\u00e1lis int\u00e9zm\u00e9ny \u00e9s egyes\u00fclet munk\u00e1ss\u00e1g\u00e1ban r\u00e9szt vett. <br \/><strong>Irod.:<\/strong> Sz\u00e9kelyf\u00f6ld \u00ed.k.<\/br><\/p>\n","protected":false},"excerpt":{"rendered":"<p>Szab\u00e9d, 1901., \u2020 ?: tan\u00edt\u00f3. \u2013 Tanulm\u00e1nyait Sz\u00e9kelykereszt\u00faron v\u00e9gezte, Iklandon kezdett tan\u00edtani, onnan Dics\u0151szentm\u00e1rtonba majd Szab\u00e9dra (1927\u2013) ker\u00fclt. A k\u00f6zs\u00e9gi k\u00e9pvisel\u0151 test\u00fclet tagja, a Hangya fel\u00fcgyel\u0151 bizotts\u00e1g\u00e1nak tagja, \u00fajj\u00e1szervezte a gazdak\u00f6rt, minden kultur\u00e1lis int\u00e9zm\u00e9ny \u00e9s egyes\u00fclet munk\u00e1ss\u00e1g\u00e1ban r\u00e9szt vett. Irod.: Sz\u00e9kelyf\u00f6ld \u00ed.k.<\/p>\n","protected":false},"featured_media":0,"comment_status":"open","ping_status":"closed","template":"","meta":[],"product_brand":[],"product_cat":[137],"product_tag":[],"class_list":{"0":"post-16313","1":"product","2":"type-product","3":"status-publish","5":"product_cat-maros-megyei-eletrajzi-lexikon","7":"first","8":"instock","9":"shipping-taxable","10":"product-type-simple"},"_links":{"self":[{"href":"https:\/\/uj.adatbank.ro\/lexikon\/wp-json\/wp\/v2\/product\/16313","targetHints":{"allow":["GET"]}}],"collection":[{"href":"https:\/\/uj.adatbank.ro\/lexikon\/wp-json\/wp\/v2\/product"}],"about":[{"href":"https:\/\/uj.adatbank.ro\/lexikon\/wp-json\/wp\/v2\/types\/product"}],"replies":[{"embeddable":true,"href":"https:\/\/uj.adatbank.ro\/lexikon\/wp-json\/wp\/v2\/comments?post=16313"}],"wp:attachment":[{"href":"https:\/\/uj.adatbank.ro\/lexikon\/wp-json\/wp\/v2\/media?parent=16313"}],"wp:term":[{"taxonomy":"product_brand","embeddable":true,"href":"https:\/\/uj.adatbank.ro\/lexikon\/wp-json\/wp\/v2\/product_brand?post=16313"},{"taxonomy":"product_cat","embeddable":true,"href":"https:\/\/uj.adatbank.ro\/lexikon\/wp-json\/wp\/v2\/product_cat?post=16313"},{"taxonomy":"product_tag","embeddable":true,"href":"https:\/\/uj.adatbank.ro\/lexikon\/wp-json\/wp\/v2\/product_tag?post=16313"}],"curies":[{"name":"wp","href":"https:\/\/api.w.org\/{rel}","templated":true}]}}