{"id":16318,"date":"2025-07-15T16:12:39","date_gmt":"2025-07-15T14:12:39","guid":{"rendered":"https:\/\/uj.adatbank.ro\/lexikon\/termek\/nagy-jozsef-kaposztasszentmiklosi-4\/"},"modified":"2025-07-15T16:12:39","modified_gmt":"2025-07-15T14:12:39","slug":"nagy-jozsef-kaposztasszentmiklosi-4","status":"publish","type":"product","link":"https:\/\/uj.adatbank.ro\/lexikon\/termek\/nagy-jozsef-kaposztasszentmiklosi-4\/","title":{"rendered":"NAGY J\u00f3zsef, k\u00e1poszt\u00e1sszentmikl\u00f3si"},"content":{"rendered":"<p>? \u2020 ? \u2013 <strong>F. m.:<\/strong> Az \u00f6r\u00f6kl\u00e9t (Mv., 1921). <br \/><strong>Irod.:<\/strong> F\u00fcl\u00f6p\u2013Ferencz; Gy\u00f6rgy 1926<\/br><\/p>\n","protected":false},"excerpt":{"rendered":"<p>? \u2020 ? \u2013 F. m.: Az \u00f6r\u00f6kl\u00e9t (Mv., 1921). Irod.: F\u00fcl\u00f6p\u2013Ferencz; Gy\u00f6rgy 1926<\/p>\n","protected":false},"featured_media":0,"comment_status":"open","ping_status":"closed","template":"","meta":[],"product_brand":[],"product_cat":[137],"product_tag":[],"class_list":{"0":"post-16318","1":"product","2":"type-product","3":"status-publish","5":"product_cat-maros-megyei-eletrajzi-lexikon","7":"first","8":"instock","9":"shipping-taxable","10":"product-type-simple"},"_links":{"self":[{"href":"https:\/\/uj.adatbank.ro\/lexikon\/wp-json\/wp\/v2\/product\/16318","targetHints":{"allow":["GET"]}}],"collection":[{"href":"https:\/\/uj.adatbank.ro\/lexikon\/wp-json\/wp\/v2\/product"}],"about":[{"href":"https:\/\/uj.adatbank.ro\/lexikon\/wp-json\/wp\/v2\/types\/product"}],"replies":[{"embeddable":true,"href":"https:\/\/uj.adatbank.ro\/lexikon\/wp-json\/wp\/v2\/comments?post=16318"}],"wp:attachment":[{"href":"https:\/\/uj.adatbank.ro\/lexikon\/wp-json\/wp\/v2\/media?parent=16318"}],"wp:term":[{"taxonomy":"product_brand","embeddable":true,"href":"https:\/\/uj.adatbank.ro\/lexikon\/wp-json\/wp\/v2\/product_brand?post=16318"},{"taxonomy":"product_cat","embeddable":true,"href":"https:\/\/uj.adatbank.ro\/lexikon\/wp-json\/wp\/v2\/product_cat?post=16318"},{"taxonomy":"product_tag","embeddable":true,"href":"https:\/\/uj.adatbank.ro\/lexikon\/wp-json\/wp\/v2\/product_tag?post=16318"}],"curies":[{"name":"wp","href":"https:\/\/api.w.org\/{rel}","templated":true}]}}