{"id":1632,"date":"2025-06-28T11:48:15","date_gmt":"2025-06-28T09:48:15","guid":{"rendered":"https:\/\/uj.adatbank.ro\/lexikon\/termek\/ady-erno-ady-ernest\/"},"modified":"2025-06-28T11:48:15","modified_gmt":"2025-06-28T09:48:15","slug":"ady-erno-ady-ernest","status":"publish","type":"product","link":"https:\/\/uj.adatbank.ro\/lexikon\/termek\/ady-erno-ady-ernest\/","title":{"rendered":"ADY Ern\u0151, Ady Ernest"},"content":{"rendered":"<p>? \u2020 ? : alisp\u00e1n, allprefektus. \u2013 Szakiskol\u00e1t v\u00e9gzett Mv.-en, fafar\u00e1g\u00e1szatot tanult. Buk.-ben t\u00edz \u00e9vig litogr\u00e1fusk\u00e9nt dolgozott. Visszat\u00e9rt Mv.-re, alkalmi munk\u00e1s, tisztvisel\u0151 a v\u00e1rmegyeh\u00e1z\u00e1n (1944 tavasz\u00e1ig). A lib\u00e1nfalvi parancsnoks\u00e1gon volt m\u0171szaki rajzol\u00f3, majd visszat\u00e9rt a megy\u00e9hez (1944. aug.). Tagja lett a RKP-nak (1945\u2013). R\u00e9szt vett a megyeh\u00e1z\u00e1n dolgoz\u00f3k alapszervezet\u00e9nek megszervez\u00e9s\u00e9ben, amelynek titk\u00e1ra lett. P\u00e1rtaktivistak\u00e9nt r\u00e9szt vett a Demokratikus P\u00e1rtok Blokkj\u00e1nak v\u00e1lszt\u00e1si harc\u00e1ban (1946), vezette a megyef\u0151n\u00f6ki irod\u00e1t. Alisp\u00e1nnak nevezt\u00e9k ki (1948 \u0151sz\u00e9n), Maros megye \/ tartom\u00e1ny ideiglenes [k\u00f6zigazgat\u00e1si] bizotts\u00e1g\u00e1nak titk\u00e1ra (1949), \u00e9s k\u00e9pvisel\u0151 Maros tartom\u00e1ny n\u00e9ptan\u00e1cs\u00e1ban (1950). <br \/><strong>Irod.:<\/strong> A. E. elvt\u00e1rs (N\u00e9p\u00fajs\u00e1g, 1950. nov. 16.); Bartos 2012; Id\u0151t\u00e1r 4.; T\u00f6tt\u00f6ssy<\/br><\/p>\n","protected":false},"excerpt":{"rendered":"<p>? \u2020 ? : alisp\u00e1n, allprefektus. \u2013 Szakiskol\u00e1t v\u00e9gzett Mv.-en, fafar\u00e1g\u00e1szatot tanult. Buk.-ben t\u00edz \u00e9vig litogr\u00e1fusk\u00e9nt dolgozott. Visszat\u00e9rt Mv.-re, alkalmi munk\u00e1s, tisztvisel\u0151 a v\u00e1rmegyeh\u00e1z\u00e1n (1944 tavasz\u00e1ig). A lib\u00e1nfalvi parancsnoks\u00e1gon volt m\u0171szaki rajzol\u00f3, majd visszat\u00e9rt a megy\u00e9hez (1944. aug.). Tagja lett a RKP-nak (1945\u2013). R\u00e9szt vett a megyeh\u00e1z\u00e1n dolgoz\u00f3k alapszervezet\u00e9nek megszervez\u00e9s\u00e9ben, amelynek titk\u00e1ra lett. P\u00e1rtaktivistak\u00e9nt r\u00e9szt [&hellip;]<\/p>\n","protected":false},"featured_media":0,"comment_status":"open","ping_status":"closed","template":"","meta":[],"product_brand":[],"product_cat":[137],"product_tag":[],"class_list":{"0":"post-1632","1":"product","2":"type-product","3":"status-publish","5":"product_cat-maros-megyei-eletrajzi-lexikon","7":"first","8":"instock","9":"shipping-taxable","10":"product-type-simple"},"_links":{"self":[{"href":"https:\/\/uj.adatbank.ro\/lexikon\/wp-json\/wp\/v2\/product\/1632","targetHints":{"allow":["GET"]}}],"collection":[{"href":"https:\/\/uj.adatbank.ro\/lexikon\/wp-json\/wp\/v2\/product"}],"about":[{"href":"https:\/\/uj.adatbank.ro\/lexikon\/wp-json\/wp\/v2\/types\/product"}],"replies":[{"embeddable":true,"href":"https:\/\/uj.adatbank.ro\/lexikon\/wp-json\/wp\/v2\/comments?post=1632"}],"wp:attachment":[{"href":"https:\/\/uj.adatbank.ro\/lexikon\/wp-json\/wp\/v2\/media?parent=1632"}],"wp:term":[{"taxonomy":"product_brand","embeddable":true,"href":"https:\/\/uj.adatbank.ro\/lexikon\/wp-json\/wp\/v2\/product_brand?post=1632"},{"taxonomy":"product_cat","embeddable":true,"href":"https:\/\/uj.adatbank.ro\/lexikon\/wp-json\/wp\/v2\/product_cat?post=1632"},{"taxonomy":"product_tag","embeddable":true,"href":"https:\/\/uj.adatbank.ro\/lexikon\/wp-json\/wp\/v2\/product_tag?post=1632"}],"curies":[{"name":"wp","href":"https:\/\/api.w.org\/{rel}","templated":true}]}}