{"id":16320,"date":"2025-07-15T16:12:41","date_gmt":"2025-07-15T14:12:41","guid":{"rendered":"https:\/\/uj.adatbank.ro\/lexikon\/termek\/nagy-jozsef-mezopaniti\/"},"modified":"2025-07-15T16:12:41","modified_gmt":"2025-07-15T14:12:41","slug":"nagy-jozsef-mezopaniti","status":"publish","type":"product","link":"https:\/\/uj.adatbank.ro\/lexikon\/termek\/nagy-jozsef-mezopaniti\/","title":{"rendered":"NAGY J\u00f3zsef, mez\u0151paniti"},"content":{"rendered":"<p>1791.? \u2020 Mv., 1866. m\u00e1rc. 12. Bodonban temett\u00e9k: \u00fcgyv\u00e9d. \u2013 Kir. t\u00e1blai \u00fcgyv\u00e9d (25 \u00e9ven \u00e1t), majd kinevezt\u00e9k a kir. t\u00f6rv. t\u00e1bla f\u00f6zigazgat\u00f3j\u00e1v\u00e1. Marossz\u00e9k k\u00f6vete volt (1841) \u00e9s az erd\u00e9lyi ogy.-en kir. hivalalos (1848. m\u00e1j. 29. \u2013 j\u00fal. 18.). <br \/><strong>Irod.:<\/strong> B\u00e9nyei; Egyed \u00c1: Erd\u00e9ly 1848. ogy; Gy\u00e1szjelent\u0151; P\u00e1lmay; Szathm\u00e1ry Papp K\u00e1roly<\/br><\/p>\n","protected":false},"excerpt":{"rendered":"<p>1791.? \u2020 Mv., 1866. m\u00e1rc. 12. Bodonban temett\u00e9k: \u00fcgyv\u00e9d. \u2013 Kir. t\u00e1blai \u00fcgyv\u00e9d (25 \u00e9ven \u00e1t), majd kinevezt\u00e9k a kir. t\u00f6rv. t\u00e1bla f\u00f6zigazgat\u00f3j\u00e1v\u00e1. Marossz\u00e9k k\u00f6vete volt (1841) \u00e9s az erd\u00e9lyi ogy.-en kir. hivalalos (1848. m\u00e1j. 29. \u2013 j\u00fal. 18.). Irod.: B\u00e9nyei; Egyed \u00c1: Erd\u00e9ly 1848. ogy; Gy\u00e1szjelent\u0151; P\u00e1lmay; Szathm\u00e1ry Papp K\u00e1roly<\/p>\n","protected":false},"featured_media":0,"comment_status":"open","ping_status":"closed","template":"","meta":[],"product_brand":[],"product_cat":[137],"product_tag":[],"class_list":{"0":"post-16320","1":"product","2":"type-product","3":"status-publish","5":"product_cat-maros-megyei-eletrajzi-lexikon","7":"first","8":"instock","9":"shipping-taxable","10":"product-type-simple"},"_links":{"self":[{"href":"https:\/\/uj.adatbank.ro\/lexikon\/wp-json\/wp\/v2\/product\/16320","targetHints":{"allow":["GET"]}}],"collection":[{"href":"https:\/\/uj.adatbank.ro\/lexikon\/wp-json\/wp\/v2\/product"}],"about":[{"href":"https:\/\/uj.adatbank.ro\/lexikon\/wp-json\/wp\/v2\/types\/product"}],"replies":[{"embeddable":true,"href":"https:\/\/uj.adatbank.ro\/lexikon\/wp-json\/wp\/v2\/comments?post=16320"}],"wp:attachment":[{"href":"https:\/\/uj.adatbank.ro\/lexikon\/wp-json\/wp\/v2\/media?parent=16320"}],"wp:term":[{"taxonomy":"product_brand","embeddable":true,"href":"https:\/\/uj.adatbank.ro\/lexikon\/wp-json\/wp\/v2\/product_brand?post=16320"},{"taxonomy":"product_cat","embeddable":true,"href":"https:\/\/uj.adatbank.ro\/lexikon\/wp-json\/wp\/v2\/product_cat?post=16320"},{"taxonomy":"product_tag","embeddable":true,"href":"https:\/\/uj.adatbank.ro\/lexikon\/wp-json\/wp\/v2\/product_tag?post=16320"}],"curies":[{"name":"wp","href":"https:\/\/api.w.org\/{rel}","templated":true}]}}