{"id":16322,"date":"2025-07-15T16:12:46","date_gmt":"2025-07-15T14:12:46","guid":{"rendered":"https:\/\/uj.adatbank.ro\/lexikon\/termek\/nagy-jozsef-akosfalvi\/"},"modified":"2025-07-15T16:12:46","modified_gmt":"2025-07-15T14:12:46","slug":"nagy-jozsef-akosfalvi","status":"publish","type":"product","link":"https:\/\/uj.adatbank.ro\/lexikon\/termek\/nagy-jozsef-akosfalvi\/","title":{"rendered":"NAGY J\u00f3zsef; \u00e1kosfalvi"},"content":{"rendered":"<p>? \u2020 ?: dr., alisp\u00e1n. \u2013 Feles\u00e9ge: Ger\u00e9b Magdolna, sz\u00ednm\u0171v\u00e9sz (1895\u20131974). \u2013 Ogy.-i k\u00e9pvisel\u0151 (lemondott (1917).A M. T\u00e1rsadalomtudom\u00e1nyi Egyes\u00fclet tagja (1907). <br \/><strong>Irod.:<\/strong> Bern\u00e1dy; F\u00fcl\u00f6p\u2013Ferencz; A Magyar T\u00e1rsadalomtudom\u00e1nyi Egyes\u00fclet alakul\u00e1sa (Bp., 1907)<\/br><\/p>\n","protected":false},"excerpt":{"rendered":"<p>? \u2020 ?: dr., alisp\u00e1n. \u2013 Feles\u00e9ge: Ger\u00e9b Magdolna, sz\u00ednm\u0171v\u00e9sz (1895\u20131974). \u2013 Ogy.-i k\u00e9pvisel\u0151 (lemondott (1917).A M. T\u00e1rsadalomtudom\u00e1nyi Egyes\u00fclet tagja (1907). Irod.: Bern\u00e1dy; F\u00fcl\u00f6p\u2013Ferencz; A Magyar T\u00e1rsadalomtudom\u00e1nyi Egyes\u00fclet alakul\u00e1sa (Bp., 1907)<\/p>\n","protected":false},"featured_media":0,"comment_status":"open","ping_status":"closed","template":"","meta":[],"product_brand":[],"product_cat":[137],"product_tag":[],"class_list":{"0":"post-16322","1":"product","2":"type-product","3":"status-publish","5":"product_cat-maros-megyei-eletrajzi-lexikon","7":"first","8":"instock","9":"shipping-taxable","10":"product-type-simple"},"_links":{"self":[{"href":"https:\/\/uj.adatbank.ro\/lexikon\/wp-json\/wp\/v2\/product\/16322","targetHints":{"allow":["GET"]}}],"collection":[{"href":"https:\/\/uj.adatbank.ro\/lexikon\/wp-json\/wp\/v2\/product"}],"about":[{"href":"https:\/\/uj.adatbank.ro\/lexikon\/wp-json\/wp\/v2\/types\/product"}],"replies":[{"embeddable":true,"href":"https:\/\/uj.adatbank.ro\/lexikon\/wp-json\/wp\/v2\/comments?post=16322"}],"wp:attachment":[{"href":"https:\/\/uj.adatbank.ro\/lexikon\/wp-json\/wp\/v2\/media?parent=16322"}],"wp:term":[{"taxonomy":"product_brand","embeddable":true,"href":"https:\/\/uj.adatbank.ro\/lexikon\/wp-json\/wp\/v2\/product_brand?post=16322"},{"taxonomy":"product_cat","embeddable":true,"href":"https:\/\/uj.adatbank.ro\/lexikon\/wp-json\/wp\/v2\/product_cat?post=16322"},{"taxonomy":"product_tag","embeddable":true,"href":"https:\/\/uj.adatbank.ro\/lexikon\/wp-json\/wp\/v2\/product_tag?post=16322"}],"curies":[{"name":"wp","href":"https:\/\/api.w.org\/{rel}","templated":true}]}}