{"id":16323,"date":"2025-07-15T16:12:48","date_gmt":"2025-07-15T14:12:48","guid":{"rendered":"https:\/\/uj.adatbank.ro\/lexikon\/termek\/nagy-jozsef-erno-g-szabedi\/"},"modified":"2025-07-15T16:12:48","modified_gmt":"2025-07-15T14:12:48","slug":"nagy-jozsef-erno-g-szabedi","status":"publish","type":"product","link":"https:\/\/uj.adatbank.ro\/lexikon\/termek\/nagy-jozsef-erno-g-szabedi\/","title":{"rendered":"NAGY J\u00f3zsef Ern\u0151 G., szab\u00e9di"},"content":{"rendered":"<p>1909\u20131992.: ref. lelk\u00e9sz, tan\u00e1r. \u2013 Lelk\u00e9sz Feldobolyban (1936), Kisikl\u00f3don (1939-ig), k\u00e9s\u0151bb Magyarfodorh\u00e1z\u00e1n (1940\u201345), majd V\u00e1lasz\u00fat, B\u00e1dok, Kolozspata (1949-ig). Tan\u00e1rk\u00e9nt dolgozott tov\u00e1bb. <br \/><strong>Irod.:<\/strong> Cs\u00e1ky<\/br><\/p>\n","protected":false},"excerpt":{"rendered":"<p>1909\u20131992.: ref. lelk\u00e9sz, tan\u00e1r. \u2013 Lelk\u00e9sz Feldobolyban (1936), Kisikl\u00f3don (1939-ig), k\u00e9s\u0151bb Magyarfodorh\u00e1z\u00e1n (1940\u201345), majd V\u00e1lasz\u00fat, B\u00e1dok, Kolozspata (1949-ig). Tan\u00e1rk\u00e9nt dolgozott tov\u00e1bb. Irod.: Cs\u00e1ky<\/p>\n","protected":false},"featured_media":0,"comment_status":"open","ping_status":"closed","template":"","meta":[],"product_brand":[],"product_cat":[137],"product_tag":[],"class_list":{"0":"post-16323","1":"product","2":"type-product","3":"status-publish","5":"product_cat-maros-megyei-eletrajzi-lexikon","7":"first","8":"instock","9":"shipping-taxable","10":"product-type-simple"},"_links":{"self":[{"href":"https:\/\/uj.adatbank.ro\/lexikon\/wp-json\/wp\/v2\/product\/16323","targetHints":{"allow":["GET"]}}],"collection":[{"href":"https:\/\/uj.adatbank.ro\/lexikon\/wp-json\/wp\/v2\/product"}],"about":[{"href":"https:\/\/uj.adatbank.ro\/lexikon\/wp-json\/wp\/v2\/types\/product"}],"replies":[{"embeddable":true,"href":"https:\/\/uj.adatbank.ro\/lexikon\/wp-json\/wp\/v2\/comments?post=16323"}],"wp:attachment":[{"href":"https:\/\/uj.adatbank.ro\/lexikon\/wp-json\/wp\/v2\/media?parent=16323"}],"wp:term":[{"taxonomy":"product_brand","embeddable":true,"href":"https:\/\/uj.adatbank.ro\/lexikon\/wp-json\/wp\/v2\/product_brand?post=16323"},{"taxonomy":"product_cat","embeddable":true,"href":"https:\/\/uj.adatbank.ro\/lexikon\/wp-json\/wp\/v2\/product_cat?post=16323"},{"taxonomy":"product_tag","embeddable":true,"href":"https:\/\/uj.adatbank.ro\/lexikon\/wp-json\/wp\/v2\/product_tag?post=16323"}],"curies":[{"name":"wp","href":"https:\/\/api.w.org\/{rel}","templated":true}]}}