{"id":16325,"date":"2025-07-15T16:12:51","date_gmt":"2025-07-15T14:12:51","guid":{"rendered":"https:\/\/uj.adatbank.ro\/lexikon\/termek\/nagy-julianna-julia\/"},"modified":"2025-07-15T16:12:51","modified_gmt":"2025-07-15T14:12:51","slug":"nagy-julianna-julia","status":"publish","type":"product","link":"https:\/\/uj.adatbank.ro\/lexikon\/termek\/nagy-julianna-julia\/","title":{"rendered":"NAGY Julianna, Julia"},"content":{"rendered":"<p>S\u00e1romberke, ? \u2020 ?: tan\u00edt\u00f3n\u0151. \u2013 Tanulm\u00e1nyait Nagyszebenben v\u00e9gezte. Nagyerny\u00e9n tan\u00edtott L\u00e1szl\u00f3 Ferenc nyugd\u00edjaz\u00e1sa ut\u00e1n (1939\u2013), majd S\u00e1romberk\u00e9n (1940\u201344). Apja Nagy M\u00e1ty\u00e1s, akit kul\u00e1kk\u00e1 nyilv\u00e1n\u00edtottak \u00e9s emiatt kiz\u00e1rt\u00e1k a tan\u00fcgyb\u0151l (1948 k.) <br \/><strong>Irod.:<\/strong> Maros-k\u00fck\u00fcll\u0151i f\u0151esp; S\u00e1romberke; Sz\u00e9kelyf\u00f6ld \u00ed.k.<\/br><\/p>\n","protected":false},"excerpt":{"rendered":"<p>S\u00e1romberke, ? \u2020 ?: tan\u00edt\u00f3n\u0151. \u2013 Tanulm\u00e1nyait Nagyszebenben v\u00e9gezte. Nagyerny\u00e9n tan\u00edtott L\u00e1szl\u00f3 Ferenc nyugd\u00edjaz\u00e1sa ut\u00e1n (1939\u2013), majd S\u00e1romberk\u00e9n (1940\u201344). Apja Nagy M\u00e1ty\u00e1s, akit kul\u00e1kk\u00e1 nyilv\u00e1n\u00edtottak \u00e9s emiatt kiz\u00e1rt\u00e1k a tan\u00fcgyb\u0151l (1948 k.) Irod.: Maros-k\u00fck\u00fcll\u0151i f\u0151esp; S\u00e1romberke; Sz\u00e9kelyf\u00f6ld \u00ed.k.<\/p>\n","protected":false},"featured_media":0,"comment_status":"open","ping_status":"closed","template":"","meta":[],"product_brand":[],"product_cat":[137],"product_tag":[],"class_list":{"0":"post-16325","1":"product","2":"type-product","3":"status-publish","5":"product_cat-maros-megyei-eletrajzi-lexikon","7":"first","8":"instock","9":"shipping-taxable","10":"product-type-simple"},"_links":{"self":[{"href":"https:\/\/uj.adatbank.ro\/lexikon\/wp-json\/wp\/v2\/product\/16325","targetHints":{"allow":["GET"]}}],"collection":[{"href":"https:\/\/uj.adatbank.ro\/lexikon\/wp-json\/wp\/v2\/product"}],"about":[{"href":"https:\/\/uj.adatbank.ro\/lexikon\/wp-json\/wp\/v2\/types\/product"}],"replies":[{"embeddable":true,"href":"https:\/\/uj.adatbank.ro\/lexikon\/wp-json\/wp\/v2\/comments?post=16325"}],"wp:attachment":[{"href":"https:\/\/uj.adatbank.ro\/lexikon\/wp-json\/wp\/v2\/media?parent=16325"}],"wp:term":[{"taxonomy":"product_brand","embeddable":true,"href":"https:\/\/uj.adatbank.ro\/lexikon\/wp-json\/wp\/v2\/product_brand?post=16325"},{"taxonomy":"product_cat","embeddable":true,"href":"https:\/\/uj.adatbank.ro\/lexikon\/wp-json\/wp\/v2\/product_cat?post=16325"},{"taxonomy":"product_tag","embeddable":true,"href":"https:\/\/uj.adatbank.ro\/lexikon\/wp-json\/wp\/v2\/product_tag?post=16325"}],"curies":[{"name":"wp","href":"https:\/\/api.w.org\/{rel}","templated":true}]}}