{"id":16327,"date":"2025-07-15T16:12:56","date_gmt":"2025-07-15T14:12:56","guid":{"rendered":"https:\/\/uj.adatbank.ro\/lexikon\/termek\/nagy-kalman-kaali\/"},"modified":"2025-07-15T16:12:56","modified_gmt":"2025-07-15T14:12:56","slug":"nagy-kalman-kaali","status":"publish","type":"product","link":"https:\/\/uj.adatbank.ro\/lexikon\/termek\/nagy-kalman-kaali\/","title":{"rendered":"NAGY K\u00e1lm\u00e1n, ka\u00e1li"},"content":{"rendered":"<p>? \u2020 ?: ?. \u2013 <strong>F. m.:<\/strong> H\u00e1zi \u00e1llatok gondoz\u00e1sa \u00e9s v\u00e9sz ellen val\u00f3 v\u00e9dekez\u00e9s (Dics\u0151szentm\u00e1rton, 1934), <strong>szerk.:<\/strong> A mez\u0151gazd\u00e1k kincsesh\u00e1za (Dics\u0151szentm\u00e1rton, 1934; Kv. , 1937). <br \/><strong>Irod.:<\/strong> Guly\u00e1s; Valentiny 1935<\/br><\/p>\n","protected":false},"excerpt":{"rendered":"<p>? \u2020 ?: ?. \u2013 F. m.: H\u00e1zi \u00e1llatok gondoz\u00e1sa \u00e9s v\u00e9sz ellen val\u00f3 v\u00e9dekez\u00e9s (Dics\u0151szentm\u00e1rton, 1934), szerk.: A mez\u0151gazd\u00e1k kincsesh\u00e1za (Dics\u0151szentm\u00e1rton, 1934; Kv. , 1937). Irod.: Guly\u00e1s; Valentiny 1935<\/p>\n","protected":false},"featured_media":0,"comment_status":"open","ping_status":"closed","template":"","meta":[],"product_brand":[],"product_cat":[137],"product_tag":[],"class_list":{"0":"post-16327","1":"product","2":"type-product","3":"status-publish","5":"product_cat-maros-megyei-eletrajzi-lexikon","7":"first","8":"instock","9":"shipping-taxable","10":"product-type-simple"},"_links":{"self":[{"href":"https:\/\/uj.adatbank.ro\/lexikon\/wp-json\/wp\/v2\/product\/16327","targetHints":{"allow":["GET"]}}],"collection":[{"href":"https:\/\/uj.adatbank.ro\/lexikon\/wp-json\/wp\/v2\/product"}],"about":[{"href":"https:\/\/uj.adatbank.ro\/lexikon\/wp-json\/wp\/v2\/types\/product"}],"replies":[{"embeddable":true,"href":"https:\/\/uj.adatbank.ro\/lexikon\/wp-json\/wp\/v2\/comments?post=16327"}],"wp:attachment":[{"href":"https:\/\/uj.adatbank.ro\/lexikon\/wp-json\/wp\/v2\/media?parent=16327"}],"wp:term":[{"taxonomy":"product_brand","embeddable":true,"href":"https:\/\/uj.adatbank.ro\/lexikon\/wp-json\/wp\/v2\/product_brand?post=16327"},{"taxonomy":"product_cat","embeddable":true,"href":"https:\/\/uj.adatbank.ro\/lexikon\/wp-json\/wp\/v2\/product_cat?post=16327"},{"taxonomy":"product_tag","embeddable":true,"href":"https:\/\/uj.adatbank.ro\/lexikon\/wp-json\/wp\/v2\/product_tag?post=16327"}],"curies":[{"name":"wp","href":"https:\/\/api.w.org\/{rel}","templated":true}]}}