{"id":16329,"date":"2025-07-15T16:13:01","date_gmt":"2025-07-15T14:13:01","guid":{"rendered":"https:\/\/uj.adatbank.ro\/lexikon\/termek\/nagy-kalman-kaposztasszentmiklosi-2\/"},"modified":"2025-07-15T16:13:01","modified_gmt":"2025-07-15T14:13:01","slug":"nagy-kalman-kaposztasszentmiklosi-2","status":"publish","type":"product","link":"https:\/\/uj.adatbank.ro\/lexikon\/termek\/nagy-kalman-kaposztasszentmiklosi-2\/","title":{"rendered":"NAGY K\u00e1lm\u00e1n, k\u00e1poszt\u00e1sszentmikl\u00f3si"},"content":{"rendered":"<p>1856, \u2020 P\u00f3ka, 1923.: jog\u00e1sz. \u2013 P\u00f3k\u00e1ban volt f\u00f6ldbirtokos, szolgab\u00edr\u00f3. Birtok\u00e1t az1923-as f\u00f6ldreform-t\u00f6rv\u00e9ny alapj\u00e1n kisaj\u00e1t\u00ed1ott\u00e1k. <br \/><strong>Irod.:<\/strong> P\u00f3ka<\/br><\/p>\n","protected":false},"excerpt":{"rendered":"<p>1856, \u2020 P\u00f3ka, 1923.: jog\u00e1sz. \u2013 P\u00f3k\u00e1ban volt f\u00f6ldbirtokos, szolgab\u00edr\u00f3. Birtok\u00e1t az1923-as f\u00f6ldreform-t\u00f6rv\u00e9ny alapj\u00e1n kisaj\u00e1t\u00ed1ott\u00e1k. Irod.: P\u00f3ka<\/p>\n","protected":false},"featured_media":0,"comment_status":"open","ping_status":"closed","template":"","meta":[],"product_brand":[],"product_cat":[137],"product_tag":[],"class_list":{"0":"post-16329","1":"product","2":"type-product","3":"status-publish","5":"product_cat-maros-megyei-eletrajzi-lexikon","7":"first","8":"instock","9":"shipping-taxable","10":"product-type-simple"},"_links":{"self":[{"href":"https:\/\/uj.adatbank.ro\/lexikon\/wp-json\/wp\/v2\/product\/16329","targetHints":{"allow":["GET"]}}],"collection":[{"href":"https:\/\/uj.adatbank.ro\/lexikon\/wp-json\/wp\/v2\/product"}],"about":[{"href":"https:\/\/uj.adatbank.ro\/lexikon\/wp-json\/wp\/v2\/types\/product"}],"replies":[{"embeddable":true,"href":"https:\/\/uj.adatbank.ro\/lexikon\/wp-json\/wp\/v2\/comments?post=16329"}],"wp:attachment":[{"href":"https:\/\/uj.adatbank.ro\/lexikon\/wp-json\/wp\/v2\/media?parent=16329"}],"wp:term":[{"taxonomy":"product_brand","embeddable":true,"href":"https:\/\/uj.adatbank.ro\/lexikon\/wp-json\/wp\/v2\/product_brand?post=16329"},{"taxonomy":"product_cat","embeddable":true,"href":"https:\/\/uj.adatbank.ro\/lexikon\/wp-json\/wp\/v2\/product_cat?post=16329"},{"taxonomy":"product_tag","embeddable":true,"href":"https:\/\/uj.adatbank.ro\/lexikon\/wp-json\/wp\/v2\/product_tag?post=16329"}],"curies":[{"name":"wp","href":"https:\/\/api.w.org\/{rel}","templated":true}]}}