{"id":16331,"date":"2025-07-15T16:13:04","date_gmt":"2025-07-15T14:13:04","guid":{"rendered":"https:\/\/uj.adatbank.ro\/lexikon\/termek\/nagy-karoly\/"},"modified":"2025-07-15T16:13:04","modified_gmt":"2025-07-15T14:13:04","slug":"nagy-karoly","status":"publish","type":"product","link":"https:\/\/uj.adatbank.ro\/lexikon\/termek\/nagy-karoly\/","title":{"rendered":"NAGY K\u00e1roly"},"content":{"rendered":"<p>1879., \u2020 ?: birtokos. \u2013 Feles\u00e9ge: Bo\u00e9r Zsuzsanna. \u2013 G\u00f6cs-Udvarfalv\u00e1n volt birtokos. A k\u00f6zs\u00e9g b\u00edr\u00e1ja 8 \u00e9ven \u00e1t. <br \/><strong>Irod.:<\/strong> Erd\u00e9lyi v\u00e1rmegy\u00e9k<\/br><\/p>\n","protected":false},"excerpt":{"rendered":"<p>1879., \u2020 ?: birtokos. \u2013 Feles\u00e9ge: Bo\u00e9r Zsuzsanna. \u2013 G\u00f6cs-Udvarfalv\u00e1n volt birtokos. A k\u00f6zs\u00e9g b\u00edr\u00e1ja 8 \u00e9ven \u00e1t. Irod.: Erd\u00e9lyi v\u00e1rmegy\u00e9k<\/p>\n","protected":false},"featured_media":0,"comment_status":"open","ping_status":"closed","template":"","meta":[],"product_brand":[],"product_cat":[137],"product_tag":[],"class_list":{"0":"post-16331","1":"product","2":"type-product","3":"status-publish","5":"product_cat-maros-megyei-eletrajzi-lexikon","7":"first","8":"instock","9":"shipping-taxable","10":"product-type-simple"},"_links":{"self":[{"href":"https:\/\/uj.adatbank.ro\/lexikon\/wp-json\/wp\/v2\/product\/16331","targetHints":{"allow":["GET"]}}],"collection":[{"href":"https:\/\/uj.adatbank.ro\/lexikon\/wp-json\/wp\/v2\/product"}],"about":[{"href":"https:\/\/uj.adatbank.ro\/lexikon\/wp-json\/wp\/v2\/types\/product"}],"replies":[{"embeddable":true,"href":"https:\/\/uj.adatbank.ro\/lexikon\/wp-json\/wp\/v2\/comments?post=16331"}],"wp:attachment":[{"href":"https:\/\/uj.adatbank.ro\/lexikon\/wp-json\/wp\/v2\/media?parent=16331"}],"wp:term":[{"taxonomy":"product_brand","embeddable":true,"href":"https:\/\/uj.adatbank.ro\/lexikon\/wp-json\/wp\/v2\/product_brand?post=16331"},{"taxonomy":"product_cat","embeddable":true,"href":"https:\/\/uj.adatbank.ro\/lexikon\/wp-json\/wp\/v2\/product_cat?post=16331"},{"taxonomy":"product_tag","embeddable":true,"href":"https:\/\/uj.adatbank.ro\/lexikon\/wp-json\/wp\/v2\/product_tag?post=16331"}],"curies":[{"name":"wp","href":"https:\/\/api.w.org\/{rel}","templated":true}]}}