{"id":16333,"date":"2025-07-15T16:13:08","date_gmt":"2025-07-15T14:13:08","guid":{"rendered":"https:\/\/uj.adatbank.ro\/lexikon\/termek\/nagy-karoly-3\/"},"modified":"2025-07-15T16:13:08","modified_gmt":"2025-07-15T14:13:08","slug":"nagy-karoly-3","status":"publish","type":"product","link":"https:\/\/uj.adatbank.ro\/lexikon\/termek\/nagy-karoly-3\/","title":{"rendered":"NAGY K\u00e1roly"},"content":{"rendered":"<p>Mv., 1907. \u00e1pr. 12, \u2020 Mv., 1981. m\u00e1rc. 14 : jogtan\u00e1csos, ref. egyh\u00e1zker\u00fcleti f\u0151gondnok. \u2013 A k\u00f6z\u00e9piskol\u00e1t a mv.-i Ref. Koll.-ban a jogi egyetemet Kv.-on. v\u00e9gezte. Dolgozott a Hangy\u00e1n\u00e1l majd az OCL-n\u00e9l oszt\u00e1lyvezet\u0151k\u00e9nt Mv.-en. A Mv.-i II. Gecse utcai Ref. Egyh\u00e1zk\u00f6z\u00f6ss\u00e9g f\u0151gondnoka, a Mv.-i Egyh\u00e1zmegye tiszteletbeli f\u0151gondnoka, a Kv.-i Ref. Egyh\u00e1zker\u00fclet f\u0151gondnoka, a Rom\u00e1niai Ref. Egyh\u00e1z Zsinat\u00e1nak tagja. <br \/><strong>Irod.:<\/strong> gy\u00e1szjelent\u00e9s<\/br><\/p>\n","protected":false},"excerpt":{"rendered":"<p>Mv., 1907. \u00e1pr. 12, \u2020 Mv., 1981. m\u00e1rc. 14 : jogtan\u00e1csos, ref. egyh\u00e1zker\u00fcleti f\u0151gondnok. \u2013 A k\u00f6z\u00e9piskol\u00e1t a mv.-i Ref. Koll.-ban a jogi egyetemet Kv.-on. v\u00e9gezte. Dolgozott a Hangy\u00e1n\u00e1l majd az OCL-n\u00e9l oszt\u00e1lyvezet\u0151k\u00e9nt Mv.-en. A Mv.-i II. Gecse utcai Ref. Egyh\u00e1zk\u00f6z\u00f6ss\u00e9g f\u0151gondnoka, a Mv.-i Egyh\u00e1zmegye tiszteletbeli f\u0151gondnoka, a Kv.-i Ref. Egyh\u00e1zker\u00fclet f\u0151gondnoka, a Rom\u00e1niai Ref. [&hellip;]<\/p>\n","protected":false},"featured_media":0,"comment_status":"open","ping_status":"closed","template":"","meta":[],"product_brand":[],"product_cat":[137],"product_tag":[],"class_list":{"0":"post-16333","1":"product","2":"type-product","3":"status-publish","5":"product_cat-maros-megyei-eletrajzi-lexikon","7":"first","8":"instock","9":"shipping-taxable","10":"product-type-simple"},"_links":{"self":[{"href":"https:\/\/uj.adatbank.ro\/lexikon\/wp-json\/wp\/v2\/product\/16333","targetHints":{"allow":["GET"]}}],"collection":[{"href":"https:\/\/uj.adatbank.ro\/lexikon\/wp-json\/wp\/v2\/product"}],"about":[{"href":"https:\/\/uj.adatbank.ro\/lexikon\/wp-json\/wp\/v2\/types\/product"}],"replies":[{"embeddable":true,"href":"https:\/\/uj.adatbank.ro\/lexikon\/wp-json\/wp\/v2\/comments?post=16333"}],"wp:attachment":[{"href":"https:\/\/uj.adatbank.ro\/lexikon\/wp-json\/wp\/v2\/media?parent=16333"}],"wp:term":[{"taxonomy":"product_brand","embeddable":true,"href":"https:\/\/uj.adatbank.ro\/lexikon\/wp-json\/wp\/v2\/product_brand?post=16333"},{"taxonomy":"product_cat","embeddable":true,"href":"https:\/\/uj.adatbank.ro\/lexikon\/wp-json\/wp\/v2\/product_cat?post=16333"},{"taxonomy":"product_tag","embeddable":true,"href":"https:\/\/uj.adatbank.ro\/lexikon\/wp-json\/wp\/v2\/product_tag?post=16333"}],"curies":[{"name":"wp","href":"https:\/\/api.w.org\/{rel}","templated":true}]}}