{"id":16335,"date":"2025-07-15T16:13:12","date_gmt":"2025-07-15T14:13:12","guid":{"rendered":"https:\/\/uj.adatbank.ro\/lexikon\/termek\/nagy-karoly-kaposztasszentmiklosi\/"},"modified":"2025-07-15T16:13:12","modified_gmt":"2025-07-15T14:13:12","slug":"nagy-karoly-kaposztasszentmiklosi","status":"publish","type":"product","link":"https:\/\/uj.adatbank.ro\/lexikon\/termek\/nagy-karoly-kaposztasszentmiklosi\/","title":{"rendered":"NAGY K\u00e1roly, k\u00e1poszt\u00e1sszentmikl\u00f3si"},"content":{"rendered":"<p>1839.? \u2020 Mv., 1885. febr. 26. Csibai temet\u0151ben nyugszik: szolgab\u00edr\u00f3. \u2013 N. Andr\u00e1s \u00e9s Zilahi Ter\u00e9zia fia. Testv\u00e9rei: N. J\u00f3zsef; N. Katalin Kinizsi Istv\u00e1nn\u00e9; N. Zsuzs\u00e1nna Balla D\u00e9nesn\u00e9. \u2013 A Marostordamegye marosi als\u00f3j\u00e1r\u00e1s szolgab\u00edr\u00f3ja \u00e9s t\u00f6rv\u00e9nyhat\u00f3s\u00e1gi bizotts\u00e1gi tag. <br \/><strong>Irod.:<\/strong> Gy\u00e1szjelent\u0151<\/br><\/p>\n","protected":false},"excerpt":{"rendered":"<p>1839.? \u2020 Mv., 1885. febr. 26. Csibai temet\u0151ben nyugszik: szolgab\u00edr\u00f3. \u2013 N. Andr\u00e1s \u00e9s Zilahi Ter\u00e9zia fia. Testv\u00e9rei: N. J\u00f3zsef; N. Katalin Kinizsi Istv\u00e1nn\u00e9; N. Zsuzs\u00e1nna Balla D\u00e9nesn\u00e9. \u2013 A Marostordamegye marosi als\u00f3j\u00e1r\u00e1s szolgab\u00edr\u00f3ja \u00e9s t\u00f6rv\u00e9nyhat\u00f3s\u00e1gi bizotts\u00e1gi tag. Irod.: Gy\u00e1szjelent\u0151<\/p>\n","protected":false},"featured_media":0,"comment_status":"open","ping_status":"closed","template":"","meta":[],"product_brand":[],"product_cat":[137],"product_tag":[],"class_list":{"0":"post-16335","1":"product","2":"type-product","3":"status-publish","5":"product_cat-maros-megyei-eletrajzi-lexikon","7":"first","8":"instock","9":"shipping-taxable","10":"product-type-simple"},"_links":{"self":[{"href":"https:\/\/uj.adatbank.ro\/lexikon\/wp-json\/wp\/v2\/product\/16335","targetHints":{"allow":["GET"]}}],"collection":[{"href":"https:\/\/uj.adatbank.ro\/lexikon\/wp-json\/wp\/v2\/product"}],"about":[{"href":"https:\/\/uj.adatbank.ro\/lexikon\/wp-json\/wp\/v2\/types\/product"}],"replies":[{"embeddable":true,"href":"https:\/\/uj.adatbank.ro\/lexikon\/wp-json\/wp\/v2\/comments?post=16335"}],"wp:attachment":[{"href":"https:\/\/uj.adatbank.ro\/lexikon\/wp-json\/wp\/v2\/media?parent=16335"}],"wp:term":[{"taxonomy":"product_brand","embeddable":true,"href":"https:\/\/uj.adatbank.ro\/lexikon\/wp-json\/wp\/v2\/product_brand?post=16335"},{"taxonomy":"product_cat","embeddable":true,"href":"https:\/\/uj.adatbank.ro\/lexikon\/wp-json\/wp\/v2\/product_cat?post=16335"},{"taxonomy":"product_tag","embeddable":true,"href":"https:\/\/uj.adatbank.ro\/lexikon\/wp-json\/wp\/v2\/product_tag?post=16335"}],"curies":[{"name":"wp","href":"https:\/\/api.w.org\/{rel}","templated":true}]}}