{"id":16336,"date":"2025-07-15T16:13:13","date_gmt":"2025-07-15T14:13:13","guid":{"rendered":"https:\/\/uj.adatbank.ro\/lexikon\/termek\/nagy-karolyne-dr-sz-demeny-edit\/"},"modified":"2025-07-15T16:13:13","modified_gmt":"2025-07-15T14:13:13","slug":"nagy-karolyne-dr-sz-demeny-edit","status":"publish","type":"product","link":"https:\/\/uj.adatbank.ro\/lexikon\/termek\/nagy-karolyne-dr-sz-demeny-edit\/","title":{"rendered":"NAGY K\u00e1rolyn\u00e9, dr., sz. Dem\u00e9ny Edit"},"content":{"rendered":"<p>1930., \u2020 Mv., 2008. m\u00e1rc. 30.: ref. tiszteletes asszony. <br \/><strong>Irod.:<\/strong> [Nekrol\u00f3g] (N\u00fa., 2008. \u00e1pr. 1)<\/br><\/p>\n","protected":false},"excerpt":{"rendered":"<p>1930., \u2020 Mv., 2008. m\u00e1rc. 30.: ref. tiszteletes asszony. Irod.: [Nekrol\u00f3g] (N\u00fa., 2008. \u00e1pr. 1)<\/p>\n","protected":false},"featured_media":0,"comment_status":"open","ping_status":"closed","template":"","meta":[],"product_brand":[],"product_cat":[137],"product_tag":[],"class_list":{"0":"post-16336","1":"product","2":"type-product","3":"status-publish","5":"product_cat-maros-megyei-eletrajzi-lexikon","7":"first","8":"instock","9":"shipping-taxable","10":"product-type-simple"},"_links":{"self":[{"href":"https:\/\/uj.adatbank.ro\/lexikon\/wp-json\/wp\/v2\/product\/16336","targetHints":{"allow":["GET"]}}],"collection":[{"href":"https:\/\/uj.adatbank.ro\/lexikon\/wp-json\/wp\/v2\/product"}],"about":[{"href":"https:\/\/uj.adatbank.ro\/lexikon\/wp-json\/wp\/v2\/types\/product"}],"replies":[{"embeddable":true,"href":"https:\/\/uj.adatbank.ro\/lexikon\/wp-json\/wp\/v2\/comments?post=16336"}],"wp:attachment":[{"href":"https:\/\/uj.adatbank.ro\/lexikon\/wp-json\/wp\/v2\/media?parent=16336"}],"wp:term":[{"taxonomy":"product_brand","embeddable":true,"href":"https:\/\/uj.adatbank.ro\/lexikon\/wp-json\/wp\/v2\/product_brand?post=16336"},{"taxonomy":"product_cat","embeddable":true,"href":"https:\/\/uj.adatbank.ro\/lexikon\/wp-json\/wp\/v2\/product_cat?post=16336"},{"taxonomy":"product_tag","embeddable":true,"href":"https:\/\/uj.adatbank.ro\/lexikon\/wp-json\/wp\/v2\/product_tag?post=16336"}],"curies":[{"name":"wp","href":"https:\/\/api.w.org\/{rel}","templated":true}]}}