{"id":16339,"date":"2025-07-15T16:13:21","date_gmt":"2025-07-15T14:13:21","guid":{"rendered":"https:\/\/uj.adatbank.ro\/lexikon\/termek\/nagy-kelemen\/"},"modified":"2025-07-15T16:13:21","modified_gmt":"2025-07-15T14:13:21","slug":"nagy-kelemen","status":"publish","type":"product","link":"https:\/\/uj.adatbank.ro\/lexikon\/termek\/nagy-kelemen\/","title":{"rendered":"NAGY Kelemen"},"content":{"rendered":"<p>? \u2020 1778.: ref. lelk\u00e9sz. \u2013 Nagyenyeden tanult. L\u00e1z\u00e1r J\u00e1nosn\u00e1l volt h\u00e1zitan\u00edt\u00f3. Ny\u00e1r\u00e1dszentbenedeken (1761\u20131773), majd Lukafalv\u00e1n volt lel\u00e9k\u00e9sz. <br \/><strong>Irod.:<\/strong> Imreh Barna; Kov\u00e1sznai<\/br><\/p>\n","protected":false},"excerpt":{"rendered":"<p>? \u2020 1778.: ref. lelk\u00e9sz. \u2013 Nagyenyeden tanult. L\u00e1z\u00e1r J\u00e1nosn\u00e1l volt h\u00e1zitan\u00edt\u00f3. Ny\u00e1r\u00e1dszentbenedeken (1761\u20131773), majd Lukafalv\u00e1n volt lel\u00e9k\u00e9sz. Irod.: Imreh Barna; Kov\u00e1sznai<\/p>\n","protected":false},"featured_media":0,"comment_status":"open","ping_status":"closed","template":"","meta":[],"product_brand":[],"product_cat":[137],"product_tag":[],"class_list":{"0":"post-16339","1":"product","2":"type-product","3":"status-publish","5":"product_cat-maros-megyei-eletrajzi-lexikon","7":"first","8":"instock","9":"shipping-taxable","10":"product-type-simple"},"_links":{"self":[{"href":"https:\/\/uj.adatbank.ro\/lexikon\/wp-json\/wp\/v2\/product\/16339","targetHints":{"allow":["GET"]}}],"collection":[{"href":"https:\/\/uj.adatbank.ro\/lexikon\/wp-json\/wp\/v2\/product"}],"about":[{"href":"https:\/\/uj.adatbank.ro\/lexikon\/wp-json\/wp\/v2\/types\/product"}],"replies":[{"embeddable":true,"href":"https:\/\/uj.adatbank.ro\/lexikon\/wp-json\/wp\/v2\/comments?post=16339"}],"wp:attachment":[{"href":"https:\/\/uj.adatbank.ro\/lexikon\/wp-json\/wp\/v2\/media?parent=16339"}],"wp:term":[{"taxonomy":"product_brand","embeddable":true,"href":"https:\/\/uj.adatbank.ro\/lexikon\/wp-json\/wp\/v2\/product_brand?post=16339"},{"taxonomy":"product_cat","embeddable":true,"href":"https:\/\/uj.adatbank.ro\/lexikon\/wp-json\/wp\/v2\/product_cat?post=16339"},{"taxonomy":"product_tag","embeddable":true,"href":"https:\/\/uj.adatbank.ro\/lexikon\/wp-json\/wp\/v2\/product_tag?post=16339"}],"curies":[{"name":"wp","href":"https:\/\/api.w.org\/{rel}","templated":true}]}}