{"id":1634,"date":"2025-06-28T11:48:21","date_gmt":"2025-06-28T09:48:21","guid":{"rendered":"https:\/\/uj.adatbank.ro\/lexikon\/termek\/ady-jozsef\/"},"modified":"2025-06-28T11:48:21","modified_gmt":"2025-06-28T09:48:21","slug":"ady-jozsef","status":"publish","type":"product","link":"https:\/\/uj.adatbank.ro\/lexikon\/termek\/ady-jozsef\/","title":{"rendered":"ADY J\u00f3zsef"},"content":{"rendered":"<p>Jedd, 1950. \u00e1pr. 4., \u2020 Bp.,1991. nov. 19. Mv.-en nyugszik: fest\u0151m\u0171v\u00e9sz, grafikus, k\u00f6lt\u0151. \u2013 A. J\u00f3zsef, ref. lelk\u00e9sz \u00e9s Demeter Jol\u00e1n fia. N\u0151v\u00e9re: \u00c1gnes Debreczenin\u00e9. \u2013 A jeddi elemiiskol\u00e1ban tanult (1957\u201361), Mv.-en a 9. sz. M\u0171v\u00e9szeti iskol\u00e1ban (1961\u201365), a Papiu Ilarian L\u00edc.-ban folytatta tanulm\u00e1nyait (1965\u201369). Katonai szolg\u00e1lata ut\u00e1n (1970\u201371), Mv-en a butorgy\u00e1ri munk\u00e1s, hivatalnok, villanysz\u00e1ml\u00e1z\u00f3 (1971\u201375). Egyetemi tanulm\u00e1nyait a kv.-i Ion Andreescu K\u00e9pz\u0151m\u0171v\u00e9szeti F\u0151iskol\u00e1n v\u00e9gezte (1975\u201379), mint orsz\u00e1gos \u00e9vfolyamels\u0151 a kv.-i Rom\u00e1n Oper\u00e1t v\u00e1lsztotta munkahely\u00e9\u00fcl, d\u00edszlettervez\u0151k\u00e9nt alkalmazt\u00e1k, \u00e1m d\u00edszlettervez\u00e9s helyett azonban csak d\u00edszletfest\u0151i munk\u00e1t kapott (1979\u201385). Felbontott\u00e1k a munkaszerz\u0151d\u00e9s\u00e9t, mint l\u00e9tsz\u00e1mfeletti alkalmazottnak (1986. okt. 31). Mv.-en alkalmi munk\u00e1b\u00f3l teng\u00f6d\u00f6tt (1986. nov.\u20131990. jan.): a jeddi templomban k\u00e1ntorkodott, orgon\u00e1t jav\u00edtott, ex librist metszett, fot\u00f3kompozici\u00f3kat, szitanyom\u00e1ssal egyh\u00e1zi eml\u00e9klapokat k\u00e9sz\u00edtett; a ref. falinapt\u00e1rat tusrajzzal illusztr\u00e1lta (1989); a kv.-i egyetemi di\u00e1kotthon fal\u00e1ra sgraffitot tervezett. Munk\u00e1i: grafikai alkot\u00e1sok, tusrajzok, akvarellek, lin\u00f3leummetszetek, k\u0151nyomatok. Plak\u00e1tm\u0171v\u00e9sz, karikat\u00farista \u00e9s k\u00f6lt\u0151 is volt; r\u00e9szt vett a rom\u00e1niai orsz\u00e1gos humor szalon ki\u00e1ll\u00edt\u00e1s\u00e1n (1978).Grafik\u00e1i megjelentek a L\u00e1t\u00f3 c. mv.-i foly\u00f3iratban (1990\u201395). Zenebar\u00e1t, harmoniumon \u00e9s orgon\u00e1n j\u00e1tszott. \u00c1ttelep\u00fclt Mo.-ra (1990. jan.). V\u00e1con telepedett le, ahol a v\u00e1ci grafikai m\u0171helyben sokszoros\u00edtott grafik\u00e1kat k\u00e9sz\u00edtett. Utols\u00f3 \u00e9veiben a legt\u00f6bbet Csorba Simon fest\u0151m\u0171v\u00e9sz m\u0171hely\u00e9ben dolgozott, akivel k\u00f6z\u00f6s t\u00e1rlatot is szerveztek. Ez volt a legintenz\u00edvebb alkot\u00f3i peri\u00f3dusa. Feh\u00e9rv\u00e9r\u0171s\u00e9gben hunyt el. \u2013 <strong>F. ki\u00e1ll.:<\/strong> Petrozs\u00e9ny (1978), Mv. (1978\u201380); Kv. (1978, 1980, 1983, 1986); Bp.: M\u0171v\u00e9szet ma II (1987), Fiatal m\u0171v\u00e9szek klubja (1987); Szentendre, Gy\u0151r, Sz\u00e1zhalombatta (1989\u201390: MaM\u0171 t\u00e1rlat); Kaposv\u00e1r [Csorba Simonnal] (1990); Unikornis Gal\u00e9ria (1991), \u00c1rk\u00e1d Gal\u00e9ria, \u00e9letm\u0171ki\u00e1ll\u00edt\u00e1s, Csorba Simon-performance: Hommage \u00e0 A.J. (1992. febr.); Eml\u00e9kki\u00e1ll\u00edt\u00e1s Kv., Mv.-en \u00e9s Bp.-en (1993); Mv.-en eml\u00e9kki\u00e1ll\u00edt\u00e1s (2011. j\u00fal. 5\u201323.); Sz\u00e9kelyudvarhely (2012. nov. 13). <br \/><strong>Irod.:<\/strong> 100 \u00e9v; 20. sz.-i k\u00e9pz\u0151m\u0171v\u00e9szet; Artportal; Chik\u00e1n B\u00e1lint: A tisztul\u00e1s v\u00e1gya: Besz\u00e9lget\u00e9s A.J.-fel.(Mv., 1996); G\u00e1sp\u00e1r S\u00e1ndor: A higgadt szomor\u00fas\u00e1g k\u00f6lt\u0151je (Erd\u00e9lyi Figyel\u0151, 5. sz., 1995); K\u00e1ntor Lajos: A. J. (\u00daj \u00c9let, 6. sz., 1989); KKACs; KMML; Kusz\u00e1lik; MaM\u0171 \u2013 Mv.-i M\u0171hely tegnap \u00e9s ma, 1978\u20131984: Ki\u00e1ll\u00edt\u00e1si katal\u00f3gus (Bp., 1990); M\u00e1rton Gy\u00f6ngyv\u00e9r: Nagyherceg: A. J. (L\u00e1t\u00f3, 2014. j\u00fan.); Moln\u00e1r; M\u00fazsa (1992. \u00e1pr. 10.); M\u0171v\u00e9szet Ma II. Ki\u00e1ll\u00edt\u00e1si katal\u00f3gus (Bp., 1987); R\u00daL; Szab\u00f3\u2013K\u00e1llai; Szab\u00f3 Zolt\u00e1n: A. J. csendje (N\u00fa., M\u00fazsa, 93. sz., 1993. \u00e1pr. 22.); Sz\u00f3l a r\u00e1di\u00f3; Pluszportal.ro; Transindex<\/br><\/p>\n","protected":false},"excerpt":{"rendered":"<p>Jedd, 1950. \u00e1pr. 4., \u2020 Bp.,1991. nov. 19. Mv.-en nyugszik: fest\u0151m\u0171v\u00e9sz, grafikus, k\u00f6lt\u0151. \u2013 A. J\u00f3zsef, ref. lelk\u00e9sz \u00e9s Demeter Jol\u00e1n fia. N\u0151v\u00e9re: \u00c1gnes Debreczenin\u00e9. \u2013 A jeddi elemiiskol\u00e1ban tanult (1957\u201361), Mv.-en a 9. sz. M\u0171v\u00e9szeti iskol\u00e1ban (1961\u201365), a Papiu Ilarian L\u00edc.-ban folytatta tanulm\u00e1nyait (1965\u201369). Katonai szolg\u00e1lata ut\u00e1n (1970\u201371), Mv-en a butorgy\u00e1ri munk\u00e1s, hivatalnok, villanysz\u00e1ml\u00e1z\u00f3 [&hellip;]<\/p>\n","protected":false},"featured_media":0,"comment_status":"open","ping_status":"closed","template":"","meta":[],"product_brand":[],"product_cat":[137],"product_tag":[],"class_list":{"0":"post-1634","1":"product","2":"type-product","3":"status-publish","5":"product_cat-maros-megyei-eletrajzi-lexikon","7":"first","8":"instock","9":"shipping-taxable","10":"product-type-simple"},"_links":{"self":[{"href":"https:\/\/uj.adatbank.ro\/lexikon\/wp-json\/wp\/v2\/product\/1634","targetHints":{"allow":["GET"]}}],"collection":[{"href":"https:\/\/uj.adatbank.ro\/lexikon\/wp-json\/wp\/v2\/product"}],"about":[{"href":"https:\/\/uj.adatbank.ro\/lexikon\/wp-json\/wp\/v2\/types\/product"}],"replies":[{"embeddable":true,"href":"https:\/\/uj.adatbank.ro\/lexikon\/wp-json\/wp\/v2\/comments?post=1634"}],"wp:attachment":[{"href":"https:\/\/uj.adatbank.ro\/lexikon\/wp-json\/wp\/v2\/media?parent=1634"}],"wp:term":[{"taxonomy":"product_brand","embeddable":true,"href":"https:\/\/uj.adatbank.ro\/lexikon\/wp-json\/wp\/v2\/product_brand?post=1634"},{"taxonomy":"product_cat","embeddable":true,"href":"https:\/\/uj.adatbank.ro\/lexikon\/wp-json\/wp\/v2\/product_cat?post=1634"},{"taxonomy":"product_tag","embeddable":true,"href":"https:\/\/uj.adatbank.ro\/lexikon\/wp-json\/wp\/v2\/product_tag?post=1634"}],"curies":[{"name":"wp","href":"https:\/\/api.w.org\/{rel}","templated":true}]}}