{"id":16341,"date":"2025-07-15T16:13:25","date_gmt":"2025-07-15T14:13:25","guid":{"rendered":"https:\/\/uj.adatbank.ro\/lexikon\/termek\/nagy-kocsis-aranka-nagy-leventene-kocsis-aranka\/"},"modified":"2025-07-15T16:13:25","modified_gmt":"2025-07-15T14:13:25","slug":"nagy-kocsis-aranka-nagy-leventene-kocsis-aranka","status":"publish","type":"product","link":"https:\/\/uj.adatbank.ro\/lexikon\/termek\/nagy-kocsis-aranka-nagy-leventene-kocsis-aranka\/","title":{"rendered":"NAGY KOCSIS Aranka; Nagy Levent\u00e9n\u00e9; Kocsis Aranka"},"content":{"rendered":"<p>? 1941 \u2020 F\u00fczesgyarmat, 1997. okt. 18 : gy\u00f3gyszer\u00e9sz. \u2013 A mv.-i Gy\u00f3gyszerellen\u0151rz\u0151 laborat\u00f3rium volt vezet\u0151je. <br \/><strong>Irod.:<\/strong> [Nekrol\u00f3g] (N\u00fa., 1997. okt. 21.)<\/br><\/p>\n","protected":false},"excerpt":{"rendered":"<p>? 1941 \u2020 F\u00fczesgyarmat, 1997. okt. 18 : gy\u00f3gyszer\u00e9sz. \u2013 A mv.-i Gy\u00f3gyszerellen\u0151rz\u0151 laborat\u00f3rium volt vezet\u0151je. Irod.: [Nekrol\u00f3g] (N\u00fa., 1997. okt. 21.)<\/p>\n","protected":false},"featured_media":0,"comment_status":"open","ping_status":"closed","template":"","meta":[],"product_brand":[],"product_cat":[137],"product_tag":[],"class_list":{"0":"post-16341","1":"product","2":"type-product","3":"status-publish","5":"product_cat-maros-megyei-eletrajzi-lexikon","7":"first","8":"instock","9":"shipping-taxable","10":"product-type-simple"},"_links":{"self":[{"href":"https:\/\/uj.adatbank.ro\/lexikon\/wp-json\/wp\/v2\/product\/16341","targetHints":{"allow":["GET"]}}],"collection":[{"href":"https:\/\/uj.adatbank.ro\/lexikon\/wp-json\/wp\/v2\/product"}],"about":[{"href":"https:\/\/uj.adatbank.ro\/lexikon\/wp-json\/wp\/v2\/types\/product"}],"replies":[{"embeddable":true,"href":"https:\/\/uj.adatbank.ro\/lexikon\/wp-json\/wp\/v2\/comments?post=16341"}],"wp:attachment":[{"href":"https:\/\/uj.adatbank.ro\/lexikon\/wp-json\/wp\/v2\/media?parent=16341"}],"wp:term":[{"taxonomy":"product_brand","embeddable":true,"href":"https:\/\/uj.adatbank.ro\/lexikon\/wp-json\/wp\/v2\/product_brand?post=16341"},{"taxonomy":"product_cat","embeddable":true,"href":"https:\/\/uj.adatbank.ro\/lexikon\/wp-json\/wp\/v2\/product_cat?post=16341"},{"taxonomy":"product_tag","embeddable":true,"href":"https:\/\/uj.adatbank.ro\/lexikon\/wp-json\/wp\/v2\/product_tag?post=16341"}],"curies":[{"name":"wp","href":"https:\/\/api.w.org\/{rel}","templated":true}]}}