{"id":16342,"date":"2025-07-15T16:13:27","date_gmt":"2025-07-15T14:13:27","guid":{"rendered":"https:\/\/uj.adatbank.ro\/lexikon\/termek\/nagy-lajos\/"},"modified":"2025-07-15T16:13:27","modified_gmt":"2025-07-15T14:13:27","slug":"nagy-lajos","status":"publish","type":"product","link":"https:\/\/uj.adatbank.ro\/lexikon\/termek\/nagy-lajos\/","title":{"rendered":"NAGY Lajos"},"content":{"rendered":"<p>Mv., 1838 \u2020 Sz\u00e9kelyudvarhely, 1893. febr. 13.: b\u00edr\u00f3. \u2013 Apja m\u00e9sz\u00e1ros. A b\u00e9csi egy. Jogi Kar\u00e1n j\u00e1rt (1857\u2013), akkor 19 \u00e9ves volt.T\u00f6rv\u00e9nysz\u00e9ki b\u00edr\u00f3 Mv.-en. Imre S\u00e1ndorral \u00e9s Fogarassi Rudolffal egy\u00fctt nyomd\u00e1t v\u00e1s\u00e1rolt (1865). Az udvarhelyi ref. koll.gondnoka. <br \/><strong>Irod.:<\/strong> Gy\u00e1szjelent.; Id\u0151t\u00e1r 2, Szab\u00f3-Simon; Sz\u00f6gi ha ez u.a<\/br><\/p>\n","protected":false},"excerpt":{"rendered":"<p>Mv., 1838 \u2020 Sz\u00e9kelyudvarhely, 1893. febr. 13.: b\u00edr\u00f3. \u2013 Apja m\u00e9sz\u00e1ros. A b\u00e9csi egy. Jogi Kar\u00e1n j\u00e1rt (1857\u2013), akkor 19 \u00e9ves volt.T\u00f6rv\u00e9nysz\u00e9ki b\u00edr\u00f3 Mv.-en. Imre S\u00e1ndorral \u00e9s Fogarassi Rudolffal egy\u00fctt nyomd\u00e1t v\u00e1s\u00e1rolt (1865). Az udvarhelyi ref. koll.gondnoka. Irod.: Gy\u00e1szjelent.; Id\u0151t\u00e1r 2, Szab\u00f3-Simon; Sz\u00f6gi ha ez u.a<\/p>\n","protected":false},"featured_media":0,"comment_status":"open","ping_status":"closed","template":"","meta":[],"product_brand":[],"product_cat":[137],"product_tag":[],"class_list":{"0":"post-16342","1":"product","2":"type-product","3":"status-publish","5":"product_cat-maros-megyei-eletrajzi-lexikon","7":"first","8":"instock","9":"shipping-taxable","10":"product-type-simple"},"_links":{"self":[{"href":"https:\/\/uj.adatbank.ro\/lexikon\/wp-json\/wp\/v2\/product\/16342","targetHints":{"allow":["GET"]}}],"collection":[{"href":"https:\/\/uj.adatbank.ro\/lexikon\/wp-json\/wp\/v2\/product"}],"about":[{"href":"https:\/\/uj.adatbank.ro\/lexikon\/wp-json\/wp\/v2\/types\/product"}],"replies":[{"embeddable":true,"href":"https:\/\/uj.adatbank.ro\/lexikon\/wp-json\/wp\/v2\/comments?post=16342"}],"wp:attachment":[{"href":"https:\/\/uj.adatbank.ro\/lexikon\/wp-json\/wp\/v2\/media?parent=16342"}],"wp:term":[{"taxonomy":"product_brand","embeddable":true,"href":"https:\/\/uj.adatbank.ro\/lexikon\/wp-json\/wp\/v2\/product_brand?post=16342"},{"taxonomy":"product_cat","embeddable":true,"href":"https:\/\/uj.adatbank.ro\/lexikon\/wp-json\/wp\/v2\/product_cat?post=16342"},{"taxonomy":"product_tag","embeddable":true,"href":"https:\/\/uj.adatbank.ro\/lexikon\/wp-json\/wp\/v2\/product_tag?post=16342"}],"curies":[{"name":"wp","href":"https:\/\/api.w.org\/{rel}","templated":true}]}}