{"id":16344,"date":"2025-07-15T16:13:31","date_gmt":"2025-07-15T14:13:31","guid":{"rendered":"https:\/\/uj.adatbank.ro\/lexikon\/termek\/nagy-lajos-3\/"},"modified":"2025-07-15T16:13:31","modified_gmt":"2025-07-15T14:13:31","slug":"nagy-lajos-3","status":"publish","type":"product","link":"https:\/\/uj.adatbank.ro\/lexikon\/termek\/nagy-lajos-3\/","title":{"rendered":"NAGY Lajos"},"content":{"rendered":"<p>1851.\u2020 Dics\u0151szentm\u00e1rton, 1877. jan. 13.:tan\u00edt\u00f3. \u2013 Dics\u0151szentm\u00e1rtonban tan\u00edtott. T\u00fcd\u0151bajban halt meg. <br \/><strong>Irod.:<\/strong> Kelemen<\/br><\/p>\n","protected":false},"excerpt":{"rendered":"<p>1851.\u2020 Dics\u0151szentm\u00e1rton, 1877. jan. 13.:tan\u00edt\u00f3. \u2013 Dics\u0151szentm\u00e1rtonban tan\u00edtott. T\u00fcd\u0151bajban halt meg. Irod.: Kelemen<\/p>\n","protected":false},"featured_media":0,"comment_status":"open","ping_status":"closed","template":"","meta":[],"product_brand":[],"product_cat":[137],"product_tag":[],"class_list":{"0":"post-16344","1":"product","2":"type-product","3":"status-publish","5":"product_cat-maros-megyei-eletrajzi-lexikon","7":"first","8":"instock","9":"shipping-taxable","10":"product-type-simple"},"_links":{"self":[{"href":"https:\/\/uj.adatbank.ro\/lexikon\/wp-json\/wp\/v2\/product\/16344","targetHints":{"allow":["GET"]}}],"collection":[{"href":"https:\/\/uj.adatbank.ro\/lexikon\/wp-json\/wp\/v2\/product"}],"about":[{"href":"https:\/\/uj.adatbank.ro\/lexikon\/wp-json\/wp\/v2\/types\/product"}],"replies":[{"embeddable":true,"href":"https:\/\/uj.adatbank.ro\/lexikon\/wp-json\/wp\/v2\/comments?post=16344"}],"wp:attachment":[{"href":"https:\/\/uj.adatbank.ro\/lexikon\/wp-json\/wp\/v2\/media?parent=16344"}],"wp:term":[{"taxonomy":"product_brand","embeddable":true,"href":"https:\/\/uj.adatbank.ro\/lexikon\/wp-json\/wp\/v2\/product_brand?post=16344"},{"taxonomy":"product_cat","embeddable":true,"href":"https:\/\/uj.adatbank.ro\/lexikon\/wp-json\/wp\/v2\/product_cat?post=16344"},{"taxonomy":"product_tag","embeddable":true,"href":"https:\/\/uj.adatbank.ro\/lexikon\/wp-json\/wp\/v2\/product_tag?post=16344"}],"curies":[{"name":"wp","href":"https:\/\/api.w.org\/{rel}","templated":true}]}}