{"id":16345,"date":"2025-07-15T16:13:33","date_gmt":"2025-07-15T14:13:33","guid":{"rendered":"https:\/\/uj.adatbank.ro\/lexikon\/termek\/nagy-lajos-4\/"},"modified":"2025-07-15T16:13:33","modified_gmt":"2025-07-15T14:13:33","slug":"nagy-lajos-4","status":"publish","type":"product","link":"https:\/\/uj.adatbank.ro\/lexikon\/termek\/nagy-lajos-4\/","title":{"rendered":"NAGY Lajos"},"content":{"rendered":"<p>Perbete, 1867. jan. 20., \u2020 ?: tan\u00edt\u00f3, k\u00f6lt\u0151. \u2013 Tanult Pozsonyban, P\u00e1p\u00e1n. T\u00f6bb \u00e9vig seg\u00e9dtan\u00edt\u00f3 a kom\u00e1romi ref. egyh\u00e1z ter\u00fclet\u00e9n. Magyarr\u00e9genbe helyezt\u00e9k (1896\u2013). Cikkei, \u00edr\u00e1sai, k\u00f6ltem\u00e9nyei: a Kom\u00e1romi K\u00f6zl\u00f6ny, \u00c9rsek\u00fajv\u00e1r, Budapest, mv.-i Sz\u00e9kely Lapok (1897-bels\u0151 munkat\u00e1rsa), Sz\u00e9kely Tan\u00fcgy, Ref. Tan\u00edt\u00f3k Lapja, Sz\u00e9kelys\u00e9g, N\u00e9ptan\u00edt\u00f3k Lapja, Tan\u00fcgy, Magyar Sz\u00f3, Sz\u00e9kelyudvarhely, Cs\u00edki Lapok, K\u00e9pes Csal\u00e1di Lapok-ban. Alap\u00edtotta \u00e9s szerkesztette a sz\u00e1szr\u00e9geni R\u00e9genvid\u00e9k (1899) c. hetilapot, felel\u0151s szerkeszt\u0151je a Marosv\u00f6lgynek (1902\u201303). \u2013 <strong>F. m.:<\/strong> M\u00falt id\u0151k (Mv., 1894), Versek (Mv., 1901); \u00dajabb k\u00f6ltem\u00e9nyek (Mv., 1902); <strong>t\u00e1rssz.:<\/strong> Str\u00f3f\u00e1k (Zilah, 1908). <br \/><strong>Irod.:<\/strong> B\u00edr\u00f3 Don\u00e1th; Guly\u00e1s; Szinnyei<\/br><\/p>\n","protected":false},"excerpt":{"rendered":"<p>Perbete, 1867. jan. 20., \u2020 ?: tan\u00edt\u00f3, k\u00f6lt\u0151. \u2013 Tanult Pozsonyban, P\u00e1p\u00e1n. T\u00f6bb \u00e9vig seg\u00e9dtan\u00edt\u00f3 a kom\u00e1romi ref. egyh\u00e1z ter\u00fclet\u00e9n. Magyarr\u00e9genbe helyezt\u00e9k (1896\u2013). Cikkei, \u00edr\u00e1sai, k\u00f6ltem\u00e9nyei: a Kom\u00e1romi K\u00f6zl\u00f6ny, \u00c9rsek\u00fajv\u00e1r, Budapest, mv.-i Sz\u00e9kely Lapok (1897-bels\u0151 munkat\u00e1rsa), Sz\u00e9kely Tan\u00fcgy, Ref. Tan\u00edt\u00f3k Lapja, Sz\u00e9kelys\u00e9g, N\u00e9ptan\u00edt\u00f3k Lapja, Tan\u00fcgy, Magyar Sz\u00f3, Sz\u00e9kelyudvarhely, Cs\u00edki Lapok, K\u00e9pes Csal\u00e1di Lapok-ban. Alap\u00edtotta \u00e9s [&hellip;]<\/p>\n","protected":false},"featured_media":0,"comment_status":"open","ping_status":"closed","template":"","meta":[],"product_brand":[],"product_cat":[137],"product_tag":[],"class_list":{"0":"post-16345","1":"product","2":"type-product","3":"status-publish","5":"product_cat-maros-megyei-eletrajzi-lexikon","7":"first","8":"instock","9":"shipping-taxable","10":"product-type-simple"},"_links":{"self":[{"href":"https:\/\/uj.adatbank.ro\/lexikon\/wp-json\/wp\/v2\/product\/16345","targetHints":{"allow":["GET"]}}],"collection":[{"href":"https:\/\/uj.adatbank.ro\/lexikon\/wp-json\/wp\/v2\/product"}],"about":[{"href":"https:\/\/uj.adatbank.ro\/lexikon\/wp-json\/wp\/v2\/types\/product"}],"replies":[{"embeddable":true,"href":"https:\/\/uj.adatbank.ro\/lexikon\/wp-json\/wp\/v2\/comments?post=16345"}],"wp:attachment":[{"href":"https:\/\/uj.adatbank.ro\/lexikon\/wp-json\/wp\/v2\/media?parent=16345"}],"wp:term":[{"taxonomy":"product_brand","embeddable":true,"href":"https:\/\/uj.adatbank.ro\/lexikon\/wp-json\/wp\/v2\/product_brand?post=16345"},{"taxonomy":"product_cat","embeddable":true,"href":"https:\/\/uj.adatbank.ro\/lexikon\/wp-json\/wp\/v2\/product_cat?post=16345"},{"taxonomy":"product_tag","embeddable":true,"href":"https:\/\/uj.adatbank.ro\/lexikon\/wp-json\/wp\/v2\/product_tag?post=16345"}],"curies":[{"name":"wp","href":"https:\/\/api.w.org\/{rel}","templated":true}]}}