{"id":16347,"date":"2025-07-15T16:13:36","date_gmt":"2025-07-15T14:13:36","guid":{"rendered":"https:\/\/uj.adatbank.ro\/lexikon\/termek\/nagy-lajos-6\/"},"modified":"2025-07-15T16:13:36","modified_gmt":"2025-07-15T14:13:36","slug":"nagy-lajos-6","status":"publish","type":"product","link":"https:\/\/uj.adatbank.ro\/lexikon\/termek\/nagy-lajos-6\/","title":{"rendered":"NAGY Lajos"},"content":{"rendered":"<p>Mez\u0151t\u00far, 1877., \u2020 ?: kalauz. \u2013 Iskol\u00e1i elv\u00e9gz\u00e9se ut\u00e1n a vas\u00fathoz ker\u00fclt (1907\u2013) Mv.-en \u00e9s 25 \u00e9vi kalauzi szolg\u00e1lat ut\u00e1n nyugalomba volnult (1938). <br \/><strong>Irod.:<\/strong> Sz\u00e9kelyf\u00f6ld \u00ed.k.<\/br><\/p>\n","protected":false},"excerpt":{"rendered":"<p>Mez\u0151t\u00far, 1877., \u2020 ?: kalauz. \u2013 Iskol\u00e1i elv\u00e9gz\u00e9se ut\u00e1n a vas\u00fathoz ker\u00fclt (1907\u2013) Mv.-en \u00e9s 25 \u00e9vi kalauzi szolg\u00e1lat ut\u00e1n nyugalomba volnult (1938). Irod.: Sz\u00e9kelyf\u00f6ld \u00ed.k.<\/p>\n","protected":false},"featured_media":0,"comment_status":"open","ping_status":"closed","template":"","meta":[],"product_brand":[],"product_cat":[137],"product_tag":[],"class_list":{"0":"post-16347","1":"product","2":"type-product","3":"status-publish","5":"product_cat-maros-megyei-eletrajzi-lexikon","7":"first","8":"instock","9":"shipping-taxable","10":"product-type-simple"},"_links":{"self":[{"href":"https:\/\/uj.adatbank.ro\/lexikon\/wp-json\/wp\/v2\/product\/16347","targetHints":{"allow":["GET"]}}],"collection":[{"href":"https:\/\/uj.adatbank.ro\/lexikon\/wp-json\/wp\/v2\/product"}],"about":[{"href":"https:\/\/uj.adatbank.ro\/lexikon\/wp-json\/wp\/v2\/types\/product"}],"replies":[{"embeddable":true,"href":"https:\/\/uj.adatbank.ro\/lexikon\/wp-json\/wp\/v2\/comments?post=16347"}],"wp:attachment":[{"href":"https:\/\/uj.adatbank.ro\/lexikon\/wp-json\/wp\/v2\/media?parent=16347"}],"wp:term":[{"taxonomy":"product_brand","embeddable":true,"href":"https:\/\/uj.adatbank.ro\/lexikon\/wp-json\/wp\/v2\/product_brand?post=16347"},{"taxonomy":"product_cat","embeddable":true,"href":"https:\/\/uj.adatbank.ro\/lexikon\/wp-json\/wp\/v2\/product_cat?post=16347"},{"taxonomy":"product_tag","embeddable":true,"href":"https:\/\/uj.adatbank.ro\/lexikon\/wp-json\/wp\/v2\/product_tag?post=16347"}],"curies":[{"name":"wp","href":"https:\/\/api.w.org\/{rel}","templated":true}]}}