{"id":16349,"date":"2025-07-15T16:13:44","date_gmt":"2025-07-15T14:13:44","guid":{"rendered":"https:\/\/uj.adatbank.ro\/lexikon\/termek\/nagy-lajos-8\/"},"modified":"2025-07-15T16:13:44","modified_gmt":"2025-07-15T14:13:44","slug":"nagy-lajos-8","status":"publish","type":"product","link":"https:\/\/uj.adatbank.ro\/lexikon\/termek\/nagy-lajos-8\/","title":{"rendered":"NAGY Lajos"},"content":{"rendered":"<p>? \u2020 ?: gazd\u00e1sz, gazdas\u00e1gi egyleti igazgat\u00f3-v\u00e1lasztm\u00e1nyi tag. \u2013 Cikkei a K\u00f6ztelekben jelentek meg. \u2013 <strong>F. m.:<\/strong> \u00datmutat\u00e1s az okszer\u0171 \u00e9s gazdas\u00e1gos takarm\u00e1nyoz\u00e1shoz (Mv., 1904). <br \/><strong>Irod.:<\/strong> F\u00fcl\u00f6p\u2013Ferencz, Guly\u00e1s<\/br><\/p>\n","protected":false},"excerpt":{"rendered":"<p>? \u2020 ?: gazd\u00e1sz, gazdas\u00e1gi egyleti igazgat\u00f3-v\u00e1lasztm\u00e1nyi tag. \u2013 Cikkei a K\u00f6ztelekben jelentek meg. \u2013 F. m.: \u00datmutat\u00e1s az okszer\u0171 \u00e9s gazdas\u00e1gos takarm\u00e1nyoz\u00e1shoz (Mv., 1904). Irod.: F\u00fcl\u00f6p\u2013Ferencz, Guly\u00e1s<\/p>\n","protected":false},"featured_media":0,"comment_status":"open","ping_status":"closed","template":"","meta":[],"product_brand":[],"product_cat":[137],"product_tag":[],"class_list":{"0":"post-16349","1":"product","2":"type-product","3":"status-publish","5":"product_cat-maros-megyei-eletrajzi-lexikon","7":"first","8":"instock","9":"shipping-taxable","10":"product-type-simple"},"_links":{"self":[{"href":"https:\/\/uj.adatbank.ro\/lexikon\/wp-json\/wp\/v2\/product\/16349","targetHints":{"allow":["GET"]}}],"collection":[{"href":"https:\/\/uj.adatbank.ro\/lexikon\/wp-json\/wp\/v2\/product"}],"about":[{"href":"https:\/\/uj.adatbank.ro\/lexikon\/wp-json\/wp\/v2\/types\/product"}],"replies":[{"embeddable":true,"href":"https:\/\/uj.adatbank.ro\/lexikon\/wp-json\/wp\/v2\/comments?post=16349"}],"wp:attachment":[{"href":"https:\/\/uj.adatbank.ro\/lexikon\/wp-json\/wp\/v2\/media?parent=16349"}],"wp:term":[{"taxonomy":"product_brand","embeddable":true,"href":"https:\/\/uj.adatbank.ro\/lexikon\/wp-json\/wp\/v2\/product_brand?post=16349"},{"taxonomy":"product_cat","embeddable":true,"href":"https:\/\/uj.adatbank.ro\/lexikon\/wp-json\/wp\/v2\/product_cat?post=16349"},{"taxonomy":"product_tag","embeddable":true,"href":"https:\/\/uj.adatbank.ro\/lexikon\/wp-json\/wp\/v2\/product_tag?post=16349"}],"curies":[{"name":"wp","href":"https:\/\/api.w.org\/{rel}","templated":true}]}}