{"id":1635,"date":"2025-06-28T11:48:22","date_gmt":"2025-06-28T09:48:22","guid":{"rendered":"https:\/\/uj.adatbank.ro\/lexikon\/termek\/ady-jozsef-2\/"},"modified":"2025-06-28T11:48:22","modified_gmt":"2025-06-28T09:48:22","slug":"ady-jozsef-2","status":"publish","type":"product","link":"https:\/\/uj.adatbank.ro\/lexikon\/termek\/ady-jozsef-2\/","title":{"rendered":"ADY J\u00f3zsef"},"content":{"rendered":"<p>Nagyernye, 1912, \u2020Mv., 1999. dec.14.: ref. lelk\u00e9sz. \u2013 A mv.-i Ref.Koll.-ban \u00e9retts\u00e9gizett, Kv.-on v\u00e9gezte a teol\u00f3gi\u00e1t. Seg\u00e9dlelk\u00e9sz Radnoton (1939\u2013), majd Mv.-en (1940\u2013). A mv.-.i Koll.-ban volt vall\u00e1stan\u00e1r. Jedden v\u00e1lasztott\u00e1k meg lelk\u00e9sznek, de szolg\u00e1lta a Kebele, Szentiv\u00e1ny \u00e9s Ag\u00e1rd hiveit is nyugd\u00edjaz\u00e1s\u00e1ig. <br \/><strong>Irod.:<\/strong> Cs\u00e1ky; MMK; [Nekrol\u00f3g] (N\u00fa., 1999. dec. 15.); \u00d6tv\u00f6s<\/br><\/p>\n","protected":false},"excerpt":{"rendered":"<p>Nagyernye, 1912, \u2020Mv., 1999. dec.14.: ref. lelk\u00e9sz. \u2013 A mv.-i Ref.Koll.-ban \u00e9retts\u00e9gizett, Kv.-on v\u00e9gezte a teol\u00f3gi\u00e1t. Seg\u00e9dlelk\u00e9sz Radnoton (1939\u2013), majd Mv.-en (1940\u2013). A mv.-.i Koll.-ban volt vall\u00e1stan\u00e1r. Jedden v\u00e1lasztott\u00e1k meg lelk\u00e9sznek, de szolg\u00e1lta a Kebele, Szentiv\u00e1ny \u00e9s Ag\u00e1rd hiveit is nyugd\u00edjaz\u00e1s\u00e1ig. Irod.: Cs\u00e1ky; MMK; [Nekrol\u00f3g] (N\u00fa., 1999. dec. 15.); \u00d6tv\u00f6s<\/p>\n","protected":false},"featured_media":0,"comment_status":"open","ping_status":"closed","template":"","meta":[],"product_brand":[],"product_cat":[137],"product_tag":[],"class_list":{"0":"post-1635","1":"product","2":"type-product","3":"status-publish","5":"product_cat-maros-megyei-eletrajzi-lexikon","7":"first","8":"instock","9":"shipping-taxable","10":"product-type-simple"},"_links":{"self":[{"href":"https:\/\/uj.adatbank.ro\/lexikon\/wp-json\/wp\/v2\/product\/1635","targetHints":{"allow":["GET"]}}],"collection":[{"href":"https:\/\/uj.adatbank.ro\/lexikon\/wp-json\/wp\/v2\/product"}],"about":[{"href":"https:\/\/uj.adatbank.ro\/lexikon\/wp-json\/wp\/v2\/types\/product"}],"replies":[{"embeddable":true,"href":"https:\/\/uj.adatbank.ro\/lexikon\/wp-json\/wp\/v2\/comments?post=1635"}],"wp:attachment":[{"href":"https:\/\/uj.adatbank.ro\/lexikon\/wp-json\/wp\/v2\/media?parent=1635"}],"wp:term":[{"taxonomy":"product_brand","embeddable":true,"href":"https:\/\/uj.adatbank.ro\/lexikon\/wp-json\/wp\/v2\/product_brand?post=1635"},{"taxonomy":"product_cat","embeddable":true,"href":"https:\/\/uj.adatbank.ro\/lexikon\/wp-json\/wp\/v2\/product_cat?post=1635"},{"taxonomy":"product_tag","embeddable":true,"href":"https:\/\/uj.adatbank.ro\/lexikon\/wp-json\/wp\/v2\/product_tag?post=1635"}],"curies":[{"name":"wp","href":"https:\/\/api.w.org\/{rel}","templated":true}]}}