{"id":16350,"date":"2025-07-15T16:13:46","date_gmt":"2025-07-15T14:13:46","guid":{"rendered":"https:\/\/uj.adatbank.ro\/lexikon\/termek\/nagy-lajos-9\/"},"modified":"2025-07-15T16:13:46","modified_gmt":"2025-07-15T14:13:46","slug":"nagy-lajos-9","status":"publish","type":"product","link":"https:\/\/uj.adatbank.ro\/lexikon\/termek\/nagy-lajos-9\/","title":{"rendered":"NAGY Lajos"},"content":{"rendered":"<p>? \u2020 ?: tan\u00edt\u00f3. \u2013 Szentm\u00e1rtoni B\u00e1lint, P. b\u00fazah\u00e1zi tan\u00edt\u00f3val k\u00f6z\u00f6sen kis k\u00f6nyvet \u00edrt B\u00fazah\u00e1za t\u00f6rt\u00e9net\u00e9r\u0151l (1897) a helybeli Dilemont Gyula fanyomd\u00e1j\u00e1ban jelent meg (1902). \u2013 <strong>F. m.:<\/strong> <strong>t\u00e1rssz.:<\/strong> Szentm\u00e1rtoni B\u00e1linttal: B\u00fazah\u00e1za kisk\u00f6zs\u00e9g a legr\u00e9gibb id\u0151kt\u0151l m\u00e1ig (B\u00fazah\u00e1za, 1902). <br \/><strong>Irod.:<\/strong> Cs\u00edkfalva; Sepsisz\u00e9ki<\/br><\/p>\n","protected":false},"excerpt":{"rendered":"<p>? \u2020 ?: tan\u00edt\u00f3. \u2013 Szentm\u00e1rtoni B\u00e1lint, P. b\u00fazah\u00e1zi tan\u00edt\u00f3val k\u00f6z\u00f6sen kis k\u00f6nyvet \u00edrt B\u00fazah\u00e1za t\u00f6rt\u00e9net\u00e9r\u0151l (1897) a helybeli Dilemont Gyula fanyomd\u00e1j\u00e1ban jelent meg (1902). \u2013 F. m.: t\u00e1rssz.: Szentm\u00e1rtoni B\u00e1linttal: B\u00fazah\u00e1za kisk\u00f6zs\u00e9g a legr\u00e9gibb id\u0151kt\u0151l m\u00e1ig (B\u00fazah\u00e1za, 1902). Irod.: Cs\u00edkfalva; Sepsisz\u00e9ki<\/p>\n","protected":false},"featured_media":0,"comment_status":"open","ping_status":"closed","template":"","meta":[],"product_brand":[],"product_cat":[137],"product_tag":[],"class_list":{"0":"post-16350","1":"product","2":"type-product","3":"status-publish","5":"product_cat-maros-megyei-eletrajzi-lexikon","7":"first","8":"instock","9":"shipping-taxable","10":"product-type-simple"},"_links":{"self":[{"href":"https:\/\/uj.adatbank.ro\/lexikon\/wp-json\/wp\/v2\/product\/16350","targetHints":{"allow":["GET"]}}],"collection":[{"href":"https:\/\/uj.adatbank.ro\/lexikon\/wp-json\/wp\/v2\/product"}],"about":[{"href":"https:\/\/uj.adatbank.ro\/lexikon\/wp-json\/wp\/v2\/types\/product"}],"replies":[{"embeddable":true,"href":"https:\/\/uj.adatbank.ro\/lexikon\/wp-json\/wp\/v2\/comments?post=16350"}],"wp:attachment":[{"href":"https:\/\/uj.adatbank.ro\/lexikon\/wp-json\/wp\/v2\/media?parent=16350"}],"wp:term":[{"taxonomy":"product_brand","embeddable":true,"href":"https:\/\/uj.adatbank.ro\/lexikon\/wp-json\/wp\/v2\/product_brand?post=16350"},{"taxonomy":"product_cat","embeddable":true,"href":"https:\/\/uj.adatbank.ro\/lexikon\/wp-json\/wp\/v2\/product_cat?post=16350"},{"taxonomy":"product_tag","embeddable":true,"href":"https:\/\/uj.adatbank.ro\/lexikon\/wp-json\/wp\/v2\/product_tag?post=16350"}],"curies":[{"name":"wp","href":"https:\/\/api.w.org\/{rel}","templated":true}]}}