{"id":16351,"date":"2025-07-15T16:13:48","date_gmt":"2025-07-15T14:13:48","guid":{"rendered":"https:\/\/uj.adatbank.ro\/lexikon\/termek\/nagy-lajos-10\/"},"modified":"2025-07-15T16:13:48","modified_gmt":"2025-07-15T14:13:48","slug":"nagy-lajos-10","status":"publish","type":"product","link":"https:\/\/uj.adatbank.ro\/lexikon\/termek\/nagy-lajos-10\/","title":{"rendered":"NAGY Lajos"},"content":{"rendered":"<p>? \u2020 ?: h\u00edrlap\u00edr\u00f3 \u00e9s szerkeszt\u0151. \u2013 N\u00e9pies k\u00f6ltem\u00e9nyeket \u00edrt a Magyar Figar\u00f3ban Bekecsalji \u00e1ln\u00e9ven. Szerkesztette a Havasalja c. hetilapot (1886\u20131887) Sz\u00e1szr\u00e9genben, \u00f6sszesen 8 sz\u00e1m\u00e1t. <br \/><strong>Irod.:<\/strong> Szinnyei<\/br><\/p>\n","protected":false},"excerpt":{"rendered":"<p>? \u2020 ?: h\u00edrlap\u00edr\u00f3 \u00e9s szerkeszt\u0151. \u2013 N\u00e9pies k\u00f6ltem\u00e9nyeket \u00edrt a Magyar Figar\u00f3ban Bekecsalji \u00e1ln\u00e9ven. Szerkesztette a Havasalja c. hetilapot (1886\u20131887) Sz\u00e1szr\u00e9genben, \u00f6sszesen 8 sz\u00e1m\u00e1t. Irod.: Szinnyei<\/p>\n","protected":false},"featured_media":0,"comment_status":"open","ping_status":"closed","template":"","meta":[],"product_brand":[],"product_cat":[137],"product_tag":[],"class_list":{"0":"post-16351","1":"product","2":"type-product","3":"status-publish","5":"product_cat-maros-megyei-eletrajzi-lexikon","7":"first","8":"instock","9":"shipping-taxable","10":"product-type-simple"},"_links":{"self":[{"href":"https:\/\/uj.adatbank.ro\/lexikon\/wp-json\/wp\/v2\/product\/16351","targetHints":{"allow":["GET"]}}],"collection":[{"href":"https:\/\/uj.adatbank.ro\/lexikon\/wp-json\/wp\/v2\/product"}],"about":[{"href":"https:\/\/uj.adatbank.ro\/lexikon\/wp-json\/wp\/v2\/types\/product"}],"replies":[{"embeddable":true,"href":"https:\/\/uj.adatbank.ro\/lexikon\/wp-json\/wp\/v2\/comments?post=16351"}],"wp:attachment":[{"href":"https:\/\/uj.adatbank.ro\/lexikon\/wp-json\/wp\/v2\/media?parent=16351"}],"wp:term":[{"taxonomy":"product_brand","embeddable":true,"href":"https:\/\/uj.adatbank.ro\/lexikon\/wp-json\/wp\/v2\/product_brand?post=16351"},{"taxonomy":"product_cat","embeddable":true,"href":"https:\/\/uj.adatbank.ro\/lexikon\/wp-json\/wp\/v2\/product_cat?post=16351"},{"taxonomy":"product_tag","embeddable":true,"href":"https:\/\/uj.adatbank.ro\/lexikon\/wp-json\/wp\/v2\/product_tag?post=16351"}],"curies":[{"name":"wp","href":"https:\/\/api.w.org\/{rel}","templated":true}]}}